{"id":7471,"date":"2015-12-15T07:37:33","date_gmt":"2015-12-15T07:37:33","guid":{"rendered":"http:\/\/demo-import.loc\/?page_id=9"},"modified":"2025-09-22T11:55:34","modified_gmt":"2025-09-22T07:55:34","slug":"memo","status":"publish","type":"page","link":"https:\/\/bakushipyard.com\/az\/memo\/","title":{"rendered":"M\u00fcraci\u0259t v\u0259 T\u0259klifl\u0259r"},"content":{"rendered":"<div data-elementor-type=\"wp-page\" data-elementor-id=\"7471\" class=\"elementor elementor-7471\" data-elementor-post-type=\"page\">\n\t\t\t\t\t\t<section data-particle_enable=\"false\" data-particle-mobile-disabled=\"false\" class=\"elementor-section elementor-top-section elementor-element elementor-element-d15dbc4 elementor-section-boxed elementor-section-height-default elementor-section-height-default\" data-id=\"d15dbc4\" data-element_type=\"section\" data-settings=\"{&quot;background_background&quot;:&quot;classic&quot;,&quot;ekit_has_onepagescroll_dot&quot;:&quot;yes&quot;}\">\n\t\t\t\t\t\t<div class=\"elementor-container elementor-column-gap-default\">\n\t\t\t\t\t<div class=\"elementor-column elementor-col-100 elementor-top-column elementor-element elementor-element-bac4385\" data-id=\"bac4385\" data-element_type=\"column\">\n\t\t\t<div class=\"elementor-widget-wrap elementor-element-populated\">\n\t\t\t\t\t\t<div class=\"elementor-element elementor-element-d7885e5 elementor-widget elementor-widget-html\" data-id=\"d7885e5\" data-element_type=\"widget\" data-settings=\"{&quot;ekit_we_effect_on&quot;:&quot;none&quot;}\" data-widget_type=\"html.default\">\n\t\t\t\t<div class=\"elementor-widget-container\">\n\t\t\t\t\t<div class=\"frm_forms  with_frm_style frm_style_formidable-style\" id=\"frm_form_21_container\" >\n<form enctype=\"multipart\/form-data\" method=\"post\" class=\"frm-show-form  frm_pro_form\" id=\"form_suggestion\" action=\"\"  >\n<div class=\"frm_form_fields\">\n<fieldset>\n<legend class=\"frm_screen_reader\">suggestion<\/legend>\r\n\r\n<div class=\"frm_fields_container\">\n<input type=\"hidden\" name=\"frm_action\" value=\"create\" \/>\n<input type=\"hidden\" name=\"form_id\" value=\"21\" \/>\n<input type=\"hidden\" name=\"frm_hide_fields_21\" id=\"frm_hide_fields_21\" value=\"\" \/>\n<input type=\"hidden\" name=\"form_key\" value=\"suggestion\" \/>\n<input type=\"hidden\" name=\"item_meta[0]\" value=\"\" \/>\n<input type=\"hidden\" id=\"frm_submit_entry_21\" name=\"frm_submit_entry_21\" value=\"e2d0f6a927\" \/><input type=\"hidden\" name=\"_wp_http_referer\" value=\"\/az\/wp-json\/wp\/v2\/pages\/7471\" \/><div id=\"frm_field_136_container\" class=\"frm_form_field form-field  frm_top_container\">\r\n    <label for=\"field_y6dqr\" id=\"field_y6dqr_label\" class=\"frm_primary_label\">Tabel \u2116\r\n        <span class=\"frm_required\"><\/span>\r\n    <\/label>\r\n    <input type=\"number\" id=\"field_y6dqr\" name=\"item_meta[136]\" value=\"\"  data-invmsg=\"5 r\u0259q\u0259mli qaydada daxil edilm\u0259lidir\" aria-invalid=\"false\"   aria-describedby=\"frm_desc_field_y6dqr\" min=\"00100\" max=\"06999\" step=\"any\"\/>\r\n    <div class=\"frm_description\" id=\"frm_desc_field_y6dqr\">5 r\u0259q\u0259mli qaydada daxil edilm\u0259lidir. M\u0259s. 00999, 02222<\/div>\r\n    \r\n<\/div>\n<div id=\"frm_field_137_container\" class=\"frm_form_field form-field  frm_top_container\">\r\n    <label for=\"field_nk4jt\" id=\"field_nk4jt_label\" class=\"frm_primary_label\">Soyad v\u0259 Ad\r\n        <span class=\"frm_required\"><\/span>\r\n    <\/label>\r\n    <input type=\"text\" id=\"field_nk4jt\" name=\"item_meta[137]\" value=\"\"  data-invmsg=\"Text is invalid\" aria-invalid=\"false\"  \/>\r\n    \r\n    \r\n<\/div>\n<div id=\"frm_field_138_container\" class=\"frm_form_field form-field  frm_top_container frm_other_container\">\r\n    <label for=\"field_457ew\" id=\"field_457ew_label\" class=\"frm_primary_label\">\u015e\u00f6b\u0259\r\n        <span class=\"frm_required\" aria-hidden=\"true\"><\/span>\r\n    <\/label>\r\n    \t\t<select name=\"item_meta[138]\" id=\"field_457ew\"  data-invmsg=\"\u015e\u00f6b\u0259 is invalid\" aria-invalid=\"false\"  >\n\t\t\t\t<option  value=\".\">\n\t\t\t.\t\t<\/option>\n\t\t\t\t<option  value=\"Boya v\u0259 Astarlama\">\n\t\t\tBoya v\u0259 Astarlama\t\t<\/option>\n\t\t\t\t<option  value=\"Anbar\">\n\t\t\tAnbar\t\t<\/option>\n\t\t\t\t<option  value=\"Boru\">\n\t\t\tBoru\t\t<\/option>\n\t\t\t\t<option  value=\"Elektrik\">\n\t\t\tElektrik\t\t<\/option>\n\t\t\t\t<option  value=\"G\u0259mi g\u00f6vd\u0259si\">\n\t\t\tG\u0259mi g\u00f6vd\u0259si\t\t<\/option>\n\t\t\t\t<option  value=\"G\u0259mi \u0130nteryeri v\u0259 Havaland\u0131rma\">\n\t\t\tG\u0259mi \u0130nteryeri v\u0259 Havaland\u0131rma\t\t<\/option>\n\t\t\t\t<option  value=\"H\u00fcquq\">\n\t\t\tH\u00fcquq\t\t<\/option>\n\t\t\t\t<option  value=\"\u0130nformasiya Texnologiyalar\u0131\">\n\t\t\t\u0130nformasiya Texnologiyalar\u0131\t\t<\/option>\n\t\t\t\t<option  value=\"\u0130nsan Resurslar\u0131 v\u0259 \u0130nzibati \u0130\u015fl\u0259r\">\n\t\t\t\u0130nsan Resurslar\u0131 v\u0259 \u0130nzibati \u0130\u015fl\u0259r\t\t<\/option>\n\t\t\t\t<option  value=\"\u0130stehsalat\">\n\t\t\t\u0130stehsalat\t\t<\/option>\n\t\t\t\t<option  value=\"\u0130stismar v\u0259 Texniki Xidm\u0259t\">\n\t\t\t\u0130stismar v\u0259 Texniki Xidm\u0259t\t\t<\/option>\n\t\t\t\t<option  value=\"Kommersiya v\u0259 Marketinq\">\n\t\t\tKommersiya v\u0259 Marketinq\t\t<\/option>\n\t\t\t\t<option  value=\"KT \/ KN\">\n\t\t\tKT \/ KN\t\t<\/option>\n\t\t\t\t<option  value=\"Layih\u0259 \u0130dar\u0259etm\u0259\">\n\t\t\tLayih\u0259 \u0130dar\u0259etm\u0259\t\t<\/option>\n\t\t\t\t<option  value=\"Maliyy\u0259\">\n\t\t\tMaliyy\u0259\t\t<\/option>\n\t\t\t\t<option  value=\"Mexanika\">\n\t\t\tMexanika\t\t<\/option>\n\t\t\t\t<option  value=\"M\u00fch\u0259ndislik\">\n\t\t\tM\u00fch\u0259ndislik\t\t<\/option>\n\t\t\t\t<option  value=\"N\u0259qliyyat\">\n\t\t\tN\u0259qliyyat\t\t<\/option>\n\t\t\t\t<option  value=\"N\u0259zar\u0259t\">\n\t\t\tN\u0259zar\u0259t\t\t<\/option>\n\t\t\t\t<option  value=\"R\u0259hb\u0259rlik\">\n\t\t\tR\u0259hb\u0259rlik\t\t<\/option>\n\t\t\t\t<option  value=\"S\u018fT\u018fM\">\n\t\t\tS\u018fT\u018fM\t\t<\/option>\n\t\t\t\t<option  value=\"Taxtab\u0259nd\">\n\t\t\tTaxtab\u0259nd\t\t<\/option>\n\t\t\t\t<option  value=\"Takelaj\">\n\t\t\tTakelaj\t\t<\/option>\n\t\t\t\t<option  value=\"T\u0259chizat z\u0259ncirinin idar\u0259 olunmas\u0131\">\n\t\t\tT\u0259chizat z\u0259ncirinin idar\u0259 olunmas\u0131\t\t<\/option>\n\t\t\t\t<option  value=\"T\u0259rsan\u0259\">\n\t\t\tT\u0259rsan\u0259\t\t<\/option>\n\t\t\t\t<option  value=\"T\u0259s\u0259rr\u00fcfat\">\n\t\t\tT\u0259s\u0259rr\u00fcfat\t\t<\/option>\n\t\t\t\t<option  value=\"Tibb\">\n\t\t\tTibb\t\t<\/option>\n\t\t\t<\/select>\n\t\r\n    \r\n    \r\n<\/div>\n<div id=\"frm_field_139_container\" class=\"frm_form_field form-field  frm_required_field frm_top_container\">\r\n    <label for=\"field_6hcur\" id=\"field_6hcur_label\" class=\"frm_primary_label\">M\u00fcraci\u0259tin m\u0259tni\r\n        <span class=\"frm_required\" aria-hidden=\"true\">*<\/span>\r\n    <\/label>\r\n    <textarea name=\"item_meta[139]\" id=\"field_6hcur\" rows=\"8\"  data-reqmsg=\"BU XANA M\u00dcTL\u018fQ QEYD ED\u0130LM\u018fL\u0130D\u0130R\" aria-required=\"true\" data-invmsg=\"M\u00fcraci\u0259tin m\u0259tni is invalid\" aria-invalid=\"false\"  ><\/textarea>\r\n    \r\n    \r\n<\/div>\n<div id=\"frm_field_140_container\" class=\"frm_form_field form-field  frm_top_container\">\r\n    <label for=\"field_kda6\" id=\"field_kda6_label\" class=\"frm_primary_label\">Qo\u015fma fayl\u0131n\u0131z\r\n        <span class=\"frm_required\" aria-hidden=\"true\"><\/span>\r\n    <\/label>\r\n    <input type=\"hidden\" name=\"item_meta[140]\"  value=\"\" data-frmfile=\"140\" \/>\n\n<div class=\"frm_dropzone frm_single_upload frm_clearfix\" id=\"file140_dropzone\" role=\"group\" >\n\t<div class=\"fallback\">\n\t\t<input type=\"file\" name=\"file140\" id=\"field_kda6\"\n\t\t\t data-invmsg=\"File format\u0131 yaln\u0131\u015fd\u0131\" class=\"auto_width\" aria-invalid=\"false\"  \t\t\t\/>\n\t\t\t\t<div class=\"frm_clearfix\"><\/div>\n\t<\/div>\n\t<div class=\"dz-message needsclick\">\n\t\t<span class=\"frm_icon_font frm_upload_icon\"><\/span>\n\t\t<span class=\"frm_upload_text\"><button type=\"button\">Qo\u015fma fayl\u0131n\u0131z varsa \u0259lav\u0259 edin<\/button><\/span>\n\t\t<span class=\"frm_compact_text\"><button type=\"button\">Fayl\u0131 se\u00e7in<\/button><\/span>\n\t\t<div class=\"frm_small_text\">\n\t\t\tMaximum upload size: 10MB\t\t<\/div>\n\t<\/div>\n<\/div>\n\r\n    \r\n    \r\n<\/div>\n<div id=\"frm_field_325_container\" class=\"frm_form_field form-field  frm_none_container\">\r\n    <label for=\"g-recaptcha-response\" id=\"field_l0glm_label\" class=\"frm_primary_label\">reCAPTCHA\r\n        <span class=\"frm_required\" aria-hidden=\"true\"><\/span>\r\n    <\/label>\r\n    <div id=\"field_l0glm\" class=\"frm-g-recaptcha\" data-sitekey=\"6LfUt7YdAAAAAHlwxuRq5V2jdMXX1o0T4dIs7xnJ\" data-size=\"normal\" data-theme=\"light\"><\/div>\r\n    \r\n    \r\n<\/div>\n\t<input type=\"hidden\" name=\"item_key\" value=\"\" \/>\n\t\t\t\t<div class=\"frm_verify\" aria-hidden=\"true\">\n\t\t\t\t<label for=\"frm_email_21\">\n\t\t\t\t\tIf you are human, leave this field blank.\t\t\t\t<\/label>\n\t\t\t\t<input type=\"text\" class=\"frm_verify\" id=\"frm_email_21\" name=\"frm_verify\" value=\"\"  \/>\n\t\t\t<\/div>\n\t\t<input name=\"frm_state\" type=\"hidden\" value=\"8d+G1bdhlTULWwtC7XGMBUp\/PECYKWJkUqdd1MA\/EeY=\" \/><div class=\"frm_submit\">\r\n\r\n<button class=\"frm_button_submit frm_final_submit\" type=\"submit\"  >Tamamla<\/button>\r\n\r\n<\/div><\/div>\n<\/fieldset>\n<\/div>\n<input type=\"hidden\" name=\"trp-form-language\" value=\"az\"\/><\/form>\n<\/div>\n\t\t\t\t<\/div>\n\t\t\t\t<\/div>\n\t\t\t\t\t<\/div>\n\t\t<\/div>\n\t\t\t\t\t<\/div>\n\t\t<\/section>\n\t\t\t\t<\/div>","protected":false},"excerpt":{"rendered":"","protected":false},"author":1,"featured_media":0,"parent":0,"menu_order":0,"comment_status":"closed","ping_status":"closed","template":"","meta":{"footnotes":""},"class_list":["post-7471","page","type-page","status-publish","hentry"],"yoast_head":"<!-- This site is optimized with the Yoast SEO Premium plugin v26.7 (Yoast SEO v26.8) - https:\/\/yoast.com\/product\/yoast-seo-premium-wordpress\/ -->\n<title>M\u00fcraci\u0259t v\u0259 T\u0259klifl\u0259r - Baku Shipyard LLC<\/title>\n<meta name=\"description\" content=\"Learn more about Baku Shipyard LLC\" \/>\n<meta name=\"robots\" content=\"index, follow, max-snippet:-1, max-image-preview:large, max-video-preview:-1\" \/>\n<link rel=\"canonical\" href=\"https:\/\/bakushipyard.com\/az\/memo\/\" \/>\n<meta property=\"og:locale\" content=\"az_AZ\" \/>\n<meta property=\"og:type\" content=\"article\" \/>\n<meta property=\"og:title\" content=\"M\u00fcraci\u0259t v\u0259 T\u0259klifl\u0259r\" \/>\n<meta property=\"og:description\" content=\"Learn more about Baku Shipyard LLC\" \/>\n<meta property=\"og:url\" content=\"https:\/\/bakushipyard.com\/az\/memo\/\" \/>\n<meta property=\"og:site_name\" content=\"Baku Shipyard LLC\" \/>\n<meta property=\"article:publisher\" content=\"https:\/\/www.facebook.com\/bakushipyard\" \/>\n<meta property=\"article:modified_time\" content=\"2025-09-22T07:55:34+00:00\" \/>\n<meta property=\"og:image\" content=\"https:\/\/bakushipyard.com\/wp-content\/uploads\/2023\/01\/2121.jpg\" \/>\n\t<meta property=\"og:image:width\" content=\"1340\" \/>\n\t<meta property=\"og:image:height\" content=\"581\" \/>\n\t<meta property=\"og:image:type\" content=\"image\/jpeg\" \/>\n<meta name=\"twitter:card\" content=\"summary_large_image\" \/>\n<meta name=\"twitter:label1\" content=\"Est. reading time\" \/>\n\t<meta name=\"twitter:data1\" content=\"1 minute\" \/>\n<script type=\"application\/ld+json\" class=\"yoast-schema-graph\">{\"@context\":\"https:\/\/schema.org\",\"@graph\":[{\"@type\":\"WebPage\",\"@id\":\"https:\/\/bakushipyard.com\/memo\/\",\"url\":\"https:\/\/bakushipyard.com\/memo\/\",\"name\":\"M\u00fcraci\u0259t v\u0259 T\u0259klifl\u0259r - Baku Shipyard LLC\",\"isPartOf\":{\"@id\":\"https:\/\/bakushipyard.com\/#website\"},\"datePublished\":\"2015-12-15T07:37:33+00:00\",\"dateModified\":\"2025-09-22T07:55:34+00:00\",\"description\":\"Learn more about Baku Shipyard LLC\",\"breadcrumb\":{\"@id\":\"https:\/\/bakushipyard.com\/memo\/#breadcrumb\"},\"inLanguage\":\"az\",\"potentialAction\":[{\"@type\":\"ReadAction\",\"target\":[\"https:\/\/bakushipyard.com\/memo\/\"]}]},{\"@type\":\"BreadcrumbList\",\"@id\":\"https:\/\/bakushipyard.com\/memo\/#breadcrumb\",\"itemListElement\":[{\"@type\":\"ListItem\",\"position\":1,\"name\":\"Home\",\"item\":\"https:\/\/bakushipyard.com\/\"},{\"@type\":\"ListItem\",\"position\":2,\"name\":\"M\u00fcraci\u0259t v\u0259 T\u0259klifl\u0259r\"}]},{\"@type\":\"WebSite\",\"@id\":\"https:\/\/bakushipyard.com\/#website\",\"url\":\"https:\/\/bakushipyard.com\/\",\"name\":\"Baku Shipyard LLC\",\"description\":\"Shipbuilding | Ship Repair | Engineering\",\"publisher\":{\"@id\":\"https:\/\/bakushipyard.com\/#organization\"},\"alternateName\":\"G\u0259miqay\u0131rma Zavodu\",\"potentialAction\":[{\"@type\":\"SearchAction\",\"target\":{\"@type\":\"EntryPoint\",\"urlTemplate\":\"https:\/\/bakushipyard.com\/?s={search_term_string}\"},\"query-input\":{\"@type\":\"PropertyValueSpecification\",\"valueRequired\":true,\"valueName\":\"search_term_string\"}}],\"inLanguage\":\"az\"},{\"@type\":\"Organization\",\"@id\":\"https:\/\/bakushipyard.com\/#organization\",\"name\":\"Baku Shipyard LLC\",\"alternateName\":\"\u0411\u0430\u043a\u0438\u043d\u0441\u043a\u0438\u0439 \u0421\u0443\u0434\u043e\u0441\u0442\u0440\u043e\u0438\u0442\u0435\u043b\u044c\u043d\u044b\u0439 \u0417\u0430\u0432\u043e\u0434\",\"url\":\"https:\/\/bakushipyard.com\/\",\"logo\":{\"@type\":\"ImageObject\",\"inLanguage\":\"az\",\"@id\":\"https:\/\/bakushipyard.com\/#\/schema\/logo\/image\/\",\"url\":\"https:\/\/bakushipyard.com\/wp-content\/uploads\/2023\/02\/mid_Logotype.png\",\"contentUrl\":\"https:\/\/bakushipyard.com\/wp-content\/uploads\/2023\/02\/mid_Logotype.png\",\"width\":621,\"height\":351,\"caption\":\"Baku Shipyard LLC\"},\"image\":{\"@id\":\"https:\/\/bakushipyard.com\/#\/schema\/logo\/image\/\"},\"sameAs\":[\"https:\/\/www.facebook.com\/bakushipyard\",\"https:\/\/www.linkedin.com\/company\/2671307\"]}]}<\/script>\n<!-- \/ Yoast SEO Premium plugin. -->","yoast_head_json":{"title":"M\u00fcraci\u0259t v\u0259 T\u0259klifl\u0259r - Baku Shipyard LLC","description":"Learn more about Baku Shipyard LLC","robots":{"index":"index","follow":"follow","max-snippet":"max-snippet:-1","max-image-preview":"max-image-preview:large","max-video-preview":"max-video-preview:-1"},"canonical":"https:\/\/bakushipyard.com\/az\/memo\/","og_locale":"az_AZ","og_type":"article","og_title":"M\u00fcraci\u0259t v\u0259 T\u0259klifl\u0259r","og_description":"Learn more about Baku Shipyard LLC","og_url":"https:\/\/bakushipyard.com\/az\/memo\/","og_site_name":"Baku Shipyard LLC","article_publisher":"https:\/\/www.facebook.com\/bakushipyard","article_modified_time":"2025-09-22T07:55:34+00:00","og_image":[{"width":1340,"height":581,"url":"https:\/\/bakushipyard.com\/wp-content\/uploads\/2023\/01\/2121.jpg","type":"image\/jpeg"}],"twitter_card":"summary_large_image","twitter_misc":{"Est. reading time":"1 minute"},"schema":{"@context":"https:\/\/schema.org","@graph":[{"@type":"WebPage","@id":"https:\/\/bakushipyard.com\/memo\/","url":"https:\/\/bakushipyard.com\/memo\/","name":"M\u00fcraci\u0259t v\u0259 T\u0259klifl\u0259r - Baku Shipyard LLC","isPartOf":{"@id":"https:\/\/bakushipyard.com\/#website"},"datePublished":"2015-12-15T07:37:33+00:00","dateModified":"2025-09-22T07:55:34+00:00","description":"Learn more about Baku Shipyard LLC","breadcrumb":{"@id":"https:\/\/bakushipyard.com\/memo\/#breadcrumb"},"inLanguage":"az","potentialAction":[{"@type":"ReadAction","target":["https:\/\/bakushipyard.com\/memo\/"]}]},{"@type":"BreadcrumbList","@id":"https:\/\/bakushipyard.com\/memo\/#breadcrumb","itemListElement":[{"@type":"ListItem","position":1,"name":"Home","item":"https:\/\/bakushipyard.com\/"},{"@type":"ListItem","position":2,"name":"M\u00fcraci\u0259t v\u0259 T\u0259klifl\u0259r"}]},{"@type":"WebSite","@id":"https:\/\/bakushipyard.com\/#website","url":"https:\/\/bakushipyard.com\/","name":"Baku Shipyard LLC","description":"Shipbuilding | Ship Repair | Engineering","publisher":{"@id":"https:\/\/bakushipyard.com\/#organization"},"alternateName":"G\u0259miqay\u0131rma Zavodu","potentialAction":[{"@type":"SearchAction","target":{"@type":"EntryPoint","urlTemplate":"https:\/\/bakushipyard.com\/?s={search_term_string}"},"query-input":{"@type":"PropertyValueSpecification","valueRequired":true,"valueName":"search_term_string"}}],"inLanguage":"az"},{"@type":"Organization","@id":"https:\/\/bakushipyard.com\/#organization","name":"Baku Shipyard LLC","alternateName":"\u0411\u0430\u043a\u0438\u043d\u0441\u043a\u0438\u0439 \u0421\u0443\u0434\u043e\u0441\u0442\u0440\u043e\u0438\u0442\u0435\u043b\u044c\u043d\u044b\u0439 \u0417\u0430\u0432\u043e\u0434","url":"https:\/\/bakushipyard.com\/","logo":{"@type":"ImageObject","inLanguage":"az","@id":"https:\/\/bakushipyard.com\/#\/schema\/logo\/image\/","url":"https:\/\/bakushipyard.com\/wp-content\/uploads\/2023\/02\/mid_Logotype.png","contentUrl":"https:\/\/bakushipyard.com\/wp-content\/uploads\/2023\/02\/mid_Logotype.png","width":621,"height":351,"caption":"Baku Shipyard LLC"},"image":{"@id":"https:\/\/bakushipyard.com\/#\/schema\/logo\/image\/"},"sameAs":["https:\/\/www.facebook.com\/bakushipyard","https:\/\/www.linkedin.com\/company\/2671307"]}]}},"_links":{"self":[{"href":"https:\/\/bakushipyard.com\/az\/wp-json\/wp\/v2\/pages\/7471","targetHints":{"allow":["GET"]}}],"collection":[{"href":"https:\/\/bakushipyard.com\/az\/wp-json\/wp\/v2\/pages"}],"about":[{"href":"https:\/\/bakushipyard.com\/az\/wp-json\/wp\/v2\/types\/page"}],"author":[{"embeddable":true,"href":"https:\/\/bakushipyard.com\/az\/wp-json\/wp\/v2\/users\/1"}],"replies":[{"embeddable":true,"href":"https:\/\/bakushipyard.com\/az\/wp-json\/wp\/v2\/comments?post=7471"}],"version-history":[{"count":18,"href":"https:\/\/bakushipyard.com\/az\/wp-json\/wp\/v2\/pages\/7471\/revisions"}],"predecessor-version":[{"id":23191,"href":"https:\/\/bakushipyard.com\/az\/wp-json\/wp\/v2\/pages\/7471\/revisions\/23191"}],"wp:attachment":[{"href":"https:\/\/bakushipyard.com\/az\/wp-json\/wp\/v2\/media?parent=7471"}],"curies":[{"name":"wp","href":"https:\/\/api.w.org\/{rel}","templated":true}]}}