{"id":6285,"date":"2019-11-27T11:20:42","date_gmt":"2019-11-27T11:20:42","guid":{"rendered":"http:\/\/demo-import.loc\/?page_id=6285"},"modified":"2025-07-22T16:48:49","modified_gmt":"2025-07-22T12:48:49","slug":"news","status":"publish","type":"page","link":"https:\/\/bakushipyard.com\/az\/news\/","title":{"rendered":"X\u0259b\u0259rl\u0259r"},"content":{"rendered":"<div data-elementor-type=\"wp-page\" data-elementor-id=\"6285\" class=\"elementor elementor-6285\" data-elementor-post-type=\"page\">\n\t\t\t\t\t\t<section data-particle_enable=\"false\" data-particle-mobile-disabled=\"false\" class=\"elementor-section elementor-top-section elementor-element elementor-element-bcd2374 elementor-section-boxed elementor-section-height-default elementor-section-height-default\" data-id=\"bcd2374\" data-element_type=\"section\" data-settings=\"{&quot;ekit_has_onepagescroll_dot&quot;:&quot;yes&quot;}\">\n\t\t\t\t\t\t<div class=\"elementor-container elementor-column-gap-default\">\n\t\t\t\t\t<div class=\"elementor-column elementor-col-100 elementor-top-column elementor-element elementor-element-098b8f1\" data-id=\"098b8f1\" data-element_type=\"column\">\n\t\t\t<div class=\"elementor-widget-wrap elementor-element-populated\">\n\t\t\t\t\t\t<div class=\"elementor-element elementor-element-06a1ba5 elementor-grid-2 elementor-grid-tablet-2 elementor-grid-mobile-1 elementor-posts--thumbnail-top load-more-align-center elementor-widget elementor-widget-posts\" data-id=\"06a1ba5\" data-element_type=\"widget\" data-settings=\"{&quot;classic_columns&quot;:&quot;2&quot;,&quot;classic_row_gap&quot;:{&quot;unit&quot;:&quot;px&quot;,&quot;size&quot;:18,&quot;sizes&quot;:[]},&quot;pagination_type&quot;:&quot;load_more_on_click&quot;,&quot;classic_columns_tablet&quot;:&quot;2&quot;,&quot;classic_columns_mobile&quot;:&quot;1&quot;,&quot;classic_row_gap_tablet&quot;:{&quot;unit&quot;:&quot;px&quot;,&quot;size&quot;:&quot;&quot;,&quot;sizes&quot;:[]},&quot;classic_row_gap_mobile&quot;:{&quot;unit&quot;:&quot;px&quot;,&quot;size&quot;:&quot;&quot;,&quot;sizes&quot;:[]},&quot;load_more_spinner&quot;:{&quot;value&quot;:&quot;fas fa-spinner&quot;,&quot;library&quot;:&quot;fa-solid&quot;},&quot;ekit_we_effect_on&quot;:&quot;none&quot;}\" data-widget_type=\"posts.classic\">\n\t\t\t\t<div class=\"elementor-widget-container\">\n\t\t\t\t\t\t\t<div class=\"elementor-posts-container elementor-posts elementor-posts--skin-classic elementor-grid\" role=\"list\">\n\t\t\t\t<article class=\"elementor-post elementor-grid-item post-22567 post type-post status-publish format-standard has-post-thumbnail hentry category-news tag-news tag-visit\" role=\"listitem\">\n\t\t\t\t<a class=\"elementor-post__thumbnail__link\" href=\"https:\/\/bakushipyard.com\/az\/spsi-cloud-port-ziyareti-baki-gemiqayirma-zavodu\/\" tabindex=\"-1\" >\n\t\t\t<div class=\"elementor-post__thumbnail\"><img fetchpriority=\"high\" decoding=\"async\" width=\"1440\" height=\"964\" src=\"https:\/\/bakushipyard.com\/wp-content\/uploads\/2025\/07\/cover.webp\" class=\"attachment-full size-full wp-image-22568\" alt=\"\" srcset=\"https:\/\/bakushipyard.com\/wp-content\/uploads\/2025\/07\/cover.webp 1440w, https:\/\/bakushipyard.com\/wp-content\/uploads\/2025\/07\/cover-300x201.webp 300w, https:\/\/bakushipyard.com\/wp-content\/uploads\/2025\/07\/cover-1024x686.webp 1024w, https:\/\/bakushipyard.com\/wp-content\/uploads\/2025\/07\/cover-768x514.webp 768w, https:\/\/bakushipyard.com\/wp-content\/uploads\/2025\/07\/cover-18x12.webp 18w, https:\/\/bakushipyard.com\/wp-content\/uploads\/2025\/07\/cover-900x603.webp 900w\" sizes=\"(max-width: 1440px) 100vw, 1440px\" \/><\/div>\n\t\t<\/a>\n\t\t\t\t<div class=\"elementor-post__text\">\n\t\t\t\t<h3 class=\"elementor-post__title\">\n\t\t\t<a href=\"https:\/\/bakushipyard.com\/az\/spsi-cloud-port-ziyareti-baki-gemiqayirma-zavodu\/\" >\n\t\t\t\tSPSI Cloud Port Development Group Co., Ltd n\u00fcmay\u0259nd\u0259l\u0259ri AZCON Holding \u015firk\u0259tl\u0259rind\u0259n olan Bak\u0131 G\u0259miqay\u0131rma Zavoduna tan\u0131\u015fl\u0131q s\u0259f\u0259ri etmi\u015fl\u0259r.\t\t\t<\/a>\n\t\t<\/h3>\n\t\t\t\t<div class=\"elementor-post__meta-data\">\n\t\t\t\t\t<span class=\"elementor-post-date\">\n\t\t\t\u0130yul 7, 2025\t\t<\/span>\n\t\t\t\t<\/div>\n\t\t\t\t<\/div>\n\t\t\t\t<\/article>\n\t\t\t\t<article class=\"elementor-post elementor-grid-item post-22621 post type-post status-publish format-standard has-post-thumbnail hentry category-news tag-launching tag-news\" role=\"listitem\">\n\t\t\t\t<a class=\"elementor-post__thumbnail__link\" href=\"https:\/\/bakushipyard.com\/az\/muhendis-soltan-kazimov-gemisi-suya-buraxildi\/\" tabindex=\"-1\" >\n\t\t\t<div class=\"elementor-post__thumbnail\"><img decoding=\"async\" width=\"1440\" height=\"960\" src=\"https:\/\/bakushipyard.com\/wp-content\/uploads\/2025\/07\/dredger.webp\" class=\"attachment-full size-full wp-image-22622\" alt=\"\" srcset=\"https:\/\/bakushipyard.com\/wp-content\/uploads\/2025\/07\/dredger.webp 1440w, https:\/\/bakushipyard.com\/wp-content\/uploads\/2025\/07\/dredger-300x200.webp 300w, https:\/\/bakushipyard.com\/wp-content\/uploads\/2025\/07\/dredger-1024x683.webp 1024w, https:\/\/bakushipyard.com\/wp-content\/uploads\/2025\/07\/dredger-768x512.webp 768w, https:\/\/bakushipyard.com\/wp-content\/uploads\/2025\/07\/dredger-18x12.webp 18w, https:\/\/bakushipyard.com\/wp-content\/uploads\/2025\/07\/dredger-900x600.webp 900w\" sizes=\"(max-width: 1440px) 100vw, 1440px\" \/><\/div>\n\t\t<\/a>\n\t\t\t\t<div class=\"elementor-post__text\">\n\t\t\t\t<h3 class=\"elementor-post__title\">\n\t\t\t<a href=\"https:\/\/bakushipyard.com\/az\/muhendis-soltan-kazimov-gemisi-suya-buraxildi\/\" >\n\t\t\t\tBak\u0131 G\u0259miqay\u0131rma Zavodunda ADY \u00fc\u00e7\u00fcn in\u015fa edil\u0259n g\u0259mi suya burax\u0131ld\u0131\t\t\t<\/a>\n\t\t<\/h3>\n\t\t\t\t<div class=\"elementor-post__meta-data\">\n\t\t\t\t\t<span class=\"elementor-post-date\">\n\t\t\t\u0130yun 18, 2025\t\t<\/span>\n\t\t\t\t<\/div>\n\t\t\t\t<\/div>\n\t\t\t\t<\/article>\n\t\t\t\t<article class=\"elementor-post elementor-grid-item post-22629 post type-post status-publish format-standard has-post-thumbnail hentry category-news tag-news tag-visit\" role=\"listitem\">\n\t\t\t\t<a class=\"elementor-post__thumbnail__link\" href=\"https:\/\/bakushipyard.com\/az\/turk-dovletleri-ile-nezliyyat-emekdasligi\/\" tabindex=\"-1\" >\n\t\t\t<div class=\"elementor-post__thumbnail\"><img decoding=\"async\" width=\"1440\" height=\"850\" src=\"https:\/\/bakushipyard.com\/wp-content\/uploads\/2025\/07\/feat_img.webp\" class=\"attachment-full size-full wp-image-22630\" alt=\"\" srcset=\"https:\/\/bakushipyard.com\/wp-content\/uploads\/2025\/07\/feat_img.webp 1440w, https:\/\/bakushipyard.com\/wp-content\/uploads\/2025\/07\/feat_img-300x177.webp 300w, https:\/\/bakushipyard.com\/wp-content\/uploads\/2025\/07\/feat_img-1024x604.webp 1024w, https:\/\/bakushipyard.com\/wp-content\/uploads\/2025\/07\/feat_img-768x453.webp 768w, https:\/\/bakushipyard.com\/wp-content\/uploads\/2025\/07\/feat_img-18x12.webp 18w, https:\/\/bakushipyard.com\/wp-content\/uploads\/2025\/07\/feat_img-900x531.webp 900w\" sizes=\"(max-width: 1440px) 100vw, 1440px\" \/><\/div>\n\t\t<\/a>\n\t\t\t\t<div class=\"elementor-post__text\">\n\t\t\t\t<h3 class=\"elementor-post__title\">\n\t\t\t<a href=\"https:\/\/bakushipyard.com\/az\/turk-dovletleri-ile-nezliyyat-emekdasligi\/\" >\n\t\t\t\tPrezident \u0130lham \u018fliyev: \u201cT\u00fcrk d\u00f6vl\u0259tl\u0259ri il\u0259 n\u0259qliyyat sah\u0259sind\u0259 \u0259m\u0259kda\u015fl\u0131\u011f\u0131m\u0131z g\u00fccl\u0259nir\u201d.\t\t\t<\/a>\n\t\t<\/h3>\n\t\t\t\t<div class=\"elementor-post__meta-data\">\n\t\t\t\t\t<span class=\"elementor-post-date\">\n\t\t\tMay 21, 2025\t\t<\/span>\n\t\t\t\t<\/div>\n\t\t\t\t<\/div>\n\t\t\t\t<\/article>\n\t\t\t\t<article class=\"elementor-post elementor-grid-item post-22636 post type-post status-publish format-standard has-post-thumbnail hentry category-news tag-news\" role=\"listitem\">\n\t\t\t\t<a class=\"elementor-post__thumbnail__link\" href=\"https:\/\/bakushipyard.com\/az\/baku-shipyard-gemi-tikintisi-2025-q1\/\" tabindex=\"-1\" >\n\t\t\t<div class=\"elementor-post__thumbnail\"><img loading=\"lazy\" decoding=\"async\" width=\"1344\" height=\"896\" src=\"https:\/\/bakushipyard.com\/wp-content\/uploads\/2025\/07\/rop.webp\" class=\"attachment-full size-full wp-image-22637\" alt=\"\" srcset=\"https:\/\/bakushipyard.com\/wp-content\/uploads\/2025\/07\/rop.webp 1344w, https:\/\/bakushipyard.com\/wp-content\/uploads\/2025\/07\/rop-300x200.webp 300w, https:\/\/bakushipyard.com\/wp-content\/uploads\/2025\/07\/rop-1024x683.webp 1024w, https:\/\/bakushipyard.com\/wp-content\/uploads\/2025\/07\/rop-768x512.webp 768w, https:\/\/bakushipyard.com\/wp-content\/uploads\/2025\/07\/rop-18x12.webp 18w, https:\/\/bakushipyard.com\/wp-content\/uploads\/2025\/07\/rop-900x600.webp 900w\" sizes=\"(max-width: 1344px) 100vw, 1344px\" \/><\/div>\n\t\t<\/a>\n\t\t\t\t<div class=\"elementor-post__text\">\n\t\t\t\t<h3 class=\"elementor-post__title\">\n\t\t\t<a href=\"https:\/\/bakushipyard.com\/az\/baku-shipyard-gemi-tikintisi-2025-q1\/\" >\n\t\t\t\tBak\u0131 G\u0259miqay\u0131rma Zavodunda g\u0259mi tikintisind\u0259 2025-ci ilin art\u0131m dinamikas\u0131\t\t\t<\/a>\n\t\t<\/h3>\n\t\t\t\t<div class=\"elementor-post__meta-data\">\n\t\t\t\t\t<span class=\"elementor-post-date\">\n\t\t\tMay 6, 2025\t\t<\/span>\n\t\t\t\t<\/div>\n\t\t\t\t<\/div>\n\t\t\t\t<\/article>\n\t\t\t\t<article class=\"elementor-post elementor-grid-item post-22644 post type-post status-publish format-standard has-post-thumbnail hentry category-news tag-news\" role=\"listitem\">\n\t\t\t\t<a class=\"elementor-post__thumbnail__link\" href=\"https:\/\/bakushipyard.com\/az\/fhn-xilasedici-yanghinsonduren-gemi-baki-zavod\/\" tabindex=\"-1\" >\n\t\t\t<div class=\"elementor-post__thumbnail\"><img loading=\"lazy\" decoding=\"async\" width=\"830\" height=\"522\" src=\"https:\/\/bakushipyard.com\/wp-content\/uploads\/2025\/07\/494628950_18000986585772323_5273616592984094687_n.webp\" class=\"attachment-full size-full wp-image-22645\" alt=\"\" srcset=\"https:\/\/bakushipyard.com\/wp-content\/uploads\/2025\/07\/494628950_18000986585772323_5273616592984094687_n.webp 830w, https:\/\/bakushipyard.com\/wp-content\/uploads\/2025\/07\/494628950_18000986585772323_5273616592984094687_n-300x189.webp 300w, https:\/\/bakushipyard.com\/wp-content\/uploads\/2025\/07\/494628950_18000986585772323_5273616592984094687_n-768x483.webp 768w, https:\/\/bakushipyard.com\/wp-content\/uploads\/2025\/07\/494628950_18000986585772323_5273616592984094687_n-18x12.webp 18w\" sizes=\"(max-width: 830px) 100vw, 830px\" \/><\/div>\n\t\t<\/a>\n\t\t\t\t<div class=\"elementor-post__text\">\n\t\t\t\t<h3 class=\"elementor-post__title\">\n\t\t\t<a href=\"https:\/\/bakushipyard.com\/az\/fhn-xilasedici-yanghinsonduren-gemi-baki-zavod\/\" >\n\t\t\t\tBak\u0131 G\u0259miqay\u0131rma Zavodunda FHN \u00fc\u00e7\u00fcn x\u00fcsusi t\u0259yinatl\u0131 xilasedici v\u0259 yan\u011f\u0131ns\u00f6nd\u00fcr\u0259n g\u0259minin tikintisin\u0259 start verildi\t\t\t<\/a>\n\t\t<\/h3>\n\t\t\t\t<div class=\"elementor-post__meta-data\">\n\t\t\t\t\t<span class=\"elementor-post-date\">\n\t\t\tMay 1, 2025\t\t<\/span>\n\t\t\t\t<\/div>\n\t\t\t\t<\/div>\n\t\t\t\t<\/article>\n\t\t\t\t<article class=\"elementor-post elementor-grid-item post-22654 post type-post status-publish format-standard has-post-thumbnail hentry category-news tag-news\" role=\"listitem\">\n\t\t\t\t<a class=\"elementor-post__thumbnail__link\" href=\"https:\/\/bakushipyard.com\/az\/muhendis-soltan-kazimov-gemi-suya-buraxildi\/\" tabindex=\"-1\" >\n\t\t\t<div class=\"elementor-post__thumbnail\"><img loading=\"lazy\" decoding=\"async\" width=\"1440\" height=\"942\" src=\"https:\/\/bakushipyard.com\/wp-content\/uploads\/2025\/07\/2.webp\" class=\"attachment-full size-full wp-image-22655\" alt=\"\" srcset=\"https:\/\/bakushipyard.com\/wp-content\/uploads\/2025\/07\/2.webp 1440w, https:\/\/bakushipyard.com\/wp-content\/uploads\/2025\/07\/2-300x196.webp 300w, https:\/\/bakushipyard.com\/wp-content\/uploads\/2025\/07\/2-1024x670.webp 1024w, https:\/\/bakushipyard.com\/wp-content\/uploads\/2025\/07\/2-768x502.webp 768w, https:\/\/bakushipyard.com\/wp-content\/uploads\/2025\/07\/2-18x12.webp 18w, https:\/\/bakushipyard.com\/wp-content\/uploads\/2025\/07\/2-900x589.webp 900w\" sizes=\"(max-width: 1440px) 100vw, 1440px\" \/><\/div>\n\t\t<\/a>\n\t\t\t\t<div class=\"elementor-post__text\">\n\t\t\t\t<h3 class=\"elementor-post__title\">\n\t\t\t<a href=\"https:\/\/bakushipyard.com\/az\/muhendis-soltan-kazimov-gemi-suya-buraxildi\/\" >\n\t\t\t\tBak\u0131 G\u0259miqay\u0131rma Zavodunda \u201cM\u00fch\u0259ndis Soltan Kaz\u0131mov\u201d adl\u0131 dibd\u0259rinl\u0259\u015fdir\u0259n g\u0259mi suya burax\u0131ld\u0131\t\t\t<\/a>\n\t\t<\/h3>\n\t\t\t\t<div class=\"elementor-post__meta-data\">\n\t\t\t\t\t<span class=\"elementor-post-date\">\n\t\t\tAprel 11, 2025\t\t<\/span>\n\t\t\t\t<\/div>\n\t\t\t\t<\/div>\n\t\t\t\t<\/article>\n\t\t\t\t<\/div>\n\t\t\t\t\t<span class=\"e-load-more-spinner\">\n\t\t\t\t<i aria-hidden=\"true\" class=\"fas fa-spinner\"><\/i>\t\t\t<\/span>\n\t\t\n\t\t\t\t<div class=\"e-load-more-anchor\" data-page=\"1\" data-max-page=\"8\" data-next-page=\"https:\/\/bakushipyard.com\/az\/wp-json\/wp\/v2\/pages\/6285\/page\/2\/\"><\/div>\n\t\t\t\t<div class=\"elementor-button-wrapper\">\n\t\t\t<a class=\"elementor-button elementor-size-sm\" role=\"button\">\n\t\t\t\t\t\t<span class=\"elementor-button-content-wrapper\">\n\t\t\t\t\t\t\t\t\t<span class=\"elementor-button-text\">Load More<\/span>\n\t\t\t\t\t<\/span>\n\t\t\t\t\t<\/a>\n\t\t<\/div>\n\t\t\t\t<div class=\"e-load-more-message\"><\/div>\n\t\t\t\t\t\t<\/div>\n\t\t\t\t<\/div>\n\t\t\t\t\t<\/div>\n\t\t<\/div>\n\t\t\t\t\t<\/div>\n\t\t<\/section>\n\t\t\t\t<\/div>","protected":false},"excerpt":{"rendered":"","protected":false},"author":1,"featured_media":0,"parent":0,"menu_order":0,"comment_status":"closed","ping_status":"closed","template":"elementor_header_footer","meta":{"footnotes":""},"class_list":["post-6285","page","type-page","status-publish","hentry"],"yoast_head":"<!-- This site is optimized with the Yoast SEO Premium plugin v26.7 (Yoast SEO v26.8) - https:\/\/yoast.com\/product\/yoast-seo-premium-wordpress\/ -->\n<title>News - Baku Shipyard LLC<\/title>\n<meta name=\"robots\" content=\"index, follow, max-snippet:-1, max-image-preview:large, max-video-preview:-1\" \/>\n<link rel=\"canonical\" href=\"https:\/\/bakushipyard.com\/az\/news\/\" \/>\n<meta property=\"og:locale\" content=\"az_AZ\" \/>\n<meta property=\"og:type\" content=\"article\" \/>\n<meta property=\"og:title\" content=\"News\" \/>\n<meta property=\"og:url\" content=\"https:\/\/bakushipyard.com\/az\/news\/\" \/>\n<meta property=\"og:site_name\" content=\"Baku Shipyard LLC\" \/>\n<meta property=\"article:publisher\" content=\"https:\/\/www.facebook.com\/bakushipyard\" \/>\n<meta property=\"article:modified_time\" content=\"2025-07-22T12:48:49+00:00\" \/>\n<meta property=\"og:image\" content=\"https:\/\/bakushipyard.com\/wp-content\/uploads\/2023\/01\/2121.jpg\" \/>\n\t<meta property=\"og:image:width\" content=\"1340\" \/>\n\t<meta property=\"og:image:height\" content=\"581\" \/>\n\t<meta property=\"og:image:type\" content=\"image\/jpeg\" \/>\n<meta name=\"twitter:card\" content=\"summary_large_image\" \/>\n<meta name=\"twitter:label1\" content=\"Est. reading time\" \/>\n\t<meta name=\"twitter:data1\" content=\"4 minutes\" \/>\n<script type=\"application\/ld+json\" class=\"yoast-schema-graph\">{\"@context\":\"https:\/\/schema.org\",\"@graph\":[{\"@type\":\"WebPage\",\"@id\":\"https:\/\/bakushipyard.com\/news\/\",\"url\":\"https:\/\/bakushipyard.com\/news\/\",\"name\":\"News - Baku Shipyard LLC\",\"isPartOf\":{\"@id\":\"https:\/\/bakushipyard.com\/#website\"},\"datePublished\":\"2019-11-27T11:20:42+00:00\",\"dateModified\":\"2025-07-22T12:48:49+00:00\",\"breadcrumb\":{\"@id\":\"https:\/\/bakushipyard.com\/news\/#breadcrumb\"},\"inLanguage\":\"az\",\"potentialAction\":[{\"@type\":\"ReadAction\",\"target\":[\"https:\/\/bakushipyard.com\/news\/\"]}]},{\"@type\":\"BreadcrumbList\",\"@id\":\"https:\/\/bakushipyard.com\/news\/#breadcrumb\",\"itemListElement\":[{\"@type\":\"ListItem\",\"position\":1,\"name\":\"Home\",\"item\":\"https:\/\/bakushipyard.com\/\"},{\"@type\":\"ListItem\",\"position\":2,\"name\":\"News\"}]},{\"@type\":\"WebSite\",\"@id\":\"https:\/\/bakushipyard.com\/#website\",\"url\":\"https:\/\/bakushipyard.com\/\",\"name\":\"Baku Shipyard LLC\",\"description\":\"Shipbuilding | Ship Repair | Engineering\",\"publisher\":{\"@id\":\"https:\/\/bakushipyard.com\/#organization\"},\"alternateName\":\"G\u0259miqay\u0131rma Zavodu\",\"potentialAction\":[{\"@type\":\"SearchAction\",\"target\":{\"@type\":\"EntryPoint\",\"urlTemplate\":\"https:\/\/bakushipyard.com\/?s={search_term_string}\"},\"query-input\":{\"@type\":\"PropertyValueSpecification\",\"valueRequired\":true,\"valueName\":\"search_term_string\"}}],\"inLanguage\":\"az\"},{\"@type\":\"Organization\",\"@id\":\"https:\/\/bakushipyard.com\/#organization\",\"name\":\"Baku Shipyard LLC\",\"alternateName\":\"\u0411\u0430\u043a\u0438\u043d\u0441\u043a\u0438\u0439 \u0421\u0443\u0434\u043e\u0441\u0442\u0440\u043e\u0438\u0442\u0435\u043b\u044c\u043d\u044b\u0439 \u0417\u0430\u0432\u043e\u0434\",\"url\":\"https:\/\/bakushipyard.com\/\",\"logo\":{\"@type\":\"ImageObject\",\"inLanguage\":\"az\",\"@id\":\"https:\/\/bakushipyard.com\/#\/schema\/logo\/image\/\",\"url\":\"https:\/\/bakushipyard.com\/wp-content\/uploads\/2023\/02\/mid_Logotype.png\",\"contentUrl\":\"https:\/\/bakushipyard.com\/wp-content\/uploads\/2023\/02\/mid_Logotype.png\",\"width\":621,\"height\":351,\"caption\":\"Baku Shipyard LLC\"},\"image\":{\"@id\":\"https:\/\/bakushipyard.com\/#\/schema\/logo\/image\/\"},\"sameAs\":[\"https:\/\/www.facebook.com\/bakushipyard\",\"https:\/\/www.linkedin.com\/company\/2671307\"]}]}<\/script>\n<!-- \/ Yoast SEO Premium plugin. -->","yoast_head_json":{"title":"News - Baku Shipyard LLC","robots":{"index":"index","follow":"follow","max-snippet":"max-snippet:-1","max-image-preview":"max-image-preview:large","max-video-preview":"max-video-preview:-1"},"canonical":"https:\/\/bakushipyard.com\/az\/news\/","og_locale":"az_AZ","og_type":"article","og_title":"News","og_url":"https:\/\/bakushipyard.com\/az\/news\/","og_site_name":"Baku Shipyard LLC","article_publisher":"https:\/\/www.facebook.com\/bakushipyard","article_modified_time":"2025-07-22T12:48:49+00:00","og_image":[{"width":1340,"height":581,"url":"https:\/\/bakushipyard.com\/wp-content\/uploads\/2023\/01\/2121.jpg","type":"image\/jpeg"}],"twitter_card":"summary_large_image","twitter_misc":{"Est. reading time":"4 minutes"},"schema":{"@context":"https:\/\/schema.org","@graph":[{"@type":"WebPage","@id":"https:\/\/bakushipyard.com\/news\/","url":"https:\/\/bakushipyard.com\/news\/","name":"News - Baku Shipyard LLC","isPartOf":{"@id":"https:\/\/bakushipyard.com\/#website"},"datePublished":"2019-11-27T11:20:42+00:00","dateModified":"2025-07-22T12:48:49+00:00","breadcrumb":{"@id":"https:\/\/bakushipyard.com\/news\/#breadcrumb"},"inLanguage":"az","potentialAction":[{"@type":"ReadAction","target":["https:\/\/bakushipyard.com\/news\/"]}]},{"@type":"BreadcrumbList","@id":"https:\/\/bakushipyard.com\/news\/#breadcrumb","itemListElement":[{"@type":"ListItem","position":1,"name":"Home","item":"https:\/\/bakushipyard.com\/"},{"@type":"ListItem","position":2,"name":"News"}]},{"@type":"WebSite","@id":"https:\/\/bakushipyard.com\/#website","url":"https:\/\/bakushipyard.com\/","name":"Baku Shipyard LLC","description":"Shipbuilding | Ship Repair | Engineering","publisher":{"@id":"https:\/\/bakushipyard.com\/#organization"},"alternateName":"G\u0259miqay\u0131rma Zavodu","potentialAction":[{"@type":"SearchAction","target":{"@type":"EntryPoint","urlTemplate":"https:\/\/bakushipyard.com\/?s={search_term_string}"},"query-input":{"@type":"PropertyValueSpecification","valueRequired":true,"valueName":"search_term_string"}}],"inLanguage":"az"},{"@type":"Organization","@id":"https:\/\/bakushipyard.com\/#organization","name":"Baku Shipyard LLC","alternateName":"\u0411\u0430\u043a\u0438\u043d\u0441\u043a\u0438\u0439 \u0421\u0443\u0434\u043e\u0441\u0442\u0440\u043e\u0438\u0442\u0435\u043b\u044c\u043d\u044b\u0439 \u0417\u0430\u0432\u043e\u0434","url":"https:\/\/bakushipyard.com\/","logo":{"@type":"ImageObject","inLanguage":"az","@id":"https:\/\/bakushipyard.com\/#\/schema\/logo\/image\/","url":"https:\/\/bakushipyard.com\/wp-content\/uploads\/2023\/02\/mid_Logotype.png","contentUrl":"https:\/\/bakushipyard.com\/wp-content\/uploads\/2023\/02\/mid_Logotype.png","width":621,"height":351,"caption":"Baku Shipyard LLC"},"image":{"@id":"https:\/\/bakushipyard.com\/#\/schema\/logo\/image\/"},"sameAs":["https:\/\/www.facebook.com\/bakushipyard","https:\/\/www.linkedin.com\/company\/2671307"]}]}},"_links":{"self":[{"href":"https:\/\/bakushipyard.com\/az\/wp-json\/wp\/v2\/pages\/6285","targetHints":{"allow":["GET"]}}],"collection":[{"href":"https:\/\/bakushipyard.com\/az\/wp-json\/wp\/v2\/pages"}],"about":[{"href":"https:\/\/bakushipyard.com\/az\/wp-json\/wp\/v2\/types\/page"}],"author":[{"embeddable":true,"href":"https:\/\/bakushipyard.com\/az\/wp-json\/wp\/v2\/users\/1"}],"replies":[{"embeddable":true,"href":"https:\/\/bakushipyard.com\/az\/wp-json\/wp\/v2\/comments?post=6285"}],"version-history":[{"count":13,"href":"https:\/\/bakushipyard.com\/az\/wp-json\/wp\/v2\/pages\/6285\/revisions"}],"predecessor-version":[{"id":23997,"href":"https:\/\/bakushipyard.com\/az\/wp-json\/wp\/v2\/pages\/6285\/revisions\/23997"}],"wp:attachment":[{"href":"https:\/\/bakushipyard.com\/az\/wp-json\/wp\/v2\/media?parent=6285"}],"curies":[{"name":"wp","href":"https:\/\/api.w.org\/{rel}","templated":true}]}}