{"id":23130,"date":"2025-09-15T09:32:46","date_gmt":"2025-09-15T05:32:46","guid":{"rendered":"https:\/\/bakushipyard.com\/?page_id=23130"},"modified":"2025-09-15T09:34:08","modified_gmt":"2025-09-15T05:34:08","slug":"dataupdateform","status":"publish","type":"page","link":"https:\/\/bakushipyard.com\/az\/career\/dataupdateform\/","title":{"rendered":"D\u0259yi\u015f\u0259n M\u0259lumatlar\u0131n Toplanmas\u0131 Formas\u0131"},"content":{"rendered":"<div data-elementor-type=\"wp-page\" data-elementor-id=\"23130\" class=\"elementor elementor-23130\" data-elementor-post-type=\"page\">\n\t\t\t\t\t\t<section data-particle_enable=\"false\" data-particle-mobile-disabled=\"false\" class=\"elementor-section elementor-top-section elementor-element elementor-element-c0fc5ea elementor-section-boxed elementor-section-height-default elementor-section-height-default\" data-id=\"c0fc5ea\" data-element_type=\"section\" data-settings=\"{&quot;ekit_has_onepagescroll_dot&quot;:&quot;yes&quot;}\">\n\t\t\t\t\t\t<div class=\"elementor-container elementor-column-gap-default\">\n\t\t\t\t\t<div class=\"elementor-column elementor-col-100 elementor-top-column elementor-element elementor-element-e203d55\" data-id=\"e203d55\" data-element_type=\"column\">\n\t\t\t<div class=\"elementor-widget-wrap elementor-element-populated\">\n\t\t\t\t\t\t<div class=\"elementor-element elementor-element-bbfeca0 elementor-widget elementor-widget-spacer\" data-id=\"bbfeca0\" data-element_type=\"widget\" data-settings=\"{&quot;ekit_we_effect_on&quot;:&quot;none&quot;}\" data-widget_type=\"spacer.default\">\n\t\t\t\t<div class=\"elementor-widget-container\">\n\t\t\t\t\t\t\t<div class=\"elementor-spacer\">\n\t\t\t<div class=\"elementor-spacer-inner\"><\/div>\n\t\t<\/div>\n\t\t\t\t\t\t<\/div>\n\t\t\t\t<\/div>\n\t\t\t\t\t<\/div>\n\t\t<\/div>\n\t\t\t\t\t<\/div>\n\t\t<\/section>\n\t\t\t\t<section data-particle_enable=\"false\" data-particle-mobile-disabled=\"false\" class=\"elementor-section elementor-top-section elementor-element elementor-element-b7ed09c elementor-section-boxed elementor-section-height-default elementor-section-height-default\" data-id=\"b7ed09c\" data-element_type=\"section\" data-settings=\"{&quot;ekit_has_onepagescroll_dot&quot;:&quot;yes&quot;}\">\n\t\t\t\t\t\t<div class=\"elementor-container elementor-column-gap-default\">\n\t\t\t\t\t<div class=\"elementor-column elementor-col-100 elementor-top-column elementor-element elementor-element-e769041\" data-id=\"e769041\" data-element_type=\"column\">\n\t\t\t<div class=\"elementor-widget-wrap elementor-element-populated\">\n\t\t\t\t\t\t<div class=\"elementor-element elementor-element-7a97abf elementor-widget elementor-widget-formidable\" data-id=\"7a97abf\" data-element_type=\"widget\" data-settings=\"{&quot;ekit_we_effect_on&quot;:&quot;none&quot;}\" data-widget_type=\"formidable.default\">\n\t\t\t\t<div class=\"elementor-widget-container\">\n\t\t\t\t\t<div class=\"frm_forms  with_frm_style frm_style_formidable-style\" id=\"frm_form_36_container\" data-token=\"42d7e2c8efc04e43cb1039c2cfd22acd\">\n<form enctype=\"multipart\/form-data\" method=\"post\" class=\"frm-show-form  frm_pro_form\" id=\"form_dataupdateform\"  data-token=\"42d7e2c8efc04e43cb1039c2cfd22acd\" action=\"\">\n<div class=\"frm_form_fields\">\n<fieldset>\n<legend class=\"frm_screen_reader\">Data Update Form<\/legend>\r\n\r\n<div class=\"frm_fields_container\">\n<input type=\"hidden\" name=\"frm_action\" value=\"create\" \/>\n<input type=\"hidden\" name=\"form_id\" value=\"36\" \/>\n<input type=\"hidden\" name=\"frm_hide_fields_36\" id=\"frm_hide_fields_36\" value=\"\" \/>\n<input type=\"hidden\" name=\"form_key\" value=\"dataupdateform\" \/>\n<input type=\"hidden\" name=\"item_meta[0]\" value=\"\" \/>\n<input type=\"hidden\" id=\"frm_submit_entry_36\" name=\"frm_submit_entry_36\" value=\"96f3bda458\" \/><input type=\"hidden\" name=\"_wp_http_referer\" value=\"\/az\/wp-json\/wp\/v2\/pages\/23130\" \/><div id=\"frm_field_302_container\" class=\"frm_form_field form-field  frm_required_field frm_top_container\">\r\n    <label for=\"field_ycsdg\" id=\"field_ycsdg_label\" class=\"frm_primary_label\">Tabel N\u00f6mr\u0259\r\n        <span class=\"frm_required\" aria-hidden=\"true\">*<\/span>\r\n    <\/label>\r\n    <input type=\"number\" id=\"field_ycsdg\" name=\"item_meta[302]\" value=\"\"  placeholder=\"yaln\u0131z 5 r\u0259q\u0259m olmal\u0131d\u0131r\" data-reqmsg=\"Bua xana bo\u015f olmamal\u0131d\u0131r \/ This field cannot be blank.\" aria-required=\"true\" data-invmsg=\"Number is invalid\" aria-invalid=\"false\"   aria-describedby=\"frm_desc_field_ycsdg\" min=\"00100\" max=\"99999\" step=\"1\"\/>\r\n    <div class=\"frm_description\" id=\"frm_desc_field_ycsdg\">m\u0259s. 12345<\/div>\r\n    \r\n<\/div>\n<div id=\"frm_field_303_container\" class=\"frm_form_field form-field  frm_required_field frm_top_container\">\r\n    <div  id=\"field_3uv1c_label\" class=\"frm_primary_label\">Ad\u0131n\u0131z\r\n        <span class=\"frm_required\" aria-hidden=\"true\">*<\/span>\r\n    <\/div>\r\n    <fieldset aria-labelledby=\"field_3uv1c_label\">\n\t<legend class=\"frm_screen_reader frm_hidden\">\n\t\tAd\u0131n\u0131z\t<\/legend>\n\n\t<div  class=\"frm_combo_inputs_container\" id=\"frm_combo_inputs_container_303\" data-name-layout=\"first_middle_last\">\n\t\t\t\t\t<div\n\t\t\t\tid=\"frm_field_303-first_container\"\n\t\t\t\tclass=\"frm_form_field form-field frm_form_subfield-first  frm4\"\n\t\t\t\tdata-sub-field-name=\"first\"\n\t\t\t>\n\t\t\t\t<label for=\"field_3uv1c_first\" class=\"frm_screen_reader frm_hidden\">\n\t\t\t\t\tAd\t\t\t\t<\/label>\n\n\t\t\t\t\t\t\t\t\t\t<input\n\t\t\t\t\t\t\ttype=\"text\"\n\t\t\t\t\t\t\tid=\"field_3uv1c_first\"\n\t\t\t\t\t\t\tvalue=\"\"\n\t\t\t\t\t\t\tname=\"item_meta[303][first]\"  data-reqmsg=\"Bua xana bo\u015f olmamal\u0131d\u0131r \/ This field cannot be blank.\" aria-required=\"true\" data-invmsg=\"Ad\u0131n\u0131z is invalid\" aria-invalid=\"false\"  \t\t\t\t\t\t\/>\n\t\t\t\t\t\t<div class=\"frm_description\" id=\"frm_field_303_first_desc\">Ad<\/div>\t\t\t<\/div>\n\t\t\t\t\t<div\n\t\t\t\tid=\"frm_field_303-middle_container\"\n\t\t\t\tclass=\"frm_form_field form-field frm_form_subfield-middle  frm4\"\n\t\t\t\tdata-sub-field-name=\"middle\"\n\t\t\t>\n\t\t\t\t<label for=\"field_3uv1c_middle\" class=\"frm_screen_reader frm_hidden\">\n\t\t\t\t\tSoyad\t\t\t\t<\/label>\n\n\t\t\t\t\t\t\t\t\t\t<input\n\t\t\t\t\t\t\ttype=\"text\"\n\t\t\t\t\t\t\tid=\"field_3uv1c_middle\"\n\t\t\t\t\t\t\tvalue=\"\"\n\t\t\t\t\t\t\tname=\"item_meta[303][middle]\"  data-reqmsg=\"Bua xana bo\u015f olmamal\u0131d\u0131r \/ This field cannot be blank.\" aria-required=\"true\" data-invmsg=\"Ad\u0131n\u0131z is invalid\" aria-invalid=\"false\"  \t\t\t\t\t\t\/>\n\t\t\t\t\t\t<div class=\"frm_description\" id=\"frm_field_303_middle_desc\">Soyad<\/div>\t\t\t<\/div>\n\t\t\t\t\t<div\n\t\t\t\tid=\"frm_field_303-last_container\"\n\t\t\t\tclass=\"frm_form_field form-field frm_form_subfield-last  frm4\"\n\t\t\t\tdata-sub-field-name=\"last\"\n\t\t\t>\n\t\t\t\t<label for=\"field_3uv1c_last\" class=\"frm_screen_reader frm_hidden\">\n\t\t\t\t\tAta ad\u0131\t\t\t\t<\/label>\n\n\t\t\t\t\t\t\t\t\t\t<input\n\t\t\t\t\t\t\ttype=\"text\"\n\t\t\t\t\t\t\tid=\"field_3uv1c_last\"\n\t\t\t\t\t\t\tvalue=\"\"\n\t\t\t\t\t\t\tname=\"item_meta[303][last]\"  data-reqmsg=\"Bua xana bo\u015f olmamal\u0131d\u0131r \/ This field cannot be blank.\" aria-required=\"true\" data-invmsg=\"Ad\u0131n\u0131z is invalid\" aria-invalid=\"false\"  \t\t\t\t\t\t\/>\n\t\t\t\t\t\t<div class=\"frm_description\" id=\"frm_field_303_last_desc\">Ata ad\u0131<\/div>\t\t\t<\/div>\n\t\t\t<\/div>\n<\/fieldset>\n\r\n    \r\n    \r\n<\/div>\n<div id=\"frm_field_310_container\" class=\"frm_form_field frm_section_heading form-field\">\r\n<h3 class=\"frm_pos_top frm_section_spacing\">Aktiv mobil n\u00f6mr\u0259 <\/h3>\r\n\r\n\r\n<div id=\"frm_field_307_container\" class=\"frm_form_field form-field  frm_required_field frm_top_container frm_sixth frm3 frm_first\">\r\n    <label for=\"field_cflc8\" id=\"field_cflc8_label\" class=\"frm_primary_label\">Prefix\r\n        <span class=\"frm_required\" aria-hidden=\"true\">*<\/span>\r\n    <\/label>\r\n    \t\t<select name=\"item_meta[307]\" id=\"field_cflc8\"  data-sectionid=\"310\" data-reqmsg=\"Bua xana bo\u015f olmamal\u0131d\u0131r \/ This field cannot be blank.\" aria-required=\"true\" data-invmsg=\"Prefix is invalid\" aria-invalid=\"false\"  >\n\t\t\t\t<option  value=\"\" selected=\"selected\">\n\t\t\t \t\t<\/option>\n\t\t\t\t<option  value=\"050\">\n\t\t\t050\t\t<\/option>\n\t\t\t\t<option  value=\"055\">\n\t\t\t055\t\t<\/option>\n\t\t\t\t<option  value=\"070\">\n\t\t\t070\t\t<\/option>\n\t\t\t\t<option  value=\"077\">\n\t\t\t077\t\t<\/option>\n\t\t\t\t<option  value=\"010\">\n\t\t\t010\t\t<\/option>\n\t\t\t\t<option  value=\"099\">\n\t\t\t099\t\t<\/option>\n\t\t\t\t<option  value=\"051\">\n\t\t\t051\t\t<\/option>\n\t\t\t<\/select>\n\t\r\n    \r\n    \r\n<\/div>\n<div id=\"frm_field_304_container\" class=\"frm_form_field form-field  frm_required_field frm_top_container frm9\">\r\n    <label for=\"field_iqmuy\" id=\"field_iqmuy_label\" class=\"frm_primary_label\">n\u00f6mr\u0259 \r\n        <span class=\"frm_required\" aria-hidden=\"true\">*<\/span>\r\n    <\/label>\r\n    <input type=\"tel\" id=\"field_iqmuy\" name=\"item_meta[304]\" value=\"\"  data-sectionid=\"310\" data-frmmask=\"9999999\" maxlength=\"7\" placeholder=\"7 r\u0259q\u0259m daxil edilm\u0259lidir\" data-reqmsg=\"Bua xana bo\u015f olmamal\u0131d\u0131r \/ This field cannot be blank.\" aria-required=\"true\" data-invmsg=\"Phone is invalid\" aria-invalid=\"false\" pattern=\"\\d\\d\\d\\d\\d\\d\\d$\"  \/>\r\n    \r\n    \r\n<\/div>\n<\/div>\n<div id=\"frm_field_314_container\" class=\"frm_form_field frm_section_heading form-field\">\r\n<h3 class=\"frm_pos_top frm_section_spacing\">\u015e\u0259xsiyy\u0259t v\u0259siq\u0259sinin seriya v\u0259 n\u00f6mr\u0259si<\/h3>\r\n\r\n\r\n<div id=\"frm_field_316_container\" class=\"frm_form_field form-field  frm_required_field frm_top_container frm_sixth frm4 frm_first\">\r\n    <label for=\"field_mqrh5\" id=\"field_mqrh5_label\" class=\"frm_primary_label\">Seriya\r\n        <span class=\"frm_required\" aria-hidden=\"true\">*<\/span>\r\n    <\/label>\r\n    \t\t<select name=\"item_meta[316]\" id=\"field_mqrh5\"  data-sectionid=\"314\" data-reqmsg=\"Bua xana bo\u015f olmamal\u0131d\u0131r \/ This field cannot be blank.\" aria-required=\"true\" data-invmsg=\"Seriya is invalid\" aria-invalid=\"false\"  >\n\t\t\t\t<option  value=\"\" selected=\"selected\">\n\t\t\t \t\t<\/option>\n\t\t\t\t<option  value=\"AZE\">\n\t\t\tAZE\t\t<\/option>\n\t\t\t\t<option  value=\"AA\">\n\t\t\tAA\t\t<\/option>\n\t\t\t\t<option  value=\"AB\">\n\t\t\tAB\t\t<\/option>\n\t\t\t\t<option  value=\"MY\u0130\">\n\t\t\tMY\u0130\t\t<\/option>\n\t\t\t\t<option  value=\"DY\u0130\">\n\t\t\tDY\u0130\t\t<\/option>\n\t\t\t<\/select>\n\t\r\n    \r\n    \r\n<\/div>\n<div id=\"frm_field_317_container\" class=\"frm_form_field form-field  frm_required_field frm_top_container frm4\">\r\n    <label for=\"field_2o7i1\" id=\"field_2o7i1_label\" class=\"frm_primary_label\">N\u00f6mr\u0259si\r\n        <span class=\"frm_required\" aria-hidden=\"true\">*<\/span>\r\n    <\/label>\r\n    <input type=\"text\" id=\"field_2o7i1\" name=\"item_meta[317]\" value=\"\"  data-sectionid=\"314\" maxlength=\"8\" placeholder=\"8 r\u0259q\u0259m daxil edilm\u0259lidir\" data-reqmsg=\"Bua xana bo\u015f olmamal\u0131d\u0131r \/ This field cannot be blank.\" aria-required=\"true\" data-invmsg=\"8 r\u0259q\u0259m daxil edilm\u0259lidir\" aria-invalid=\"false\"  \/>\r\n    \r\n    \r\n<\/div>\n<div id=\"frm_field_319_container\" class=\"frm_form_field form-field  frm_required_field frm_top_container frm4\">\r\n    <label for=\"field_91603a\" id=\"field_91603a_label\" class=\"frm_primary_label\">N\u00f6mr\u0259si\r\n        <span class=\"frm_required\" aria-hidden=\"true\">*<\/span>\r\n    <\/label>\r\n    <input type=\"text\" id=\"field_91603a\" name=\"item_meta[319]\" value=\"\"  data-sectionid=\"314\" maxlength=\"7\" placeholder=\"7 r\u0259q\u0259m daxil edilm\u0259lidir\" data-reqmsg=\"Bua xana bo\u015f olmamal\u0131d\u0131r \/ This field cannot be blank.\" aria-required=\"true\" data-invmsg=\"7 r\u0259q\u0259m daxil edilm\u0259lidir\" aria-invalid=\"false\"  \/>\r\n    \r\n    \r\n<\/div>\n<\/div>\n<div id=\"frm_field_320_container\" class=\"frm_form_field form-field  frm_top_container\">\r\n    <label for=\"field_wysxg\" id=\"field_wysxg_label\" class=\"frm_primary_label\">Email\r\n        <span class=\"frm_required\" aria-hidden=\"true\"><\/span>\r\n    <\/label>\r\n    <input type=\"email\" id=\"field_wysxg\" name=\"item_meta[320]\" value=\"\"  data-invmsg=\"Email is invalid\" aria-invalid=\"false\"  \/>\r\n    \r\n    \r\n<\/div>\n<div id=\"frm_field_322_container\" class=\"frm_form_field form-field  frm_required_field frm_top_container\">\r\n    <label for=\"field_s0gos\" id=\"field_s0gos_label\" class=\"frm_primary_label\">Faktiki ya\u015fay\u0131\u015f \u00fcnvan\u0131 \r\n        <span class=\"frm_required\" aria-hidden=\"true\">*<\/span>\r\n    <\/label>\r\n    <input type=\"text\" id=\"field_s0gos\" name=\"item_meta[322]\" value=\"\"  data-reqmsg=\"Bua xana bo\u015f olmamal\u0131d\u0131r \/ This field cannot be blank.\" aria-required=\"true\" data-invmsg=\"Text is invalid\" aria-invalid=\"false\"  \/>\r\n    \r\n    \r\n<\/div>\n<div id=\"frm_field_323_container\" class=\"frm_form_field form-field  frm_required_field frm_top_container vertical_radio\">\r\n    <div  id=\"field_al23b_label\" class=\"frm_primary_label\">\r\n        <span class=\"frm_required\" aria-hidden=\"true\">*<\/span>\r\n    <\/div>\r\n    <div class=\"frm_opt_container\" aria-labelledby=\"field_al23b_label\" role=\"group\">\t\t<div class=\"frm_checkbox\" id=\"frm_checkbox_323-0\"><label for=\"field_al23b-0\"><input type=\"checkbox\" name=\"item_meta[323][]\" id=\"field_al23b-0\" value=\"T\u0259sdiq edir\u0259m\"  data-frmval=\"[&quot;Option 1&quot;]\" data-reqmsg=\"Bua xana bo\u015f olmamal\u0131d\u0131r \/ This field cannot be blank.\" aria-required=\"true\" data-invmsg=\" is invalid\" aria-invalid=\"false\"   \/> T\u0259sdiq edir\u0259m<\/label><\/div>\n<\/div>\r\n    \r\n    \r\n<\/div>\n<div id=\"frm_field_324_container\" class=\"frm_form_field form-field  frm_none_container\">\r\n    <label for=\"g-recaptcha-response\" id=\"field_q2630_label\" class=\"frm_primary_label\">Captcha\r\n        <span class=\"frm_required\" aria-hidden=\"true\"><\/span>\r\n    <\/label>\r\n    <div id=\"field_q2630\" class=\"frm-g-recaptcha\" data-sitekey=\"6LfUt7YdAAAAAHlwxuRq5V2jdMXX1o0T4dIs7xnJ\" data-size=\"normal\" data-theme=\"light\"><\/div>\r\n    \r\n    \r\n<\/div>\n\t<input type=\"hidden\" name=\"item_key\" value=\"\" \/>\n\t\t\t\t<div class=\"frm_verify\" aria-hidden=\"true\">\n\t\t\t\t<label for=\"frm_email_36\">\n\t\t\t\t\tIf you are human, leave this field blank.\t\t\t\t<\/label>\n\t\t\t\t<input type=\"text\" class=\"frm_verify\" id=\"frm_email_36\" name=\"frm_verify\" value=\"\"  \/>\n\t\t\t<\/div>\n\t\t<input name=\"frm_state\" type=\"hidden\" value=\"8d+G1bdhlTULWwtC7XGMBUp\/PECYKWJkUqdd1MA\/EeY=\" \/><div class=\"frm_submit\">\r\n\r\n<button class=\"frm_button_submit frm_final_submit\" type=\"submit\"   formnovalidate=\"formnovalidate\">\u018flav\u0259 Et<\/button>\r\n\r\n\r\n<\/div><\/div>\n<\/fieldset>\n<\/div>\n<input type=\"hidden\" name=\"trp-form-language\" value=\"az\"\/><\/form>\n<\/div>\n\t\t\t\t<\/div>\n\t\t\t\t<\/div>\n\t\t\t\t\t<\/div>\n\t\t<\/div>\n\t\t\t\t\t<\/div>\n\t\t<\/section>\n\t\t\t\t<\/div>","protected":false},"excerpt":{"rendered":"<p>Data Update Form Tabel N\u00f6mr\u0259 * m\u0259s. 12345 Ad\u0131n\u0131z * Ad\u0131n\u0131z Ad Ad Soyad Soyad Ata ad\u0131 Ata ad\u0131 Aktiv mobil n\u00f6mr\u0259 Prefix * 050 055 070 077 010 n\u00f6mr\u0259 * \u015e\u0259xsiyy\u0259t v\u0259siq\u0259sinin seriya v\u0259 n\u00f6mr\u0259si Seriya * AZE AA N\u00f6mr\u0259si * N\u00f6mr\u0259si * Email Faktiki ya\u015fay\u0131\u015f \u00fcnvan\u0131 * * T\u0259sdiq edir\u0259m Captcha If you<\/p>","protected":false},"author":1,"featured_media":0,"parent":408,"menu_order":0,"comment_status":"closed","ping_status":"closed","template":"","meta":{"footnotes":""},"class_list":["post-23130","page","type-page","status-publish","hentry"],"yoast_head":"<!-- This site is optimized with the Yoast SEO Premium plugin v26.7 (Yoast SEO v26.8) - https:\/\/yoast.com\/product\/yoast-seo-premium-wordpress\/ -->\n<title>D\u0259yi\u015f\u0259n M\u0259lumatlar\u0131n Toplanmas\u0131 Formas\u0131 - Baku Shipyard LLC<\/title>\n<meta name=\"robots\" content=\"index, nofollow, max-snippet:-1, max-image-preview:large, max-video-preview:-1\" \/>\n<link rel=\"canonical\" href=\"https:\/\/bakushipyard.com\/az\/career\/dataupdateform\/\" \/>\n<meta property=\"og:locale\" content=\"az_AZ\" \/>\n<meta property=\"og:type\" content=\"article\" \/>\n<meta property=\"og:title\" content=\"D\u0259yi\u015f\u0259n M\u0259lumatlar\u0131n Toplanmas\u0131 Formas\u0131\" \/>\n<meta property=\"og:description\" content=\"Data Update Form Tabel N\u00f6mr\u0259 * m\u0259s. 12345 Ad\u0131n\u0131z * Ad\u0131n\u0131z Ad Ad Soyad Soyad Ata ad\u0131 Ata ad\u0131 Aktiv mobil n\u00f6mr\u0259 Prefix * 050 055 070 077 010 n\u00f6mr\u0259 * \u015e\u0259xsiyy\u0259t v\u0259siq\u0259sinin seriya v\u0259 n\u00f6mr\u0259si Seriya * AZE AA N\u00f6mr\u0259si * N\u00f6mr\u0259si * Email Faktiki ya\u015fay\u0131\u015f \u00fcnvan\u0131 * * T\u0259sdiq edir\u0259m Captcha If you\" \/>\n<meta property=\"og:url\" content=\"https:\/\/bakushipyard.com\/az\/career\/dataupdateform\/\" \/>\n<meta property=\"og:site_name\" content=\"Baku Shipyard LLC\" \/>\n<meta property=\"article:publisher\" content=\"https:\/\/www.facebook.com\/bakushipyard\" \/>\n<meta property=\"article:modified_time\" content=\"2025-09-15T05:34:08+00:00\" \/>\n<meta property=\"og:image\" content=\"https:\/\/bakushipyard.com\/wp-content\/uploads\/2023\/01\/2121.jpg\" \/>\n\t<meta property=\"og:image:width\" content=\"1340\" \/>\n\t<meta property=\"og:image:height\" content=\"581\" \/>\n\t<meta property=\"og:image:type\" content=\"image\/jpeg\" \/>\n<meta name=\"twitter:card\" content=\"summary_large_image\" \/>\n<meta name=\"twitter:label1\" content=\"Est. reading time\" \/>\n\t<meta name=\"twitter:data1\" content=\"3 minutes\" \/>\n<script type=\"application\/ld+json\" class=\"yoast-schema-graph\">{\"@context\":\"https:\/\/schema.org\",\"@graph\":[{\"@type\":\"WebPage\",\"@id\":\"https:\/\/bakushipyard.com\/career\/dataupdateform\/\",\"url\":\"https:\/\/bakushipyard.com\/career\/dataupdateform\/\",\"name\":\"D\u0259yi\u015f\u0259n M\u0259lumatlar\u0131n Toplanmas\u0131 Formas\u0131 - Baku Shipyard LLC\",\"isPartOf\":{\"@id\":\"https:\/\/bakushipyard.com\/#website\"},\"datePublished\":\"2025-09-15T05:32:46+00:00\",\"dateModified\":\"2025-09-15T05:34:08+00:00\",\"breadcrumb\":{\"@id\":\"https:\/\/bakushipyard.com\/career\/dataupdateform\/#breadcrumb\"},\"inLanguage\":\"az\",\"potentialAction\":[{\"@type\":\"ReadAction\",\"target\":[\"https:\/\/bakushipyard.com\/career\/dataupdateform\/\"]}]},{\"@type\":\"BreadcrumbList\",\"@id\":\"https:\/\/bakushipyard.com\/career\/dataupdateform\/#breadcrumb\",\"itemListElement\":[{\"@type\":\"ListItem\",\"position\":1,\"name\":\"Home\",\"item\":\"https:\/\/bakushipyard.com\/\"},{\"@type\":\"ListItem\",\"position\":2,\"name\":\"Career\",\"item\":\"https:\/\/bakushipyard.com\/career\/\"},{\"@type\":\"ListItem\",\"position\":3,\"name\":\"D\u0259yi\u015f\u0259n M\u0259lumatlar\u0131n Toplanmas\u0131 Formas\u0131\"}]},{\"@type\":\"WebSite\",\"@id\":\"https:\/\/bakushipyard.com\/#website\",\"url\":\"https:\/\/bakushipyard.com\/\",\"name\":\"Baku Shipyard LLC\",\"description\":\"Shipbuilding | Ship Repair | Engineering\",\"publisher\":{\"@id\":\"https:\/\/bakushipyard.com\/#organization\"},\"alternateName\":\"G\u0259miqay\u0131rma Zavodu\",\"potentialAction\":[{\"@type\":\"SearchAction\",\"target\":{\"@type\":\"EntryPoint\",\"urlTemplate\":\"https:\/\/bakushipyard.com\/?s={search_term_string}\"},\"query-input\":{\"@type\":\"PropertyValueSpecification\",\"valueRequired\":true,\"valueName\":\"search_term_string\"}}],\"inLanguage\":\"az\"},{\"@type\":\"Organization\",\"@id\":\"https:\/\/bakushipyard.com\/#organization\",\"name\":\"Baku Shipyard LLC\",\"alternateName\":\"\u0411\u0430\u043a\u0438\u043d\u0441\u043a\u0438\u0439 \u0421\u0443\u0434\u043e\u0441\u0442\u0440\u043e\u0438\u0442\u0435\u043b\u044c\u043d\u044b\u0439 \u0417\u0430\u0432\u043e\u0434\",\"url\":\"https:\/\/bakushipyard.com\/\",\"logo\":{\"@type\":\"ImageObject\",\"inLanguage\":\"az\",\"@id\":\"https:\/\/bakushipyard.com\/#\/schema\/logo\/image\/\",\"url\":\"https:\/\/bakushipyard.com\/wp-content\/uploads\/2023\/02\/mid_Logotype.png\",\"contentUrl\":\"https:\/\/bakushipyard.com\/wp-content\/uploads\/2023\/02\/mid_Logotype.png\",\"width\":621,\"height\":351,\"caption\":\"Baku Shipyard LLC\"},\"image\":{\"@id\":\"https:\/\/bakushipyard.com\/#\/schema\/logo\/image\/\"},\"sameAs\":[\"https:\/\/www.facebook.com\/bakushipyard\",\"https:\/\/www.linkedin.com\/company\/2671307\"]}]}<\/script>\n<!-- \/ Yoast SEO Premium plugin. -->","yoast_head_json":{"title":"D\u0259yi\u015f\u0259n M\u0259lumatlar\u0131n Toplanmas\u0131 Formas\u0131 - Baku Shipyard LLC","robots":{"index":"index","follow":"nofollow","max-snippet":"max-snippet:-1","max-image-preview":"max-image-preview:large","max-video-preview":"max-video-preview:-1"},"canonical":"https:\/\/bakushipyard.com\/az\/career\/dataupdateform\/","og_locale":"az_AZ","og_type":"article","og_title":"D\u0259yi\u015f\u0259n M\u0259lumatlar\u0131n Toplanmas\u0131 Formas\u0131","og_description":"Data Update Form Tabel N\u00f6mr\u0259 * m\u0259s. 12345 Ad\u0131n\u0131z * Ad\u0131n\u0131z Ad Ad Soyad Soyad Ata ad\u0131 Ata ad\u0131 Aktiv mobil n\u00f6mr\u0259 Prefix * 050 055 070 077 010 n\u00f6mr\u0259 * \u015e\u0259xsiyy\u0259t v\u0259siq\u0259sinin seriya v\u0259 n\u00f6mr\u0259si Seriya * AZE AA N\u00f6mr\u0259si * N\u00f6mr\u0259si * Email Faktiki ya\u015fay\u0131\u015f \u00fcnvan\u0131 * * T\u0259sdiq edir\u0259m Captcha If you","og_url":"https:\/\/bakushipyard.com\/az\/career\/dataupdateform\/","og_site_name":"Baku Shipyard LLC","article_publisher":"https:\/\/www.facebook.com\/bakushipyard","article_modified_time":"2025-09-15T05:34:08+00:00","og_image":[{"width":1340,"height":581,"url":"https:\/\/bakushipyard.com\/wp-content\/uploads\/2023\/01\/2121.jpg","type":"image\/jpeg"}],"twitter_card":"summary_large_image","twitter_misc":{"Est. reading time":"3 minutes"},"schema":{"@context":"https:\/\/schema.org","@graph":[{"@type":"WebPage","@id":"https:\/\/bakushipyard.com\/career\/dataupdateform\/","url":"https:\/\/bakushipyard.com\/career\/dataupdateform\/","name":"D\u0259yi\u015f\u0259n M\u0259lumatlar\u0131n Toplanmas\u0131 Formas\u0131 - Baku Shipyard LLC","isPartOf":{"@id":"https:\/\/bakushipyard.com\/#website"},"datePublished":"2025-09-15T05:32:46+00:00","dateModified":"2025-09-15T05:34:08+00:00","breadcrumb":{"@id":"https:\/\/bakushipyard.com\/career\/dataupdateform\/#breadcrumb"},"inLanguage":"az","potentialAction":[{"@type":"ReadAction","target":["https:\/\/bakushipyard.com\/career\/dataupdateform\/"]}]},{"@type":"BreadcrumbList","@id":"https:\/\/bakushipyard.com\/career\/dataupdateform\/#breadcrumb","itemListElement":[{"@type":"ListItem","position":1,"name":"Home","item":"https:\/\/bakushipyard.com\/"},{"@type":"ListItem","position":2,"name":"Career","item":"https:\/\/bakushipyard.com\/career\/"},{"@type":"ListItem","position":3,"name":"D\u0259yi\u015f\u0259n M\u0259lumatlar\u0131n Toplanmas\u0131 Formas\u0131"}]},{"@type":"WebSite","@id":"https:\/\/bakushipyard.com\/#website","url":"https:\/\/bakushipyard.com\/","name":"Baku Shipyard LLC","description":"Shipbuilding | Ship Repair | Engineering","publisher":{"@id":"https:\/\/bakushipyard.com\/#organization"},"alternateName":"G\u0259miqay\u0131rma Zavodu","potentialAction":[{"@type":"SearchAction","target":{"@type":"EntryPoint","urlTemplate":"https:\/\/bakushipyard.com\/?s={search_term_string}"},"query-input":{"@type":"PropertyValueSpecification","valueRequired":true,"valueName":"search_term_string"}}],"inLanguage":"az"},{"@type":"Organization","@id":"https:\/\/bakushipyard.com\/#organization","name":"Baku Shipyard LLC","alternateName":"\u0411\u0430\u043a\u0438\u043d\u0441\u043a\u0438\u0439 \u0421\u0443\u0434\u043e\u0441\u0442\u0440\u043e\u0438\u0442\u0435\u043b\u044c\u043d\u044b\u0439 \u0417\u0430\u0432\u043e\u0434","url":"https:\/\/bakushipyard.com\/","logo":{"@type":"ImageObject","inLanguage":"az","@id":"https:\/\/bakushipyard.com\/#\/schema\/logo\/image\/","url":"https:\/\/bakushipyard.com\/wp-content\/uploads\/2023\/02\/mid_Logotype.png","contentUrl":"https:\/\/bakushipyard.com\/wp-content\/uploads\/2023\/02\/mid_Logotype.png","width":621,"height":351,"caption":"Baku Shipyard LLC"},"image":{"@id":"https:\/\/bakushipyard.com\/#\/schema\/logo\/image\/"},"sameAs":["https:\/\/www.facebook.com\/bakushipyard","https:\/\/www.linkedin.com\/company\/2671307"]}]}},"_links":{"self":[{"href":"https:\/\/bakushipyard.com\/az\/wp-json\/wp\/v2\/pages\/23130","targetHints":{"allow":["GET"]}}],"collection":[{"href":"https:\/\/bakushipyard.com\/az\/wp-json\/wp\/v2\/pages"}],"about":[{"href":"https:\/\/bakushipyard.com\/az\/wp-json\/wp\/v2\/types\/page"}],"author":[{"embeddable":true,"href":"https:\/\/bakushipyard.com\/az\/wp-json\/wp\/v2\/users\/1"}],"replies":[{"embeddable":true,"href":"https:\/\/bakushipyard.com\/az\/wp-json\/wp\/v2\/comments?post=23130"}],"version-history":[{"count":5,"href":"https:\/\/bakushipyard.com\/az\/wp-json\/wp\/v2\/pages\/23130\/revisions"}],"predecessor-version":[{"id":23135,"href":"https:\/\/bakushipyard.com\/az\/wp-json\/wp\/v2\/pages\/23130\/revisions\/23135"}],"up":[{"embeddable":true,"href":"https:\/\/bakushipyard.com\/az\/wp-json\/wp\/v2\/pages\/408"}],"wp:attachment":[{"href":"https:\/\/bakushipyard.com\/az\/wp-json\/wp\/v2\/media?parent=23130"}],"curies":[{"name":"wp","href":"https:\/\/api.w.org\/{rel}","templated":true}]}}