{"id":22004,"date":"2025-06-13T08:54:13","date_gmt":"2025-06-13T04:54:13","guid":{"rendered":"https:\/\/bakushipyard.com\/?page_id=22004"},"modified":"2025-07-15T10:04:56","modified_gmt":"2025-07-15T06:04:56","slug":"sigortasorgusu","status":"publish","type":"page","link":"https:\/\/bakushipyard.com\/az\/career\/sigortasorgusu\/","title":{"rendered":"T\u0130BB\u0130 SI\u011eORTA X\u0130DM\u018fT\u0130N\u0130N KEYF\u0130YY\u018fT\u0130N\u0130N Q\u0130YM\u018fTL\u018fND\u0130R\u0130LM\u018fS\u0130"},"content":{"rendered":"","protected":true},"excerpt":{"rendered":"","protected":true},"author":1,"featured_media":0,"parent":408,"menu_order":0,"comment_status":"closed","ping_status":"closed","template":"","meta":{"footnotes":""},"class_list":["post-22004","page","type-page","status-publish","post-password-required","hentry"],"yoast_head":"<!-- This site is optimized with the Yoast SEO Premium plugin v26.7 (Yoast SEO v26.8) - https:\/\/yoast.com\/product\/yoast-seo-premium-wordpress\/ -->\n<title>T\u0130BB\u0130 SI\u011eORTA X\u0130DM\u018fT\u0130N\u0130N KEYF\u0130YY\u018fT\u0130N\u0130N Q\u0130YM\u018fTL\u018fND\u0130R\u0130LM\u018fS\u0130 - Baku Shipyard LLC<\/title>\n<meta name=\"robots\" content=\"index, follow, max-snippet:-1, max-image-preview:large, max-video-preview:-1\" \/>\n<link rel=\"canonical\" href=\"https:\/\/bakushipyard.com\/az\/career\/sigortasorgusu\/\" \/>\n<meta property=\"og:locale\" content=\"az_AZ\" \/>\n<meta property=\"og:type\" content=\"article\" \/>\n<meta property=\"og:title\" content=\"T\u0130BB\u0130 SI\u011eORTA X\u0130DM\u018fT\u0130N\u0130N KEYF\u0130YY\u018fT\u0130N\u0130N Q\u0130YM\u018fTL\u018fND\u0130R\u0130LM\u018fS\u0130\" \/>\n<meta property=\"og:description\" content=\"Burada al\u0131nt\u0131 yoxdur \u00e7\u00fcnki bu yaz\u0131 parolla qorunur.\" \/>\n<meta property=\"og:url\" content=\"https:\/\/bakushipyard.com\/az\/career\/sigortasorgusu\/\" \/>\n<meta property=\"og:site_name\" content=\"Baku Shipyard LLC\" \/>\n<meta property=\"article:publisher\" content=\"https:\/\/www.facebook.com\/bakushipyard\" \/>\n<meta property=\"article:modified_time\" content=\"2025-07-15T06:04:56+00:00\" \/>\n<meta name=\"twitter:card\" content=\"summary_large_image\" \/>\n<meta name=\"twitter:label1\" content=\"Est. reading time\" \/>\n\t<meta name=\"twitter:data1\" content=\"2 minutes\" \/>\n<script type=\"application\/ld+json\" class=\"yoast-schema-graph\">{\"@context\":\"https:\/\/schema.org\",\"@graph\":[{\"@type\":\"WebPage\",\"@id\":\"https:\/\/bakushipyard.com\/career\/sigortasorgusu\/\",\"url\":\"https:\/\/bakushipyard.com\/career\/sigortasorgusu\/\",\"name\":\"T\u0130BB\u0130 SI\u011eORTA X\u0130DM\u018fT\u0130N\u0130N KEYF\u0130YY\u018fT\u0130N\u0130N Q\u0130YM\u018fTL\u018fND\u0130R\u0130LM\u018fS\u0130 - Baku Shipyard LLC\",\"isPartOf\":{\"@id\":\"https:\/\/bakushipyard.com\/#website\"},\"datePublished\":\"2025-06-13T04:54:13+00:00\",\"dateModified\":\"2025-07-15T06:04:56+00:00\",\"breadcrumb\":{\"@id\":\"https:\/\/bakushipyard.com\/career\/sigortasorgusu\/#breadcrumb\"},\"inLanguage\":\"az\"},{\"@type\":\"WebSite\",\"@id\":\"https:\/\/bakushipyard.com\/#website\",\"url\":\"https:\/\/bakushipyard.com\/\",\"name\":\"Baku Shipyard LLC\",\"description\":\"Shipbuilding | Ship Repair | Engineering\",\"publisher\":{\"@id\":\"https:\/\/bakushipyard.com\/#organization\"},\"alternateName\":\"G\u0259miqay\u0131rma Zavodu\",\"potentialAction\":[{\"@type\":\"SearchAction\",\"target\":{\"@type\":\"EntryPoint\",\"urlTemplate\":\"https:\/\/bakushipyard.com\/?s={search_term_string}\"},\"query-input\":{\"@type\":\"PropertyValueSpecification\",\"valueRequired\":true,\"valueName\":\"search_term_string\"}}],\"inLanguage\":\"az\"},{\"@type\":\"Organization\",\"@id\":\"https:\/\/bakushipyard.com\/#organization\",\"name\":\"Baku Shipyard LLC\",\"alternateName\":\"\u0411\u0430\u043a\u0438\u043d\u0441\u043a\u0438\u0439 \u0421\u0443\u0434\u043e\u0441\u0442\u0440\u043e\u0438\u0442\u0435\u043b\u044c\u043d\u044b\u0439 \u0417\u0430\u0432\u043e\u0434\",\"url\":\"https:\/\/bakushipyard.com\/\",\"logo\":{\"@type\":\"ImageObject\",\"inLanguage\":\"az\",\"@id\":\"https:\/\/bakushipyard.com\/#\/schema\/logo\/image\/\",\"url\":\"https:\/\/bakushipyard.com\/wp-content\/uploads\/2023\/02\/mid_Logotype.png\",\"contentUrl\":\"https:\/\/bakushipyard.com\/wp-content\/uploads\/2023\/02\/mid_Logotype.png\",\"width\":621,\"height\":351,\"caption\":\"Baku Shipyard LLC\"},\"image\":{\"@id\":\"https:\/\/bakushipyard.com\/#\/schema\/logo\/image\/\"},\"sameAs\":[\"https:\/\/www.facebook.com\/bakushipyard\",\"https:\/\/www.linkedin.com\/company\/2671307\"]}]}<\/script>\n<!-- \/ Yoast SEO Premium plugin. -->","yoast_head_json":{"title":"T\u0130BB\u0130 SI\u011eORTA X\u0130DM\u018fT\u0130N\u0130N KEYF\u0130YY\u018fT\u0130N\u0130N Q\u0130YM\u018fTL\u018fND\u0130R\u0130LM\u018fS\u0130 - Baku Shipyard LLC","robots":{"index":"index","follow":"follow","max-snippet":"max-snippet:-1","max-image-preview":"max-image-preview:large","max-video-preview":"max-video-preview:-1"},"canonical":"https:\/\/bakushipyard.com\/az\/career\/sigortasorgusu\/","og_locale":"az_AZ","og_type":"article","og_title":"T\u0130BB\u0130 SI\u011eORTA X\u0130DM\u018fT\u0130N\u0130N KEYF\u0130YY\u018fT\u0130N\u0130N Q\u0130YM\u018fTL\u018fND\u0130R\u0130LM\u018fS\u0130","og_description":"Burada al\u0131nt\u0131 yoxdur \u00e7\u00fcnki bu yaz\u0131 parolla qorunur.","og_url":"https:\/\/bakushipyard.com\/az\/career\/sigortasorgusu\/","og_site_name":"Baku Shipyard LLC","article_publisher":"https:\/\/www.facebook.com\/bakushipyard","article_modified_time":"2025-07-15T06:04:56+00:00","twitter_card":"summary_large_image","twitter_misc":{"Est. reading time":"2 minutes"},"schema":{"@context":"https:\/\/schema.org","@graph":[{"@type":"WebPage","@id":"https:\/\/bakushipyard.com\/career\/sigortasorgusu\/","url":"https:\/\/bakushipyard.com\/career\/sigortasorgusu\/","name":"T\u0130BB\u0130 SI\u011eORTA X\u0130DM\u018fT\u0130N\u0130N KEYF\u0130YY\u018fT\u0130N\u0130N Q\u0130YM\u018fTL\u018fND\u0130R\u0130LM\u018fS\u0130 - Baku Shipyard LLC","isPartOf":{"@id":"https:\/\/bakushipyard.com\/#website"},"datePublished":"2025-06-13T04:54:13+00:00","dateModified":"2025-07-15T06:04:56+00:00","breadcrumb":{"@id":"https:\/\/bakushipyard.com\/career\/sigortasorgusu\/#breadcrumb"},"inLanguage":"az"},{"@type":"WebSite","@id":"https:\/\/bakushipyard.com\/#website","url":"https:\/\/bakushipyard.com\/","name":"Baku Shipyard LLC","description":"Shipbuilding | Ship Repair | Engineering","publisher":{"@id":"https:\/\/bakushipyard.com\/#organization"},"alternateName":"G\u0259miqay\u0131rma Zavodu","potentialAction":[{"@type":"SearchAction","target":{"@type":"EntryPoint","urlTemplate":"https:\/\/bakushipyard.com\/?s={search_term_string}"},"query-input":{"@type":"PropertyValueSpecification","valueRequired":true,"valueName":"search_term_string"}}],"inLanguage":"az"},{"@type":"Organization","@id":"https:\/\/bakushipyard.com\/#organization","name":"Baku Shipyard LLC","alternateName":"\u0411\u0430\u043a\u0438\u043d\u0441\u043a\u0438\u0439 \u0421\u0443\u0434\u043e\u0441\u0442\u0440\u043e\u0438\u0442\u0435\u043b\u044c\u043d\u044b\u0439 \u0417\u0430\u0432\u043e\u0434","url":"https:\/\/bakushipyard.com\/","logo":{"@type":"ImageObject","inLanguage":"az","@id":"https:\/\/bakushipyard.com\/#\/schema\/logo\/image\/","url":"https:\/\/bakushipyard.com\/wp-content\/uploads\/2023\/02\/mid_Logotype.png","contentUrl":"https:\/\/bakushipyard.com\/wp-content\/uploads\/2023\/02\/mid_Logotype.png","width":621,"height":351,"caption":"Baku Shipyard LLC"},"image":{"@id":"https:\/\/bakushipyard.com\/#\/schema\/logo\/image\/"},"sameAs":["https:\/\/www.facebook.com\/bakushipyard","https:\/\/www.linkedin.com\/company\/2671307"]}]}},"_links":{"self":[{"href":"https:\/\/bakushipyard.com\/az\/wp-json\/wp\/v2\/pages\/22004","targetHints":{"allow":["GET"]}}],"collection":[{"href":"https:\/\/bakushipyard.com\/az\/wp-json\/wp\/v2\/pages"}],"about":[{"href":"https:\/\/bakushipyard.com\/az\/wp-json\/wp\/v2\/types\/page"}],"author":[{"embeddable":true,"href":"https:\/\/bakushipyard.com\/az\/wp-json\/wp\/v2\/users\/1"}],"replies":[{"embeddable":true,"href":"https:\/\/bakushipyard.com\/az\/wp-json\/wp\/v2\/comments?post=22004"}],"version-history":[{"count":4,"href":"https:\/\/bakushipyard.com\/az\/wp-json\/wp\/v2\/pages\/22004\/revisions"}],"predecessor-version":[{"id":22011,"href":"https:\/\/bakushipyard.com\/az\/wp-json\/wp\/v2\/pages\/22004\/revisions\/22011"}],"up":[{"embeddable":true,"href":"https:\/\/bakushipyard.com\/az\/wp-json\/wp\/v2\/pages\/408"}],"wp:attachment":[{"href":"https:\/\/bakushipyard.com\/az\/wp-json\/wp\/v2\/media?parent=22004"}],"curies":[{"name":"wp","href":"https:\/\/api.w.org\/{rel}","templated":true}]}}