{"id":20240,"date":"2024-06-25T12:34:11","date_gmt":"2024-06-25T08:34:11","guid":{"rendered":"https:\/\/bakushipyard.com\/?page_id=20240"},"modified":"2024-06-25T12:38:14","modified_gmt":"2024-06-25T08:38:14","slug":"message-to-the-chairman","status":"publish","type":"page","link":"https:\/\/bakushipyard.com\/az\/message-to-the-chairman\/","title":{"rendered":"S\u0259dr\u0259 mesaj yaz\u0131n."},"content":{"rendered":"<div data-elementor-type=\"wp-page\" data-elementor-id=\"20240\" class=\"elementor elementor-20240\" data-elementor-post-type=\"page\">\n\t\t\t\t\t\t<section data-particle_enable=\"false\" data-particle-mobile-disabled=\"false\" class=\"elementor-section elementor-top-section elementor-element elementor-element-669082f elementor-section-boxed elementor-section-height-default elementor-section-height-default\" data-id=\"669082f\" data-element_type=\"section\" data-settings=\"{&quot;ekit_has_onepagescroll_dot&quot;:&quot;yes&quot;}\">\n\t\t\t\t\t\t<div class=\"elementor-container elementor-column-gap-default\">\n\t\t\t\t\t<div class=\"elementor-column elementor-col-100 elementor-top-column elementor-element elementor-element-73dce50\" data-id=\"73dce50\" data-element_type=\"column\">\n\t\t\t<div class=\"elementor-widget-wrap elementor-element-populated\">\n\t\t\t\t\t\t<div class=\"elementor-element elementor-element-d587944 elementor-widget elementor-widget-text-editor\" data-id=\"d587944\" data-element_type=\"widget\" data-settings=\"{&quot;ekit_we_effect_on&quot;:&quot;none&quot;}\" data-widget_type=\"text-editor.default\">\n\t\t\t\t<div class=\"elementor-widget-container\">\n\t\t\t\t\t\t\t\t\t<p>Sizin fikirl\u0259riniz v\u0259 geribildiriminiz bizim \u00fc\u00e7\u00fcn \u00e7ox d\u0259y\u0259rlidir. H\u0259r hans\u0131 bir t\u0259klifiniz, narahatl\u0131\u011f\u0131n\u0131z varsa v\u0259 ya t\u0259cr\u00fcb\u0259l\u0259rinizi payla\u015fmaq ist\u0259yirsinizs\u0259, z\u0259hm\u0259t olmasa a\u015fa\u011f\u0131dak\u0131 formu istifad\u0259 ed\u0259r\u0259k birba\u015fa S\u0259drl\u0259 \u0259laq\u0259 qurun. Sizin r\u0259yiniz bizim xidm\u0259tl\u0259rimizi v\u0259 \u0259m\u0259liyyatlar\u0131m\u0131z\u0131 inki\u015faf etdirm\u0259kd\u0259 biz\u0259 \u00e7ox k\u00f6m\u0259k ed\u0259c\u0259kdir. Mesaj\u0131n\u0131z\u0131n detallar\u0131 il\u0259 formu doldurun:<\/p>\n\t\t\t\t\t\t\t\t<\/div>\n\t\t\t\t<\/div>\n\t\t\t\t\t<\/div>\n\t\t<\/div>\n\t\t\t\t\t<\/div>\n\t\t<\/section>\n\t\t\t\t<section data-particle_enable=\"false\" data-particle-mobile-disabled=\"false\" class=\"elementor-section elementor-top-section elementor-element elementor-element-5c02793 elementor-section-boxed elementor-section-height-default elementor-section-height-default\" data-id=\"5c02793\" data-element_type=\"section\" data-settings=\"{&quot;ekit_has_onepagescroll_dot&quot;:&quot;yes&quot;}\">\n\t\t\t\t\t\t<div class=\"elementor-container elementor-column-gap-default\">\n\t\t\t\t\t<div class=\"elementor-column elementor-col-100 elementor-top-column elementor-element elementor-element-8f97546\" data-id=\"8f97546\" data-element_type=\"column\">\n\t\t\t<div class=\"elementor-widget-wrap elementor-element-populated\">\n\t\t\t\t\t\t<div class=\"elementor-element elementor-element-91b1413 elementor-widget elementor-widget-formidable\" data-id=\"91b1413\" data-element_type=\"widget\" data-settings=\"{&quot;ekit_we_effect_on&quot;:&quot;none&quot;}\" data-widget_type=\"formidable.default\">\n\t\t\t\t<div class=\"elementor-widget-container\">\n\t\t\t\t\t<div class=\"frm_forms  with_frm_style frm_style_formidable-style\" id=\"frm_form_25_container\" >\n<form enctype=\"multipart\/form-data\" method=\"post\" class=\"frm-show-form  frm_pro_form\" id=\"form_contact-ceo\" action=\"\"  >\n<div class=\"frm_form_fields\">\n<fieldset>\n<legend class=\"frm_screen_reader\">S\u0259dr\u0259 mesaj yaz\u0131n.<\/legend>\r\n\r\n<div class=\"frm_fields_container\">\n<input type=\"hidden\" name=\"frm_action\" value=\"create\" \/>\n<input type=\"hidden\" name=\"form_id\" value=\"25\" \/>\n<input type=\"hidden\" name=\"frm_hide_fields_25\" id=\"frm_hide_fields_25\" value=\"\" \/>\n<input type=\"hidden\" name=\"form_key\" value=\"contact-ceo\" \/>\n<input type=\"hidden\" name=\"item_meta[0]\" value=\"\" \/>\n<input type=\"hidden\" id=\"frm_submit_entry_25\" name=\"frm_submit_entry_25\" value=\"36c16a020a\" \/><input type=\"hidden\" name=\"_wp_http_referer\" value=\"\/az\/wp-json\/wp\/v2\/pages\/20240\" \/><div id=\"frm_field_166_container\" class=\"frm_form_field form-field  frm_required_field frm_top_container frm_first frm_half\">\r\n    <label for=\"field_qh4icy\" id=\"field_qh4icy_label\" class=\"frm_primary_label\">Name\r\n        <span class=\"frm_requirqh4icyed\" aria-hidden=\"true\">*<\/span>\r\n    <\/label>\r\n    <input type=\"text\" id=\"field_qh4icy\" name=\"item_meta[166]\" value=\"\"  data-reqmsg=\"Bua xana bo\u015f olmamal\u0131d\u0131r \/ This field cannot be blank.\" aria-required=\"true\" data-invmsg=\"Name is invalid\" aria-invalid=\"false\"   aria-describedby=\"frm_desc_field_qh4icy\"\/>\r\n    <div class=\"frm_description\" id=\"frm_desc_field_qh4icy\">Ad\u0131n\u0131z<\/div>\r\n    \r\n<\/div>\n<div id=\"frm_field_167_container\" class=\"frm_form_field form-field  frm_required_field frm_hidden_container frm_half\">\r\n    <label for=\"field_ocfup1\" id=\"field_ocfup1_label\" class=\"frm_primary_label\">\r\n        <span class=\"frm_required\" aria-hidden=\"true\">*<\/span>\r\n    <\/label>\r\n    <input type=\"text\" id=\"field_ocfup1\" name=\"item_meta[167]\" value=\"\"  data-reqmsg=\"Bua xana bo\u015f olmamal\u0131d\u0131r \/ This field cannot be blank.\" aria-required=\"true\" data-invmsg=\"Last is invalid\" aria-invalid=\"false\"   aria-describedby=\"frm_desc_field_ocfup1\"\/>\r\n    <div class=\"frm_description\" id=\"frm_desc_field_ocfup1\">Soyad\u0131n\u0131z<\/div>\r\n    \r\n<\/div>\n<div id=\"frm_field_168_container\" class=\"frm_form_field form-field  frm_required_field frm_top_container frm_full\">\r\n    <label for=\"field_29yf4d\" id=\"field_29yf4d_label\" class=\"frm_primary_label\">Email \u00dcnvan\u0131n\u0131z\r\n        <span class=\"frm_required\" aria-hidden=\"true\">*<\/span>\r\n    <\/label>\r\n    <input type=\"email\" id=\"field_29yf4d\" name=\"item_meta[168]\" value=\"\"  data-reqmsg=\"Bua xana bo\u015f olmamal\u0131d\u0131r \/ This field cannot be blank.\" aria-required=\"true\" data-invmsg=\"Please enter a valid email address\" aria-invalid=\"false\"   aria-describedby=\"frm_desc_field_29yf4d\"\/>\r\n    <div class=\"frm_description\" id=\"frm_desc_field_29yf4d\">M\u0259s.: user@website.com<\/div>\r\n    \r\n<\/div>\n<div id=\"frm_field_169_container\" class=\"frm_form_field form-field  frm_required_field frm_top_container frm_full\">\r\n    <label for=\"field_e6lis6\" id=\"field_e6lis6_label\" class=\"frm_primary_label\">M\u00f6vzu\r\n        <span class=\"frm_required\" aria-hidden=\"true\">*<\/span>\r\n    <\/label>\r\n    <input type=\"text\" id=\"field_e6lis6\" name=\"item_meta[169]\" value=\"\"  data-reqmsg=\"Bua xana bo\u015f olmamal\u0131d\u0131r \/ This field cannot be blank.\" aria-required=\"true\" data-invmsg=\"Subject is invalid\" aria-invalid=\"false\"   aria-describedby=\"frm_desc_field_e6lis6\"\/>\r\n    <div class=\"frm_description\" id=\"frm_desc_field_e6lis6\">Siz\u0259 nec\u0259 k\u00f6m\u0259k ed\u0259 bil\u0259rik?<\/div>\r\n    \r\n<\/div>\n<div id=\"frm_field_170_container\" class=\"frm_form_field form-field  frm_required_field frm_top_container frm_full\">\r\n    <label for=\"field_9jv0r1\" id=\"field_9jv0r1_label\" class=\"frm_primary_label\">\u015e\u0259rhiniz \/ Sual\u0131n\u0131z \r\n        <span class=\"frm_required\" aria-hidden=\"true\">*<\/span>\r\n    <\/label>\r\n    <textarea name=\"item_meta[170]\" id=\"field_9jv0r1\" rows=\"5\"  data-reqmsg=\"Bua xana bo\u015f olmamal\u0131d\u0131r \/ This field cannot be blank.\" aria-required=\"true\" data-invmsg=\"Comments \/ Questions  is invalid\" aria-invalid=\"false\"  ><\/textarea>\r\n    \r\n    \r\n<\/div>\n<div id=\"frm_field_171_container\" class=\"frm_form_field form-field  frm_none_container\">\r\n    <label for=\"g-recaptcha-response\" id=\"field_bw7x42_label\" class=\"frm_primary_label\">reCAPTCHA\r\n        <span class=\"frm_required\" aria-hidden=\"true\"><\/span>\r\n    <\/label>\r\n    <div id=\"field_bw7x42\" class=\"frm-g-recaptcha\" data-sitekey=\"6LfUt7YdAAAAAHlwxuRq5V2jdMXX1o0T4dIs7xnJ\" data-size=\"normal\" data-theme=\"light\"><\/div>\r\n    \r\n    \r\n<\/div>\n\t<input type=\"hidden\" name=\"item_key\" value=\"\" \/>\n\t\t\t\t<div class=\"frm_verify\" aria-hidden=\"true\">\n\t\t\t\t<label for=\"frm_email_25\">\n\t\t\t\t\tIf you are human, leave this field blank.\t\t\t\t<\/label>\n\t\t\t\t<input type=\"text\" class=\"frm_verify\" id=\"frm_email_25\" name=\"frm_verify\" value=\"\"  \/>\n\t\t\t<\/div>\n\t\t<input name=\"frm_state\" type=\"hidden\" value=\"8d+G1bdhlTULWwtC7XGMBUp\/PECYKWJkUqdd1MA\/EeY=\" \/><div class=\"frm_submit\">\r\n\r\n<button class=\"frm_button_submit frm_final_submit\" type=\"submit\"   formnovalidate=\"formnovalidate\">G\u00f6nd\u0259r<\/button>\r\n\r\n<\/div><\/div>\n<\/fieldset>\n<\/div>\n<input type=\"hidden\" name=\"trp-form-language\" value=\"az\"\/><\/form>\n<\/div>\n\t\t\t\t<\/div>\n\t\t\t\t<\/div>\n\t\t\t\t\t<\/div>\n\t\t<\/div>\n\t\t\t\t\t<\/div>\n\t\t<\/section>\n\t\t\t\t<\/div>","protected":false},"excerpt":{"rendered":"<p>We value your insights and feedback. If you have any suggestions, concerns, or would like to share your experiences, please use the form below to send a message directly to the Chairman. Your input is crucial to us as we strive to improve our services and operations. Please fill out the form with the details<\/p>","protected":false},"author":1,"featured_media":0,"parent":0,"menu_order":0,"comment_status":"closed","ping_status":"closed","template":"","meta":{"footnotes":""},"class_list":["post-20240","page","type-page","status-publish","hentry"],"yoast_head":"<!-- This site is optimized with the Yoast SEO Premium plugin v26.7 (Yoast SEO v26.8) - https:\/\/yoast.com\/product\/yoast-seo-premium-wordpress\/ -->\n<title>Message to the Chairman - Baku Shipyard LLC<\/title>\n<meta name=\"robots\" content=\"index, follow, max-snippet:-1, max-image-preview:large, max-video-preview:-1\" \/>\n<link rel=\"canonical\" href=\"https:\/\/bakushipyard.com\/az\/message-to-the-chairman\/\" \/>\n<meta property=\"og:locale\" content=\"az_AZ\" \/>\n<meta property=\"og:type\" content=\"article\" \/>\n<meta property=\"og:title\" content=\"Message to the Chairman\" \/>\n<meta property=\"og:description\" content=\"We value your insights and feedback. If you have any suggestions, concerns, or would like to share your experiences, please use the form below to send a message directly to the Chairman. Your input is crucial to us as we strive to improve our services and operations. Please fill out the form with the details\" \/>\n<meta property=\"og:url\" content=\"https:\/\/bakushipyard.com\/az\/message-to-the-chairman\/\" \/>\n<meta property=\"og:site_name\" content=\"Baku Shipyard LLC\" \/>\n<meta property=\"article:publisher\" content=\"https:\/\/www.facebook.com\/bakushipyard\" \/>\n<meta property=\"article:modified_time\" content=\"2024-06-25T08:38:14+00:00\" \/>\n<meta property=\"og:image\" content=\"https:\/\/bakushipyard.com\/wp-content\/uploads\/2023\/01\/2121.jpg\" \/>\n\t<meta property=\"og:image:width\" content=\"1340\" \/>\n\t<meta property=\"og:image:height\" content=\"581\" \/>\n\t<meta property=\"og:image:type\" content=\"image\/jpeg\" \/>\n<meta name=\"twitter:card\" content=\"summary_large_image\" \/>\n<meta name=\"twitter:label1\" content=\"Est. reading time\" \/>\n\t<meta name=\"twitter:data1\" content=\"1 minute\" \/>\n<script type=\"application\/ld+json\" class=\"yoast-schema-graph\">{\"@context\":\"https:\/\/schema.org\",\"@graph\":[{\"@type\":\"WebPage\",\"@id\":\"https:\/\/bakushipyard.com\/message-to-the-chairman\/\",\"url\":\"https:\/\/bakushipyard.com\/message-to-the-chairman\/\",\"name\":\"Message to the Chairman - Baku Shipyard LLC\",\"isPartOf\":{\"@id\":\"https:\/\/bakushipyard.com\/#website\"},\"datePublished\":\"2024-06-25T08:34:11+00:00\",\"dateModified\":\"2024-06-25T08:38:14+00:00\",\"breadcrumb\":{\"@id\":\"https:\/\/bakushipyard.com\/message-to-the-chairman\/#breadcrumb\"},\"inLanguage\":\"az\",\"potentialAction\":[{\"@type\":\"ReadAction\",\"target\":[\"https:\/\/bakushipyard.com\/message-to-the-chairman\/\"]}]},{\"@type\":\"BreadcrumbList\",\"@id\":\"https:\/\/bakushipyard.com\/message-to-the-chairman\/#breadcrumb\",\"itemListElement\":[{\"@type\":\"ListItem\",\"position\":1,\"name\":\"Home\",\"item\":\"https:\/\/bakushipyard.com\/\"},{\"@type\":\"ListItem\",\"position\":2,\"name\":\"Message to the Chairman\"}]},{\"@type\":\"WebSite\",\"@id\":\"https:\/\/bakushipyard.com\/#website\",\"url\":\"https:\/\/bakushipyard.com\/\",\"name\":\"Baku Shipyard LLC\",\"description\":\"Shipbuilding | Ship Repair | Engineering\",\"publisher\":{\"@id\":\"https:\/\/bakushipyard.com\/#organization\"},\"alternateName\":\"G\u0259miqay\u0131rma Zavodu\",\"potentialAction\":[{\"@type\":\"SearchAction\",\"target\":{\"@type\":\"EntryPoint\",\"urlTemplate\":\"https:\/\/bakushipyard.com\/?s={search_term_string}\"},\"query-input\":{\"@type\":\"PropertyValueSpecification\",\"valueRequired\":true,\"valueName\":\"search_term_string\"}}],\"inLanguage\":\"az\"},{\"@type\":\"Organization\",\"@id\":\"https:\/\/bakushipyard.com\/#organization\",\"name\":\"Baku Shipyard LLC\",\"alternateName\":\"\u0411\u0430\u043a\u0438\u043d\u0441\u043a\u0438\u0439 \u0421\u0443\u0434\u043e\u0441\u0442\u0440\u043e\u0438\u0442\u0435\u043b\u044c\u043d\u044b\u0439 \u0417\u0430\u0432\u043e\u0434\",\"url\":\"https:\/\/bakushipyard.com\/\",\"logo\":{\"@type\":\"ImageObject\",\"inLanguage\":\"az\",\"@id\":\"https:\/\/bakushipyard.com\/#\/schema\/logo\/image\/\",\"url\":\"https:\/\/bakushipyard.com\/wp-content\/uploads\/2023\/02\/mid_Logotype.png\",\"contentUrl\":\"https:\/\/bakushipyard.com\/wp-content\/uploads\/2023\/02\/mid_Logotype.png\",\"width\":621,\"height\":351,\"caption\":\"Baku Shipyard LLC\"},\"image\":{\"@id\":\"https:\/\/bakushipyard.com\/#\/schema\/logo\/image\/\"},\"sameAs\":[\"https:\/\/www.facebook.com\/bakushipyard\",\"https:\/\/www.linkedin.com\/company\/2671307\"]}]}<\/script>\n<!-- \/ Yoast SEO Premium plugin. -->","yoast_head_json":{"title":"Message to the Chairman - Baku Shipyard LLC","robots":{"index":"index","follow":"follow","max-snippet":"max-snippet:-1","max-image-preview":"max-image-preview:large","max-video-preview":"max-video-preview:-1"},"canonical":"https:\/\/bakushipyard.com\/az\/message-to-the-chairman\/","og_locale":"az_AZ","og_type":"article","og_title":"Message to the Chairman","og_description":"We value your insights and feedback. If you have any suggestions, concerns, or would like to share your experiences, please use the form below to send a message directly to the Chairman. Your input is crucial to us as we strive to improve our services and operations. Please fill out the form with the details","og_url":"https:\/\/bakushipyard.com\/az\/message-to-the-chairman\/","og_site_name":"Baku Shipyard LLC","article_publisher":"https:\/\/www.facebook.com\/bakushipyard","article_modified_time":"2024-06-25T08:38:14+00:00","og_image":[{"width":1340,"height":581,"url":"https:\/\/bakushipyard.com\/wp-content\/uploads\/2023\/01\/2121.jpg","type":"image\/jpeg"}],"twitter_card":"summary_large_image","twitter_misc":{"Est. reading time":"1 minute"},"schema":{"@context":"https:\/\/schema.org","@graph":[{"@type":"WebPage","@id":"https:\/\/bakushipyard.com\/message-to-the-chairman\/","url":"https:\/\/bakushipyard.com\/message-to-the-chairman\/","name":"Message to the Chairman - Baku Shipyard LLC","isPartOf":{"@id":"https:\/\/bakushipyard.com\/#website"},"datePublished":"2024-06-25T08:34:11+00:00","dateModified":"2024-06-25T08:38:14+00:00","breadcrumb":{"@id":"https:\/\/bakushipyard.com\/message-to-the-chairman\/#breadcrumb"},"inLanguage":"az","potentialAction":[{"@type":"ReadAction","target":["https:\/\/bakushipyard.com\/message-to-the-chairman\/"]}]},{"@type":"BreadcrumbList","@id":"https:\/\/bakushipyard.com\/message-to-the-chairman\/#breadcrumb","itemListElement":[{"@type":"ListItem","position":1,"name":"Home","item":"https:\/\/bakushipyard.com\/"},{"@type":"ListItem","position":2,"name":"Message to the Chairman"}]},{"@type":"WebSite","@id":"https:\/\/bakushipyard.com\/#website","url":"https:\/\/bakushipyard.com\/","name":"Baku Shipyard LLC","description":"Shipbuilding | Ship Repair | Engineering","publisher":{"@id":"https:\/\/bakushipyard.com\/#organization"},"alternateName":"G\u0259miqay\u0131rma Zavodu","potentialAction":[{"@type":"SearchAction","target":{"@type":"EntryPoint","urlTemplate":"https:\/\/bakushipyard.com\/?s={search_term_string}"},"query-input":{"@type":"PropertyValueSpecification","valueRequired":true,"valueName":"search_term_string"}}],"inLanguage":"az"},{"@type":"Organization","@id":"https:\/\/bakushipyard.com\/#organization","name":"Baku Shipyard LLC","alternateName":"\u0411\u0430\u043a\u0438\u043d\u0441\u043a\u0438\u0439 \u0421\u0443\u0434\u043e\u0441\u0442\u0440\u043e\u0438\u0442\u0435\u043b\u044c\u043d\u044b\u0439 \u0417\u0430\u0432\u043e\u0434","url":"https:\/\/bakushipyard.com\/","logo":{"@type":"ImageObject","inLanguage":"az","@id":"https:\/\/bakushipyard.com\/#\/schema\/logo\/image\/","url":"https:\/\/bakushipyard.com\/wp-content\/uploads\/2023\/02\/mid_Logotype.png","contentUrl":"https:\/\/bakushipyard.com\/wp-content\/uploads\/2023\/02\/mid_Logotype.png","width":621,"height":351,"caption":"Baku Shipyard LLC"},"image":{"@id":"https:\/\/bakushipyard.com\/#\/schema\/logo\/image\/"},"sameAs":["https:\/\/www.facebook.com\/bakushipyard","https:\/\/www.linkedin.com\/company\/2671307"]}]}},"_links":{"self":[{"href":"https:\/\/bakushipyard.com\/az\/wp-json\/wp\/v2\/pages\/20240","targetHints":{"allow":["GET"]}}],"collection":[{"href":"https:\/\/bakushipyard.com\/az\/wp-json\/wp\/v2\/pages"}],"about":[{"href":"https:\/\/bakushipyard.com\/az\/wp-json\/wp\/v2\/types\/page"}],"author":[{"embeddable":true,"href":"https:\/\/bakushipyard.com\/az\/wp-json\/wp\/v2\/users\/1"}],"replies":[{"embeddable":true,"href":"https:\/\/bakushipyard.com\/az\/wp-json\/wp\/v2\/comments?post=20240"}],"version-history":[{"count":0,"href":"https:\/\/bakushipyard.com\/az\/wp-json\/wp\/v2\/pages\/20240\/revisions"}],"wp:attachment":[{"href":"https:\/\/bakushipyard.com\/az\/wp-json\/wp\/v2\/media?parent=20240"}],"curies":[{"name":"wp","href":"https:\/\/api.w.org\/{rel}","templated":true}]}}