{"id":18338,"date":"2023-01-30T10:57:33","date_gmt":"2023-01-30T06:57:33","guid":{"rendered":"https:\/\/bakushipyard.com\/?page_id=18338"},"modified":"2024-09-02T15:25:49","modified_gmt":"2024-09-02T11:25:49","slug":"certificates","status":"publish","type":"page","link":"https:\/\/bakushipyard.com\/az\/certificates\/","title":{"rendered":"Sertifikatlar"},"content":{"rendered":"<div data-elementor-type=\"wp-page\" data-elementor-id=\"18338\" class=\"elementor elementor-18338\" data-elementor-post-type=\"page\">\n\t\t\t\t\t\t<section data-particle_enable=\"false\" data-particle-mobile-disabled=\"false\" class=\"elementor-section elementor-top-section elementor-element elementor-element-ff7f792 elementor-section-boxed elementor-section-height-default elementor-section-height-default\" data-id=\"ff7f792\" data-element_type=\"section\" data-settings=\"{&quot;ekit_has_onepagescroll_dot&quot;:&quot;yes&quot;}\">\n\t\t\t\t\t\t<div class=\"elementor-container elementor-column-gap-default\">\n\t\t\t\t\t<div class=\"elementor-column elementor-col-100 elementor-top-column elementor-element elementor-element-a3a4751\" data-id=\"a3a4751\" data-element_type=\"column\">\n\t\t\t<div class=\"elementor-widget-wrap elementor-element-populated\">\n\t\t\t\t\t\t<div class=\"elementor-element elementor-element-79a4e70 elementor-widget elementor-widget-spacer\" data-id=\"79a4e70\" data-element_type=\"widget\" data-settings=\"{&quot;ekit_we_effect_on&quot;:&quot;none&quot;}\" data-widget_type=\"spacer.default\">\n\t\t\t\t<div class=\"elementor-widget-container\">\n\t\t\t\t\t\t\t<div class=\"elementor-spacer\">\n\t\t\t<div class=\"elementor-spacer-inner\"><\/div>\n\t\t<\/div>\n\t\t\t\t\t\t<\/div>\n\t\t\t\t<\/div>\n\t\t\t\t<div class=\"elementor-element elementor-element-61d7256 elementor-widget elementor-widget-text-editor\" data-id=\"61d7256\" data-element_type=\"widget\" data-settings=\"{&quot;ekit_we_effect_on&quot;:&quot;none&quot;}\" data-widget_type=\"text-editor.default\">\n\t\t\t\t<div class=\"elementor-widget-container\">\n\t\t\t\t\t\t\t\t\t<p>\u00a0Bak\u0131 G\u0259miqay\u0131rma Zavodu S\u018fT\u018fM \u0130dar\u0259etm\u0259 Sistemi \u00fc\u00e7\u00fcn ABS t\u0259r\u0259find\u0259n ISO 14001:2015 v\u0259 OHSAS 18001:2007 sertifikatlar\u0131 il\u0259 akkredit\u0259 olunub <strong>ISO 9001:2015, <\/strong><strong>ISO 14001:2015 &amp; ISO 45001:2018 certificates<\/strong>\u00a0by ABS for HSE Management System<\/p>\n\t\t\t\t\t\t\t\t<\/div>\n\t\t\t\t<\/div>\n\t\t\t\t\t<\/div>\n\t\t<\/div>\n\t\t\t\t\t<\/div>\n\t\t<\/section>\n\t\t\t\t<section data-particle_enable=\"false\" data-particle-mobile-disabled=\"false\" class=\"elementor-section elementor-top-section elementor-element elementor-element-d1a3c53 elementor-section-boxed elementor-section-height-default elementor-section-height-default\" data-id=\"d1a3c53\" data-element_type=\"section\" data-settings=\"{&quot;ekit_has_onepagescroll_dot&quot;:&quot;yes&quot;}\">\n\t\t\t\t\t\t<div class=\"elementor-container elementor-column-gap-default\">\n\t\t\t\t\t<div class=\"elementor-column elementor-col-50 elementor-top-column elementor-element elementor-element-f9c597e\" data-id=\"f9c597e\" data-element_type=\"column\">\n\t\t\t<div class=\"elementor-widget-wrap elementor-element-populated\">\n\t\t\t\t\t\t<div class=\"elementor-element elementor-element-52acc33 elementor-widget elementor-widget-image\" data-id=\"52acc33\" data-element_type=\"widget\" data-settings=\"{&quot;ekit_we_effect_on&quot;:&quot;none&quot;}\" data-widget_type=\"image.default\">\n\t\t\t\t<div class=\"elementor-widget-container\">\n\t\t\t\t\t\t\t\t\t\t\t\t\t\t\t<img fetchpriority=\"high\" decoding=\"async\" width=\"724\" height=\"1024\" src=\"https:\/\/bakushipyard.com\/wp-content\/uploads\/2024\/03\/ABS-ISO-9001-2015-QMS-Certificate-724x1024.webp\" class=\"attachment-large size-large wp-image-19996\" alt=\"\" srcset=\"https:\/\/bakushipyard.com\/wp-content\/uploads\/2024\/03\/ABS-ISO-9001-2015-QMS-Certificate-724x1024.webp 724w, https:\/\/bakushipyard.com\/wp-content\/uploads\/2024\/03\/ABS-ISO-9001-2015-QMS-Certificate-212x300.webp 212w, https:\/\/bakushipyard.com\/wp-content\/uploads\/2024\/03\/ABS-ISO-9001-2015-QMS-Certificate-768x1086.webp 768w, https:\/\/bakushipyard.com\/wp-content\/uploads\/2024\/03\/ABS-ISO-9001-2015-QMS-Certificate-1086x1536.webp 1086w, https:\/\/bakushipyard.com\/wp-content\/uploads\/2024\/03\/ABS-ISO-9001-2015-QMS-Certificate-1448x2048.webp 1448w, https:\/\/bakushipyard.com\/wp-content\/uploads\/2024\/03\/ABS-ISO-9001-2015-QMS-Certificate-8x12.webp 8w, https:\/\/bakushipyard.com\/wp-content\/uploads\/2024\/03\/ABS-ISO-9001-2015-QMS-Certificate-900x1273.webp 900w, https:\/\/bakushipyard.com\/wp-content\/uploads\/2024\/03\/ABS-ISO-9001-2015-QMS-Certificate-scaled.webp 1811w\" sizes=\"(max-width: 724px) 100vw, 724px\" \/>\t\t\t\t\t\t\t\t\t\t\t\t\t\t\t<\/div>\n\t\t\t\t<\/div>\n\t\t\t\t\t<\/div>\n\t\t<\/div>\n\t\t\t\t<div class=\"elementor-column elementor-col-50 elementor-top-column elementor-element elementor-element-031d929\" data-id=\"031d929\" data-element_type=\"column\">\n\t\t\t<div class=\"elementor-widget-wrap elementor-element-populated\">\n\t\t\t\t\t\t<div class=\"elementor-element elementor-element-dab8c92 elementor-widget elementor-widget-image\" data-id=\"dab8c92\" data-element_type=\"widget\" data-settings=\"{&quot;ekit_we_effect_on&quot;:&quot;none&quot;}\" data-widget_type=\"image.default\">\n\t\t\t\t<div class=\"elementor-widget-container\">\n\t\t\t\t\t\t\t\t\t\t\t\t\t\t\t<img decoding=\"async\" width=\"718\" height=\"1024\" src=\"https:\/\/bakushipyard.com\/wp-content\/uploads\/2024\/09\/RMRS2024-718x1024.webp\" class=\"attachment-large size-large wp-image-20479\" alt=\"\" srcset=\"https:\/\/bakushipyard.com\/wp-content\/uploads\/2024\/09\/RMRS2024-718x1024.webp 718w, https:\/\/bakushipyard.com\/wp-content\/uploads\/2024\/09\/RMRS2024-210x300.webp 210w, https:\/\/bakushipyard.com\/wp-content\/uploads\/2024\/09\/RMRS2024-768x1096.webp 768w, https:\/\/bakushipyard.com\/wp-content\/uploads\/2024\/09\/RMRS2024-1077x1536.webp 1077w, https:\/\/bakushipyard.com\/wp-content\/uploads\/2024\/09\/RMRS2024-1436x2048.webp 1436w, https:\/\/bakushipyard.com\/wp-content\/uploads\/2024\/09\/RMRS2024-8x12.webp 8w, https:\/\/bakushipyard.com\/wp-content\/uploads\/2024\/09\/RMRS2024-900x1284.webp 900w, https:\/\/bakushipyard.com\/wp-content\/uploads\/2024\/09\/RMRS2024-scaled.webp 1795w\" sizes=\"(max-width: 718px) 100vw, 718px\" \/>\t\t\t\t\t\t\t\t\t\t\t\t\t\t\t<\/div>\n\t\t\t\t<\/div>\n\t\t\t\t\t<\/div>\n\t\t<\/div>\n\t\t\t\t\t<\/div>\n\t\t<\/section>\n\t\t\t\t<section data-particle_enable=\"false\" data-particle-mobile-disabled=\"false\" class=\"elementor-section elementor-top-section elementor-element elementor-element-e387262 elementor-section-boxed elementor-section-height-default elementor-section-height-default\" data-id=\"e387262\" data-element_type=\"section\" data-settings=\"{&quot;ekit_has_onepagescroll_dot&quot;:&quot;yes&quot;}\">\n\t\t\t\t\t\t<div class=\"elementor-container elementor-column-gap-default\">\n\t\t\t\t\t<div class=\"elementor-column elementor-col-50 elementor-top-column elementor-element elementor-element-5727d09\" data-id=\"5727d09\" data-element_type=\"column\">\n\t\t\t<div class=\"elementor-widget-wrap elementor-element-populated\">\n\t\t\t\t\t\t<div class=\"elementor-element elementor-element-8bcdfc6 elementor-widget elementor-widget-image\" data-id=\"8bcdfc6\" data-element_type=\"widget\" data-settings=\"{&quot;ekit_we_effect_on&quot;:&quot;none&quot;}\" data-widget_type=\"image.default\">\n\t\t\t\t<div class=\"elementor-widget-container\">\n\t\t\t\t\t\t\t\t\t\t\t\t\t\t\t<img decoding=\"async\" width=\"724\" height=\"1024\" src=\"https:\/\/bakushipyard.com\/wp-content\/uploads\/2023\/01\/14001-1-724x1024.jpg\" class=\"attachment-large size-large wp-image-18343\" alt=\"\" srcset=\"https:\/\/bakushipyard.com\/wp-content\/uploads\/2023\/01\/14001-1-724x1024.jpg 724w, https:\/\/bakushipyard.com\/wp-content\/uploads\/2023\/01\/14001-1-212x300.jpg 212w, https:\/\/bakushipyard.com\/wp-content\/uploads\/2023\/01\/14001-1-768x1086.jpg 768w, https:\/\/bakushipyard.com\/wp-content\/uploads\/2023\/01\/14001-1-1086x1536.jpg 1086w, https:\/\/bakushipyard.com\/wp-content\/uploads\/2023\/01\/14001-1-1448x2048.jpg 1448w, https:\/\/bakushipyard.com\/wp-content\/uploads\/2023\/01\/14001-1-900x1273.jpg 900w, https:\/\/bakushipyard.com\/wp-content\/uploads\/2023\/01\/14001-1-scaled.jpg 1810w\" sizes=\"(max-width: 724px) 100vw, 724px\" \/>\t\t\t\t\t\t\t\t\t\t\t\t\t\t\t<\/div>\n\t\t\t\t<\/div>\n\t\t\t\t\t<\/div>\n\t\t<\/div>\n\t\t\t\t<div class=\"elementor-column elementor-col-50 elementor-top-column elementor-element elementor-element-076e647\" data-id=\"076e647\" data-element_type=\"column\">\n\t\t\t<div class=\"elementor-widget-wrap elementor-element-populated\">\n\t\t\t\t\t\t<div class=\"elementor-element elementor-element-2a3495d elementor-widget elementor-widget-image\" data-id=\"2a3495d\" data-element_type=\"widget\" data-settings=\"{&quot;ekit_we_effect_on&quot;:&quot;none&quot;}\" data-widget_type=\"image.default\">\n\t\t\t\t<div class=\"elementor-widget-container\">\n\t\t\t\t\t\t\t\t\t\t\t\t\t\t\t<img loading=\"lazy\" decoding=\"async\" width=\"724\" height=\"1024\" src=\"https:\/\/bakushipyard.com\/wp-content\/uploads\/2023\/01\/45001-724x1024.jpg\" class=\"attachment-large size-large wp-image-18344\" alt=\"\" srcset=\"https:\/\/bakushipyard.com\/wp-content\/uploads\/2023\/01\/45001-724x1024.jpg 724w, https:\/\/bakushipyard.com\/wp-content\/uploads\/2023\/01\/45001-212x300.jpg 212w, https:\/\/bakushipyard.com\/wp-content\/uploads\/2023\/01\/45001-768x1086.jpg 768w, https:\/\/bakushipyard.com\/wp-content\/uploads\/2023\/01\/45001-1086x1536.jpg 1086w, https:\/\/bakushipyard.com\/wp-content\/uploads\/2023\/01\/45001-1448x2048.jpg 1448w, https:\/\/bakushipyard.com\/wp-content\/uploads\/2023\/01\/45001-900x1273.jpg 900w, https:\/\/bakushipyard.com\/wp-content\/uploads\/2023\/01\/45001-scaled.jpg 1810w\" sizes=\"(max-width: 724px) 100vw, 724px\" \/>\t\t\t\t\t\t\t\t\t\t\t\t\t\t\t<\/div>\n\t\t\t\t<\/div>\n\t\t\t\t\t<\/div>\n\t\t<\/div>\n\t\t\t\t\t<\/div>\n\t\t<\/section>\n\t\t\t\t<section data-particle_enable=\"false\" data-particle-mobile-disabled=\"false\" class=\"elementor-section elementor-top-section elementor-element elementor-element-65c6a0a elementor-section-boxed elementor-section-height-default elementor-section-height-default\" data-id=\"65c6a0a\" data-element_type=\"section\" data-settings=\"{&quot;ekit_has_onepagescroll_dot&quot;:&quot;yes&quot;}\">\n\t\t\t\t\t\t<div class=\"elementor-container elementor-column-gap-default\">\n\t\t\t\t\t<div class=\"elementor-column elementor-col-50 elementor-top-column elementor-element elementor-element-9764466\" data-id=\"9764466\" data-element_type=\"column\">\n\t\t\t<div class=\"elementor-widget-wrap elementor-element-populated\">\n\t\t\t\t\t\t<div class=\"elementor-element elementor-element-04058a9 elementor-widget elementor-widget-image\" data-id=\"04058a9\" data-element_type=\"widget\" data-settings=\"{&quot;ekit_we_effect_on&quot;:&quot;none&quot;}\" data-widget_type=\"image.default\">\n\t\t\t\t<div class=\"elementor-widget-container\">\n\t\t\t\t\t\t\t\t\t\t\t\t\t\t\t<img loading=\"lazy\" decoding=\"async\" width=\"730\" height=\"1024\" src=\"https:\/\/bakushipyard.com\/wp-content\/uploads\/2024\/06\/Azerbaijan-State-Maritime-and-Port-Agency-Certificate-of-Conformity-2024_Page_1-730x1024.webp\" class=\"attachment-large size-large wp-image-20219\" alt=\"\" srcset=\"https:\/\/bakushipyard.com\/wp-content\/uploads\/2024\/06\/Azerbaijan-State-Maritime-and-Port-Agency-Certificate-of-Conformity-2024_Page_1-730x1024.webp 730w, https:\/\/bakushipyard.com\/wp-content\/uploads\/2024\/06\/Azerbaijan-State-Maritime-and-Port-Agency-Certificate-of-Conformity-2024_Page_1-214x300.webp 214w, https:\/\/bakushipyard.com\/wp-content\/uploads\/2024\/06\/Azerbaijan-State-Maritime-and-Port-Agency-Certificate-of-Conformity-2024_Page_1-768x1078.webp 768w, https:\/\/bakushipyard.com\/wp-content\/uploads\/2024\/06\/Azerbaijan-State-Maritime-and-Port-Agency-Certificate-of-Conformity-2024_Page_1-1095x1536.webp 1095w, https:\/\/bakushipyard.com\/wp-content\/uploads\/2024\/06\/Azerbaijan-State-Maritime-and-Port-Agency-Certificate-of-Conformity-2024_Page_1-1460x2048.webp 1460w, https:\/\/bakushipyard.com\/wp-content\/uploads\/2024\/06\/Azerbaijan-State-Maritime-and-Port-Agency-Certificate-of-Conformity-2024_Page_1-9x12.webp 9w, https:\/\/bakushipyard.com\/wp-content\/uploads\/2024\/06\/Azerbaijan-State-Maritime-and-Port-Agency-Certificate-of-Conformity-2024_Page_1-900x1263.webp 900w, https:\/\/bakushipyard.com\/wp-content\/uploads\/2024\/06\/Azerbaijan-State-Maritime-and-Port-Agency-Certificate-of-Conformity-2024_Page_1-jpg.webp 1588w\" sizes=\"(max-width: 730px) 100vw, 730px\" \/>\t\t\t\t\t\t\t\t\t\t\t\t\t\t\t<\/div>\n\t\t\t\t<\/div>\n\t\t\t\t\t<\/div>\n\t\t<\/div>\n\t\t\t\t<div class=\"elementor-column elementor-col-50 elementor-top-column elementor-element elementor-element-3d4879b\" data-id=\"3d4879b\" data-element_type=\"column\">\n\t\t\t<div class=\"elementor-widget-wrap elementor-element-populated\">\n\t\t\t\t\t\t<div class=\"elementor-element elementor-element-6cf20bf elementor-widget elementor-widget-image\" data-id=\"6cf20bf\" data-element_type=\"widget\" data-settings=\"{&quot;ekit_we_effect_on&quot;:&quot;none&quot;}\" data-widget_type=\"image.default\">\n\t\t\t\t<div class=\"elementor-widget-container\">\n\t\t\t\t\t\t\t\t\t\t\t\t\t\t\t<img loading=\"lazy\" decoding=\"async\" width=\"728\" height=\"1024\" src=\"https:\/\/bakushipyard.com\/wp-content\/uploads\/2024\/06\/Azerbaijan-State-Maritime-and-Port-Agency-Certificate-of-Conformity-2024_Page_2-728x1024.webp\" class=\"attachment-large size-large wp-image-20220\" alt=\"\" srcset=\"https:\/\/bakushipyard.com\/wp-content\/uploads\/2024\/06\/Azerbaijan-State-Maritime-and-Port-Agency-Certificate-of-Conformity-2024_Page_2-728x1024.webp 728w, https:\/\/bakushipyard.com\/wp-content\/uploads\/2024\/06\/Azerbaijan-State-Maritime-and-Port-Agency-Certificate-of-Conformity-2024_Page_2-213x300.webp 213w, https:\/\/bakushipyard.com\/wp-content\/uploads\/2024\/06\/Azerbaijan-State-Maritime-and-Port-Agency-Certificate-of-Conformity-2024_Page_2-768x1080.webp 768w, https:\/\/bakushipyard.com\/wp-content\/uploads\/2024\/06\/Azerbaijan-State-Maritime-and-Port-Agency-Certificate-of-Conformity-2024_Page_2-1092x1536.webp 1092w, https:\/\/bakushipyard.com\/wp-content\/uploads\/2024\/06\/Azerbaijan-State-Maritime-and-Port-Agency-Certificate-of-Conformity-2024_Page_2-1456x2048.webp 1456w, https:\/\/bakushipyard.com\/wp-content\/uploads\/2024\/06\/Azerbaijan-State-Maritime-and-Port-Agency-Certificate-of-Conformity-2024_Page_2-9x12.webp 9w, https:\/\/bakushipyard.com\/wp-content\/uploads\/2024\/06\/Azerbaijan-State-Maritime-and-Port-Agency-Certificate-of-Conformity-2024_Page_2-900x1266.webp 900w, https:\/\/bakushipyard.com\/wp-content\/uploads\/2024\/06\/Azerbaijan-State-Maritime-and-Port-Agency-Certificate-of-Conformity-2024_Page_2-jpg.webp 1583w\" sizes=\"(max-width: 728px) 100vw, 728px\" \/>\t\t\t\t\t\t\t\t\t\t\t\t\t\t\t<\/div>\n\t\t\t\t<\/div>\n\t\t\t\t\t<\/div>\n\t\t<\/div>\n\t\t\t\t\t<\/div>\n\t\t<\/section>\n\t\t\t\t<\/div>","protected":false},"excerpt":{"rendered":"<p>\u00a0Baku Shipyard is accredited with ISO 9001:2015, ISO 14001:2015 &amp; ISO 45001:2018 certificates\u00a0by ABS for HSE Management System<\/p>","protected":false},"author":1,"featured_media":0,"parent":0,"menu_order":0,"comment_status":"closed","ping_status":"closed","template":"","meta":{"footnotes":""},"class_list":["post-18338","page","type-page","status-publish","hentry"],"yoast_head":"<!-- This site is optimized with the Yoast SEO Premium plugin v26.7 (Yoast SEO v26.8) - https:\/\/yoast.com\/product\/yoast-seo-premium-wordpress\/ -->\n<title>Certificates - Baku Shipyard LLC<\/title>\n<meta name=\"robots\" content=\"index, follow, max-snippet:-1, max-image-preview:large, max-video-preview:-1\" \/>\n<link rel=\"canonical\" href=\"https:\/\/bakushipyard.com\/az\/certificates\/\" \/>\n<meta property=\"og:locale\" content=\"az_AZ\" \/>\n<meta property=\"og:type\" content=\"article\" \/>\n<meta property=\"og:title\" content=\"Certificates\" \/>\n<meta property=\"og:description\" content=\"\u00a0Baku Shipyard is accredited with ISO 9001:2015, ISO 14001:2015 &amp; ISO 45001:2018 certificates\u00a0by ABS for HSE Management System\" \/>\n<meta property=\"og:url\" content=\"https:\/\/bakushipyard.com\/az\/certificates\/\" \/>\n<meta property=\"og:site_name\" content=\"Baku Shipyard LLC\" \/>\n<meta property=\"article:publisher\" content=\"https:\/\/www.facebook.com\/bakushipyard\" \/>\n<meta property=\"article:modified_time\" content=\"2024-09-02T11:25:49+00:00\" \/>\n<meta property=\"og:image\" content=\"https:\/\/bakushipyard.com\/wp-content\/uploads\/2024\/03\/ABS-ISO-9001-2015-QMS-Certificate-724x1024.webp\" \/>\n<meta name=\"twitter:card\" content=\"summary_large_image\" \/>\n<meta name=\"twitter:label1\" content=\"Est. reading time\" \/>\n\t<meta name=\"twitter:data1\" content=\"2 minutes\" \/>\n<script type=\"application\/ld+json\" class=\"yoast-schema-graph\">{\"@context\":\"https:\/\/schema.org\",\"@graph\":[{\"@type\":\"WebPage\",\"@id\":\"https:\/\/bakushipyard.com\/certificates\/\",\"url\":\"https:\/\/bakushipyard.com\/certificates\/\",\"name\":\"Certificates - Baku Shipyard LLC\",\"isPartOf\":{\"@id\":\"https:\/\/bakushipyard.com\/#website\"},\"primaryImageOfPage\":{\"@id\":\"https:\/\/bakushipyard.com\/certificates\/#primaryimage\"},\"image\":{\"@id\":\"https:\/\/bakushipyard.com\/certificates\/#primaryimage\"},\"thumbnailUrl\":\"https:\/\/bakushipyard.com\/wp-content\/uploads\/2024\/03\/ABS-ISO-9001-2015-QMS-Certificate-724x1024.webp\",\"datePublished\":\"2023-01-30T06:57:33+00:00\",\"dateModified\":\"2024-09-02T11:25:49+00:00\",\"breadcrumb\":{\"@id\":\"https:\/\/bakushipyard.com\/certificates\/#breadcrumb\"},\"inLanguage\":\"az\",\"potentialAction\":[{\"@type\":\"ReadAction\",\"target\":[\"https:\/\/bakushipyard.com\/certificates\/\"]}]},{\"@type\":\"ImageObject\",\"inLanguage\":\"az\",\"@id\":\"https:\/\/bakushipyard.com\/certificates\/#primaryimage\",\"url\":\"https:\/\/bakushipyard.com\/wp-content\/uploads\/2024\/03\/ABS-ISO-9001-2015-QMS-Certificate-724x1024.webp\",\"contentUrl\":\"https:\/\/bakushipyard.com\/wp-content\/uploads\/2024\/03\/ABS-ISO-9001-2015-QMS-Certificate-724x1024.webp\"},{\"@type\":\"BreadcrumbList\",\"@id\":\"https:\/\/bakushipyard.com\/certificates\/#breadcrumb\",\"itemListElement\":[{\"@type\":\"ListItem\",\"position\":1,\"name\":\"Home\",\"item\":\"https:\/\/bakushipyard.com\/\"},{\"@type\":\"ListItem\",\"position\":2,\"name\":\"Certificates\"}]},{\"@type\":\"WebSite\",\"@id\":\"https:\/\/bakushipyard.com\/#website\",\"url\":\"https:\/\/bakushipyard.com\/\",\"name\":\"Baku Shipyard LLC\",\"description\":\"Shipbuilding | Ship Repair | Engineering\",\"publisher\":{\"@id\":\"https:\/\/bakushipyard.com\/#organization\"},\"alternateName\":\"G\u0259miqay\u0131rma Zavodu\",\"potentialAction\":[{\"@type\":\"SearchAction\",\"target\":{\"@type\":\"EntryPoint\",\"urlTemplate\":\"https:\/\/bakushipyard.com\/?s={search_term_string}\"},\"query-input\":{\"@type\":\"PropertyValueSpecification\",\"valueRequired\":true,\"valueName\":\"search_term_string\"}}],\"inLanguage\":\"az\"},{\"@type\":\"Organization\",\"@id\":\"https:\/\/bakushipyard.com\/#organization\",\"name\":\"Baku Shipyard LLC\",\"alternateName\":\"\u0411\u0430\u043a\u0438\u043d\u0441\u043a\u0438\u0439 \u0421\u0443\u0434\u043e\u0441\u0442\u0440\u043e\u0438\u0442\u0435\u043b\u044c\u043d\u044b\u0439 \u0417\u0430\u0432\u043e\u0434\",\"url\":\"https:\/\/bakushipyard.com\/\",\"logo\":{\"@type\":\"ImageObject\",\"inLanguage\":\"az\",\"@id\":\"https:\/\/bakushipyard.com\/#\/schema\/logo\/image\/\",\"url\":\"https:\/\/bakushipyard.com\/wp-content\/uploads\/2023\/02\/mid_Logotype.png\",\"contentUrl\":\"https:\/\/bakushipyard.com\/wp-content\/uploads\/2023\/02\/mid_Logotype.png\",\"width\":621,\"height\":351,\"caption\":\"Baku Shipyard LLC\"},\"image\":{\"@id\":\"https:\/\/bakushipyard.com\/#\/schema\/logo\/image\/\"},\"sameAs\":[\"https:\/\/www.facebook.com\/bakushipyard\",\"https:\/\/www.linkedin.com\/company\/2671307\"]}]}<\/script>\n<!-- \/ Yoast SEO Premium plugin. -->","yoast_head_json":{"title":"Certificates - Baku Shipyard LLC","robots":{"index":"index","follow":"follow","max-snippet":"max-snippet:-1","max-image-preview":"max-image-preview:large","max-video-preview":"max-video-preview:-1"},"canonical":"https:\/\/bakushipyard.com\/az\/certificates\/","og_locale":"az_AZ","og_type":"article","og_title":"Certificates","og_description":"\u00a0Baku Shipyard is accredited with ISO 9001:2015, ISO 14001:2015 &amp; ISO 45001:2018 certificates\u00a0by ABS for HSE Management System","og_url":"https:\/\/bakushipyard.com\/az\/certificates\/","og_site_name":"Baku Shipyard LLC","article_publisher":"https:\/\/www.facebook.com\/bakushipyard","article_modified_time":"2024-09-02T11:25:49+00:00","og_image":[{"url":"https:\/\/bakushipyard.com\/wp-content\/uploads\/2024\/03\/ABS-ISO-9001-2015-QMS-Certificate-724x1024.webp","type":"","width":"","height":""}],"twitter_card":"summary_large_image","twitter_misc":{"Est. reading time":"2 minutes"},"schema":{"@context":"https:\/\/schema.org","@graph":[{"@type":"WebPage","@id":"https:\/\/bakushipyard.com\/certificates\/","url":"https:\/\/bakushipyard.com\/certificates\/","name":"Certificates - Baku Shipyard LLC","isPartOf":{"@id":"https:\/\/bakushipyard.com\/#website"},"primaryImageOfPage":{"@id":"https:\/\/bakushipyard.com\/certificates\/#primaryimage"},"image":{"@id":"https:\/\/bakushipyard.com\/certificates\/#primaryimage"},"thumbnailUrl":"https:\/\/bakushipyard.com\/wp-content\/uploads\/2024\/03\/ABS-ISO-9001-2015-QMS-Certificate-724x1024.webp","datePublished":"2023-01-30T06:57:33+00:00","dateModified":"2024-09-02T11:25:49+00:00","breadcrumb":{"@id":"https:\/\/bakushipyard.com\/certificates\/#breadcrumb"},"inLanguage":"az","potentialAction":[{"@type":"ReadAction","target":["https:\/\/bakushipyard.com\/certificates\/"]}]},{"@type":"ImageObject","inLanguage":"az","@id":"https:\/\/bakushipyard.com\/certificates\/#primaryimage","url":"https:\/\/bakushipyard.com\/wp-content\/uploads\/2024\/03\/ABS-ISO-9001-2015-QMS-Certificate-724x1024.webp","contentUrl":"https:\/\/bakushipyard.com\/wp-content\/uploads\/2024\/03\/ABS-ISO-9001-2015-QMS-Certificate-724x1024.webp"},{"@type":"BreadcrumbList","@id":"https:\/\/bakushipyard.com\/certificates\/#breadcrumb","itemListElement":[{"@type":"ListItem","position":1,"name":"Home","item":"https:\/\/bakushipyard.com\/"},{"@type":"ListItem","position":2,"name":"Certificates"}]},{"@type":"WebSite","@id":"https:\/\/bakushipyard.com\/#website","url":"https:\/\/bakushipyard.com\/","name":"Baku Shipyard LLC","description":"Shipbuilding | Ship Repair | Engineering","publisher":{"@id":"https:\/\/bakushipyard.com\/#organization"},"alternateName":"G\u0259miqay\u0131rma Zavodu","potentialAction":[{"@type":"SearchAction","target":{"@type":"EntryPoint","urlTemplate":"https:\/\/bakushipyard.com\/?s={search_term_string}"},"query-input":{"@type":"PropertyValueSpecification","valueRequired":true,"valueName":"search_term_string"}}],"inLanguage":"az"},{"@type":"Organization","@id":"https:\/\/bakushipyard.com\/#organization","name":"Baku Shipyard LLC","alternateName":"\u0411\u0430\u043a\u0438\u043d\u0441\u043a\u0438\u0439 \u0421\u0443\u0434\u043e\u0441\u0442\u0440\u043e\u0438\u0442\u0435\u043b\u044c\u043d\u044b\u0439 \u0417\u0430\u0432\u043e\u0434","url":"https:\/\/bakushipyard.com\/","logo":{"@type":"ImageObject","inLanguage":"az","@id":"https:\/\/bakushipyard.com\/#\/schema\/logo\/image\/","url":"https:\/\/bakushipyard.com\/wp-content\/uploads\/2023\/02\/mid_Logotype.png","contentUrl":"https:\/\/bakushipyard.com\/wp-content\/uploads\/2023\/02\/mid_Logotype.png","width":621,"height":351,"caption":"Baku Shipyard LLC"},"image":{"@id":"https:\/\/bakushipyard.com\/#\/schema\/logo\/image\/"},"sameAs":["https:\/\/www.facebook.com\/bakushipyard","https:\/\/www.linkedin.com\/company\/2671307"]}]}},"_links":{"self":[{"href":"https:\/\/bakushipyard.com\/az\/wp-json\/wp\/v2\/pages\/18338","targetHints":{"allow":["GET"]}}],"collection":[{"href":"https:\/\/bakushipyard.com\/az\/wp-json\/wp\/v2\/pages"}],"about":[{"href":"https:\/\/bakushipyard.com\/az\/wp-json\/wp\/v2\/types\/page"}],"author":[{"embeddable":true,"href":"https:\/\/bakushipyard.com\/az\/wp-json\/wp\/v2\/users\/1"}],"replies":[{"embeddable":true,"href":"https:\/\/bakushipyard.com\/az\/wp-json\/wp\/v2\/comments?post=18338"}],"version-history":[{"count":0,"href":"https:\/\/bakushipyard.com\/az\/wp-json\/wp\/v2\/pages\/18338\/revisions"}],"wp:attachment":[{"href":"https:\/\/bakushipyard.com\/az\/wp-json\/wp\/v2\/media?parent=18338"}],"curies":[{"name":"wp","href":"https:\/\/api.w.org\/{rel}","templated":true}]}}