{"id":17804,"date":"2022-12-09T10:00:15","date_gmt":"2022-12-09T10:00:15","guid":{"rendered":"https:\/\/bakushipyard.com\/?page_id=17804"},"modified":"2025-07-15T10:21:44","modified_gmt":"2025-07-15T06:21:44","slug":"qaqc-quality-assurance","status":"publish","type":"page","link":"https:\/\/bakushipyard.com\/az\/qaqc-quality-assurance\/","title":{"rendered":"Keyfiyy\u0259t z\u0259man\u0259ti"},"content":{"rendered":"<div data-elementor-type=\"wp-page\" data-elementor-id=\"17804\" class=\"elementor elementor-17804\" data-elementor-post-type=\"page\">\n\t\t\t\t\t\t<section data-particle_enable=\"false\" data-particle-mobile-disabled=\"false\" class=\"elementor-section elementor-top-section elementor-element elementor-element-a9f2045 elementor-section-boxed elementor-section-height-default elementor-section-height-default\" data-id=\"a9f2045\" data-element_type=\"section\" data-settings=\"{&quot;background_background&quot;:&quot;classic&quot;,&quot;ekit_has_onepagescroll_dot&quot;:&quot;yes&quot;}\">\n\t\t\t\t\t\t<div class=\"elementor-container elementor-column-gap-default\">\n\t\t\t\t\t<div class=\"elementor-column elementor-col-100 elementor-top-column elementor-element elementor-element-a9f296e\" data-id=\"a9f296e\" data-element_type=\"column\">\n\t\t\t<div class=\"elementor-widget-wrap elementor-element-populated\">\n\t\t\t\t\t\t<div class=\"elementor-element elementor-element-a9f3439 elementor-widget elementor-widget-text-editor\" data-id=\"a9f3439\" data-element_type=\"widget\" data-settings=\"{&quot;ekit_we_effect_on&quot;:&quot;none&quot;}\" data-widget_type=\"text-editor.default\">\n\t\t\t\t<div class=\"elementor-widget-container\">\n\t\t\t\t\t\t\t\t\t<p><strong data-start=\"311\" data-end=\"414\">BGZ g\u0259miqay\u0131rma v\u0259 of\u015for istehsal\u0131nda keyfiyy\u0259t t\u0259minat\u0131na b\u00f6y\u00fck \u00f6n\u0259m verir.<\/strong> Az\u0259rbaycan dilin\u0259 professional t\u0259rc\u00fcm\u0259si bel\u0259 olar:\n\n\u00d6lk\u0259d\u0259 ISO 9001:2015 akkreditasiya sertifikat\u0131n\u0131 alan ilk g\u0259miqay\u0131rma zavodu olaraq, Bak\u0131 G\u0259miqay\u0131rma Zavodu ABS t\u0259r\u0259find\u0259n a\u015fa\u011f\u0131dak\u0131 sah\u0259l\u0259rd\u0259 sertifikatla\u015fd\u0131r\u0131lm\u0131\u015fd\u0131r: \u2018G\u0259mil\u0259rin v\u0259 h\u0259r\u0259k\u0259tli v\u0259 ya stasionar offshore qur\u011fular\u0131n layih\u0259l\u0259ndirilm\u0259si, inki\u015faf\u0131, tikintisi, s\u0131na\u011f\u0131 v\u0259 istismara verilm\u0259si, yenid\u0259n qurulmas\u0131, t\u0259kmill\u0259\u015fdirilm\u0259si v\u0259 t\u0259miri, el\u0259c\u0259 d\u0259 d\u0259niz\/offshore polad konstruksiyalar\u0131n haz\u0131rlanmas\u0131.\u2019<\/p>\n\t\t\t\t\t\t\t\t<\/div>\n\t\t\t\t<\/div>\n\t\t\t\t<div class=\"elementor-element elementor-element-640d956 elementor-invisible elementor-widget elementor-widget-image\" data-id=\"640d956\" data-element_type=\"widget\" data-settings=\"{&quot;_animation&quot;:&quot;fadeInDown&quot;,&quot;ekit_we_effect_on&quot;:&quot;none&quot;}\" data-widget_type=\"image.default\">\n\t\t\t\t<div class=\"elementor-widget-container\">\n\t\t\t\t\t\t\t\t\t\t\t\t\t\t\t<img fetchpriority=\"high\" decoding=\"async\" width=\"1536\" height=\"836\" src=\"https:\/\/bakushipyard.com\/wp-content\/uploads\/2022\/12\/42A8110-1536x836.jpg\" class=\"attachment-1536x1536 size-1536x1536 wp-image-17806\" alt=\"\" srcset=\"https:\/\/bakushipyard.com\/wp-content\/uploads\/2022\/12\/42A8110-1536x836.jpg 1536w, https:\/\/bakushipyard.com\/wp-content\/uploads\/2022\/12\/42A8110-300x163.jpg 300w, https:\/\/bakushipyard.com\/wp-content\/uploads\/2022\/12\/42A8110-1024x557.jpg 1024w, https:\/\/bakushipyard.com\/wp-content\/uploads\/2022\/12\/42A8110-768x418.jpg 768w, https:\/\/bakushipyard.com\/wp-content\/uploads\/2022\/12\/42A8110-2048x1114.jpg 2048w, https:\/\/bakushipyard.com\/wp-content\/uploads\/2022\/12\/42A8110-900x490.jpg 900w\" sizes=\"(max-width: 1536px) 100vw, 1536px\" \/>\t\t\t\t\t\t\t\t\t\t\t\t\t\t\t<\/div>\n\t\t\t\t<\/div>\n\t\t\t\t<div class=\"elementor-element elementor-element-1a06001 elementor-widget elementor-widget-text-editor\" data-id=\"1a06001\" data-element_type=\"widget\" data-settings=\"{&quot;ekit_we_effect_on&quot;:&quot;none&quot;}\" data-widget_type=\"text-editor.default\">\n\t\t\t\t<div class=\"elementor-widget-container\">\n\t\t\t\t\t\t\t\t\t<p>Keyfiyy\u0259t \u015e\u00f6b\u0259si, Keyfiyy\u0259t statistikalar\u0131n\u0131 izl\u0259m\u0259k \u00fc\u00e7\u00fcn \u0259hat\u0259li<strong>'Keyfiyy\u0259t \u0130dar\u0259etm\u0259 Sistemi'<\/strong>inki\u015faf etdirmi\u015fdir.<\/p>\n<p>\u00a0T\u0259rsan\u0259 keyfiyy\u0259ti h\u0259r \u015feyd\u0259n \u00fcst\u00fcn tutmaq \u0259n\u0259n\u0259si il\u0259 m\u0259\u015fhurdur. M\u00fcxt\u0259lif layih\u0259l\u0259rd\u0259 g\u00f6rk\u0259mli n\u0259tic\u0259l\u0259r \u015firk\u0259t\u0259 g\u0259miqay\u0131rma v\u0259 g\u0259mi t\u0259mirind\u0259 keyfiyy\u0259ti t\u0259min etm\u0259k \u00fc\u00e7\u00fcn ABS-d\u0259n akkreditasiya sertifikat\u0131 alma\u011fa v\u0259 Rusiya D\u0259niz G\u0259mi\u00e7ilik Reyestri, D\u00f6vl\u0259t D\u0259niz G\u0259mi\u00e7ilik reyestri t\u0259r\u0259find\u0259n tan\u0131nma\u011fa imkan verdi. Bu akkreditasiya g\u0259miqay\u0131rma zavodunun \u0259ld\u0259 etdiyi y\u00fcks\u0259k \u00fcmumi keyfiyy\u0259t idar\u0259etm\u0259 standartlar\u0131na d\u0259lal\u0259t edir v\u0259 BSY-nin elmi v\u0259 sistematik normalara \u0259saslanan ciddi keyfiyy\u0259t\u0259 n\u0259zar\u0259t t\u0259dbirl\u0259rinin h\u0259yata ke\u00e7irilm\u0259sin\u0259 sadiqliyinin n\u0259tic\u0259sidir.<\/p>\n<p>\u00a0QMS-in s\u0259m\u0259r\u0259liliyini art\u0131rmaq \u00fc\u00e7\u00fcn BSY QMS \u00fc\u00e7\u00fcn laz\u0131m olan m\u0259nb\u0259l\u0259rin m\u00f6vcudlu\u011funu t\u0259min etm\u0259y\u0259, QMS sistemin\u0259 t\u0259l\u0259bl\u0259rin t\u0259sdiql\u0259nm\u0259sinin vacibliyini \u00e7atd\u0131rma\u011fa, QMS-in n\u0259z\u0259rd\u0259 tutulan n\u0259tic\u0259l\u0259r\u0259 nail olmas\u0131n\u0131 t\u0259min etm\u0259y\u0259, QMS-in s\u0259m\u0259r\u0259liliyin\u0259 t\u00f6hf\u0259 ver\u0259n insanlar\u0131 c\u0259lb etm\u0259y\u0259 v\u0259 d\u0259st\u0259kl\u0259m\u0259y\u0259 \u00e7al\u0131\u015f\u0131r, proses yana\u015fmas\u0131n\u0131n v\u0259 risky\u00f6n\u00fcml\u00fc d\u00fc\u015f\u00fcnc\u0259nin t\u0259kmill\u0259\u015fdirilm\u0259sin\u0259 v\u0259 istifad\u0259sin\u0259 k\u00f6m\u0259k edir.<\/p>\n\t\t\t\t\t\t\t\t<\/div>\n\t\t\t\t<\/div>\n\t\t\t\t<div class=\"elementor-element elementor-element-3a7e6f6 elementor-arrows-position-inside elementor-widget elementor-widget-image-carousel\" data-id=\"3a7e6f6\" data-element_type=\"widget\" data-settings=\"{&quot;slides_to_show&quot;:&quot;1&quot;,&quot;navigation&quot;:&quot;arrows&quot;,&quot;autoplay&quot;:&quot;yes&quot;,&quot;pause_on_hover&quot;:&quot;yes&quot;,&quot;pause_on_interaction&quot;:&quot;yes&quot;,&quot;autoplay_speed&quot;:5000,&quot;infinite&quot;:&quot;yes&quot;,&quot;effect&quot;:&quot;slide&quot;,&quot;speed&quot;:500,&quot;ekit_we_effect_on&quot;:&quot;none&quot;}\" data-widget_type=\"image-carousel.default\">\n\t\t\t\t<div class=\"elementor-widget-container\">\n\t\t\t\t\t\t\t<div class=\"elementor-image-carousel-wrapper swiper\" role=\"region\" aria-roledescription=\"carousel\" aria-label=\"Image Carousel\" dir=\"ltr\">\n\t\t\t<div class=\"elementor-image-carousel swiper-wrapper\" aria-live=\"off\">\n\t\t\t\t\t\t\t\t<div class=\"swiper-slide\" role=\"group\" aria-roledescription=\"slide\" aria-label=\"1 of 3\"><figure class=\"swiper-slide-inner\"><img decoding=\"async\" class=\"swiper-slide-image\" src=\"https:\/\/bakushipyard.com\/wp-content\/uploads\/2022\/12\/42A8135-scaled-1-1024x683.jpg\" alt=\"42A8135-scaled\" \/><\/figure><\/div><div class=\"swiper-slide\" role=\"group\" aria-roledescription=\"slide\" aria-label=\"2 of 3\"><figure class=\"swiper-slide-inner\"><img decoding=\"async\" class=\"swiper-slide-image\" src=\"https:\/\/bakushipyard.com\/wp-content\/uploads\/2022\/12\/42A8166-1024x683.jpg\" alt=\"_42A8166\" \/><\/figure><\/div><div class=\"swiper-slide\" role=\"group\" aria-roledescription=\"slide\" aria-label=\"3 of 3\"><figure class=\"swiper-slide-inner\"><img decoding=\"async\" class=\"swiper-slide-image\" src=\"https:\/\/bakushipyard.com\/wp-content\/uploads\/2022\/12\/42A8124-1024x683.jpg\" alt=\"_42A8124\" \/><\/figure><\/div>\t\t\t<\/div>\n\t\t\t\t\t\t\t\t\t\t\t\t<div class=\"elementor-swiper-button elementor-swiper-button-prev\" role=\"button\" tabindex=\"0\">\n\t\t\t\t\t\t<i aria-hidden=\"true\" class=\"eicon-chevron-left\"><\/i>\t\t\t\t\t<\/div>\n\t\t\t\t\t<div class=\"elementor-swiper-button elementor-swiper-button-next\" role=\"button\" tabindex=\"0\">\n\t\t\t\t\t\t<i aria-hidden=\"true\" class=\"eicon-chevron-right\"><\/i>\t\t\t\t\t<\/div>\n\t\t\t\t\n\t\t\t\t\t\t\t\t\t<\/div>\n\t\t\t\t\t\t<\/div>\n\t\t\t\t<\/div>\n\t\t\t\t<div class=\"elementor-element elementor-element-e34d64f elementor-widget elementor-widget-spacer\" data-id=\"e34d64f\" data-element_type=\"widget\" data-settings=\"{&quot;ekit_we_effect_on&quot;:&quot;none&quot;}\" data-widget_type=\"spacer.default\">\n\t\t\t\t<div class=\"elementor-widget-container\">\n\t\t\t\t\t\t\t<div class=\"elementor-spacer\">\n\t\t\t<div class=\"elementor-spacer-inner\"><\/div>\n\t\t<\/div>\n\t\t\t\t\t\t<\/div>\n\t\t\t\t<\/div>\n\t\t\t\t<div class=\"elementor-element elementor-element-76d919f elementor-widget elementor-widget-heading\" data-id=\"76d919f\" data-element_type=\"widget\" data-settings=\"{&quot;ekit_we_effect_on&quot;:&quot;none&quot;}\" data-widget_type=\"heading.default\">\n\t\t\t\t<div class=\"elementor-widget-container\">\n\t\t\t\t\t<h3 class=\"elementor-heading-title elementor-size-default\">Keyfiyy\u0259t siyas\u0259ti<\/h3>\t\t\t\t<\/div>\n\t\t\t\t<\/div>\n\t\t\t\t<div class=\"elementor-element elementor-element-cd497fa elementor-widget elementor-widget-image-carousel\" data-id=\"cd497fa\" data-element_type=\"widget\" data-settings=\"{&quot;slides_to_show&quot;:&quot;2&quot;,&quot;slides_to_scroll&quot;:&quot;1&quot;,&quot;navigation&quot;:&quot;none&quot;,&quot;autoplay&quot;:&quot;no&quot;,&quot;infinite&quot;:&quot;no&quot;,&quot;speed&quot;:500,&quot;ekit_we_effect_on&quot;:&quot;none&quot;}\" data-widget_type=\"image-carousel.default\">\n\t\t\t\t<div class=\"elementor-widget-container\">\n\t\t\t\t\t\t\t<div class=\"elementor-image-carousel-wrapper swiper\" role=\"region\" aria-roledescription=\"carousel\" aria-label=\"Image Carousel\" dir=\"ltr\">\n\t\t\t<div class=\"elementor-image-carousel swiper-wrapper\" aria-live=\"polite\">\n\t\t\t\t\t\t\t\t<div class=\"swiper-slide\" role=\"group\" aria-roledescription=\"slide\" aria-label=\"1 of 2\"><a data-elementor-open-lightbox=\"yes\" data-elementor-lightbox-slideshow=\"cd497fa\" data-elementor-lightbox-title=\"KEYF\u0130YY\u018fT S\u0130YAS\u018fT\u0130 PLC-001 Red.4\" data-e-action-hash=\"#elementor-action%3Aaction%3Dlightbox%26settings%3DeyJpZCI6MjAyMjUsInVybCI6Imh0dHBzOlwvXC9iYWt1c2hpcHlhcmQuY29tXC93cC1jb250ZW50XC91cGxvYWRzXC8yMDI0XC8wNlwvS0VZRklZWUVULVNJWUFTRVRJLVBMQy0wMDEtUmVkLjQtanBnLndlYnAiLCJzbGlkZXNob3ciOiJjZDQ5N2ZhIn0%3D\" href=\"https:\/\/bakushipyard.com\/wp-content\/uploads\/2024\/06\/KEYFIYYET-SIYASETI-PLC-001-Red.4-jpg.webp\"><figure class=\"swiper-slide-inner\"><img decoding=\"async\" class=\"swiper-slide-image\" src=\"https:\/\/bakushipyard.com\/wp-content\/uploads\/2024\/06\/KEYFIYYET-SIYASETI-PLC-001-Red.4-1063x1536.webp\" alt=\"KEYF\u0130YY\u018fT S\u0130YAS\u018fT\u0130 PLC-001 Red.4\" \/><\/figure><\/a><\/div><div class=\"swiper-slide\" role=\"group\" aria-roledescription=\"slide\" aria-label=\"2 of 2\"><a data-elementor-open-lightbox=\"yes\" data-elementor-lightbox-slideshow=\"cd497fa\" data-elementor-lightbox-title=\"QUAL\u0130TY POL\u0130CY PLC-001 Rev.4\" data-e-action-hash=\"#elementor-action%3Aaction%3Dlightbox%26settings%3DeyJpZCI6MjAyMjYsInVybCI6Imh0dHBzOlwvXC9iYWt1c2hpcHlhcmQuY29tXC93cC1jb250ZW50XC91cGxvYWRzXC8yMDI0XC8wNlwvUVVBTElUWS1QT0xJQ1ktUExDLTAwMS1SZXYuNC0xLWpwZy53ZWJwIiwic2xpZGVzaG93IjoiY2Q0OTdmYSJ9\" href=\"https:\/\/bakushipyard.com\/wp-content\/uploads\/2024\/06\/QUALITY-POLICY-PLC-001-Rev.4-1-jpg.webp\"><figure class=\"swiper-slide-inner\"><img decoding=\"async\" class=\"swiper-slide-image\" src=\"https:\/\/bakushipyard.com\/wp-content\/uploads\/2024\/06\/QUALITY-POLICY-PLC-001-Rev.4-1-1068x1536.webp\" alt=\"QUAL\u0130TY POL\u0130CY PLC-001 Rev.4\" \/><\/figure><\/a><\/div>\t\t\t<\/div>\n\t\t\t\t\t\t\t\n\t\t\t\t\t\t\t\t\t<\/div>\n\t\t\t\t\t\t<\/div>\n\t\t\t\t<\/div>\n\t\t\t\t<div class=\"elementor-element elementor-element-39e594a elementor-widget elementor-widget-spacer\" data-id=\"39e594a\" data-element_type=\"widget\" data-settings=\"{&quot;ekit_we_effect_on&quot;:&quot;none&quot;}\" data-widget_type=\"spacer.default\">\n\t\t\t\t<div class=\"elementor-widget-container\">\n\t\t\t\t\t\t\t<div class=\"elementor-spacer\">\n\t\t\t<div class=\"elementor-spacer-inner\"><\/div>\n\t\t<\/div>\n\t\t\t\t\t\t<\/div>\n\t\t\t\t<\/div>\n\t\t\t\t\t<\/div>\n\t\t<\/div>\n\t\t\t\t\t<\/div>\n\t\t<\/section>\n\t\t\t\t<\/div>","protected":false},"excerpt":{"rendered":"<p>Baku Shipyard is the first shipyard yard in the country to obtain ISO 9001-2015 accreditation. The yard is ISO 9001 \u2013 2015 certified from ABS for undertaking \u201cDesign, Development, Construction, Testing &amp; Commissioning, Conversion, Upgrade and Repair of Ships and Mobile OR Stationary Offshore Units and Other Specialized Vessels, Including Fabrication of Marine\/Offshore Steel Structures\u201d.<\/p>","protected":false},"author":1,"featured_media":0,"parent":0,"menu_order":0,"comment_status":"closed","ping_status":"closed","template":"","meta":{"footnotes":""},"class_list":["post-17804","page","type-page","status-publish","hentry"],"yoast_head":"<!-- This site is optimized with the Yoast SEO Premium plugin v26.7 (Yoast SEO v26.8) - https:\/\/yoast.com\/product\/yoast-seo-premium-wordpress\/ -->\n<title>Quality Assurance - Baku Shipyard LLC<\/title>\n<meta name=\"description\" content=\"Discover how Baku Shipyard ensures top-level quality assurance in shipbuilding and repair, certified by ISO 9001 and ABS.\" \/>\n<meta name=\"robots\" content=\"index, follow, max-snippet:-1, max-image-preview:large, max-video-preview:-1\" \/>\n<link rel=\"canonical\" href=\"https:\/\/bakushipyard.com\/az\/qaqc-quality-assurance\/\" \/>\n<meta property=\"og:locale\" content=\"az_AZ\" \/>\n<meta property=\"og:type\" content=\"article\" \/>\n<meta property=\"og:title\" content=\"Quality Assurance\" \/>\n<meta property=\"og:description\" content=\"Discover how Baku Shipyard ensures top-level quality assurance in shipbuilding and repair, certified by ISO 9001 and ABS.\" \/>\n<meta property=\"og:url\" content=\"https:\/\/bakushipyard.com\/az\/qaqc-quality-assurance\/\" \/>\n<meta property=\"og:site_name\" content=\"Baku Shipyard LLC\" \/>\n<meta property=\"article:publisher\" content=\"https:\/\/www.facebook.com\/bakushipyard\" \/>\n<meta property=\"article:modified_time\" content=\"2025-07-15T06:21:44+00:00\" \/>\n<meta property=\"og:image\" content=\"https:\/\/bakushipyard.com\/wp-content\/uploads\/2022\/12\/42A8110-1536x836.jpg\" \/>\n<meta name=\"twitter:card\" content=\"summary_large_image\" \/>\n<meta name=\"twitter:label1\" content=\"Est. reading time\" \/>\n\t<meta name=\"twitter:data1\" content=\"3 minutes\" \/>\n<script type=\"application\/ld+json\" class=\"yoast-schema-graph\">{\"@context\":\"https:\/\/schema.org\",\"@graph\":[{\"@type\":\"WebPage\",\"@id\":\"https:\/\/bakushipyard.com\/qaqc-quality-assurance\/\",\"url\":\"https:\/\/bakushipyard.com\/qaqc-quality-assurance\/\",\"name\":\"Quality Assurance - Baku Shipyard LLC\",\"isPartOf\":{\"@id\":\"https:\/\/bakushipyard.com\/#website\"},\"primaryImageOfPage\":{\"@id\":\"https:\/\/bakushipyard.com\/qaqc-quality-assurance\/#primaryimage\"},\"image\":{\"@id\":\"https:\/\/bakushipyard.com\/qaqc-quality-assurance\/#primaryimage\"},\"thumbnailUrl\":\"https:\/\/bakushipyard.com\/wp-content\/uploads\/2022\/12\/42A8110-1536x836.jpg\",\"datePublished\":\"2022-12-09T10:00:15+00:00\",\"dateModified\":\"2025-07-15T06:21:44+00:00\",\"description\":\"Discover how Baku Shipyard ensures top-level quality assurance in shipbuilding and repair, certified by ISO 9001 and ABS.\",\"breadcrumb\":{\"@id\":\"https:\/\/bakushipyard.com\/qaqc-quality-assurance\/#breadcrumb\"},\"inLanguage\":\"az\",\"potentialAction\":[{\"@type\":\"ReadAction\",\"target\":[\"https:\/\/bakushipyard.com\/qaqc-quality-assurance\/\"]}]},{\"@type\":\"ImageObject\",\"inLanguage\":\"az\",\"@id\":\"https:\/\/bakushipyard.com\/qaqc-quality-assurance\/#primaryimage\",\"url\":\"https:\/\/bakushipyard.com\/wp-content\/uploads\/2022\/12\/42A8110-1536x836.jpg\",\"contentUrl\":\"https:\/\/bakushipyard.com\/wp-content\/uploads\/2022\/12\/42A8110-1536x836.jpg\"},{\"@type\":\"BreadcrumbList\",\"@id\":\"https:\/\/bakushipyard.com\/qaqc-quality-assurance\/#breadcrumb\",\"itemListElement\":[{\"@type\":\"ListItem\",\"position\":1,\"name\":\"Home\",\"item\":\"https:\/\/bakushipyard.com\/\"},{\"@type\":\"ListItem\",\"position\":2,\"name\":\"Quality Assurance\"}]},{\"@type\":\"WebSite\",\"@id\":\"https:\/\/bakushipyard.com\/#website\",\"url\":\"https:\/\/bakushipyard.com\/\",\"name\":\"Baku Shipyard LLC\",\"description\":\"Shipbuilding | Ship Repair | Engineering\",\"publisher\":{\"@id\":\"https:\/\/bakushipyard.com\/#organization\"},\"alternateName\":\"G\u0259miqay\u0131rma Zavodu\",\"potentialAction\":[{\"@type\":\"SearchAction\",\"target\":{\"@type\":\"EntryPoint\",\"urlTemplate\":\"https:\/\/bakushipyard.com\/?s={search_term_string}\"},\"query-input\":{\"@type\":\"PropertyValueSpecification\",\"valueRequired\":true,\"valueName\":\"search_term_string\"}}],\"inLanguage\":\"az\"},{\"@type\":\"Organization\",\"@id\":\"https:\/\/bakushipyard.com\/#organization\",\"name\":\"Baku Shipyard LLC\",\"alternateName\":\"\u0411\u0430\u043a\u0438\u043d\u0441\u043a\u0438\u0439 \u0421\u0443\u0434\u043e\u0441\u0442\u0440\u043e\u0438\u0442\u0435\u043b\u044c\u043d\u044b\u0439 \u0417\u0430\u0432\u043e\u0434\",\"url\":\"https:\/\/bakushipyard.com\/\",\"logo\":{\"@type\":\"ImageObject\",\"inLanguage\":\"az\",\"@id\":\"https:\/\/bakushipyard.com\/#\/schema\/logo\/image\/\",\"url\":\"https:\/\/bakushipyard.com\/wp-content\/uploads\/2023\/02\/mid_Logotype.png\",\"contentUrl\":\"https:\/\/bakushipyard.com\/wp-content\/uploads\/2023\/02\/mid_Logotype.png\",\"width\":621,\"height\":351,\"caption\":\"Baku Shipyard LLC\"},\"image\":{\"@id\":\"https:\/\/bakushipyard.com\/#\/schema\/logo\/image\/\"},\"sameAs\":[\"https:\/\/www.facebook.com\/bakushipyard\",\"https:\/\/www.linkedin.com\/company\/2671307\"]}]}<\/script>\n<!-- \/ Yoast SEO Premium plugin. -->","yoast_head_json":{"title":"Quality Assurance - Baku Shipyard LLC","description":"Discover how Baku Shipyard ensures top-level quality assurance in shipbuilding and repair, certified by ISO 9001 and ABS.","robots":{"index":"index","follow":"follow","max-snippet":"max-snippet:-1","max-image-preview":"max-image-preview:large","max-video-preview":"max-video-preview:-1"},"canonical":"https:\/\/bakushipyard.com\/az\/qaqc-quality-assurance\/","og_locale":"az_AZ","og_type":"article","og_title":"Quality Assurance","og_description":"Discover how Baku Shipyard ensures top-level quality assurance in shipbuilding and repair, certified by ISO 9001 and ABS.","og_url":"https:\/\/bakushipyard.com\/az\/qaqc-quality-assurance\/","og_site_name":"Baku Shipyard LLC","article_publisher":"https:\/\/www.facebook.com\/bakushipyard","article_modified_time":"2025-07-15T06:21:44+00:00","og_image":[{"url":"https:\/\/bakushipyard.com\/wp-content\/uploads\/2022\/12\/42A8110-1536x836.jpg","type":"","width":"","height":""}],"twitter_card":"summary_large_image","twitter_misc":{"Est. reading time":"3 minutes"},"schema":{"@context":"https:\/\/schema.org","@graph":[{"@type":"WebPage","@id":"https:\/\/bakushipyard.com\/qaqc-quality-assurance\/","url":"https:\/\/bakushipyard.com\/qaqc-quality-assurance\/","name":"Quality Assurance - Baku Shipyard LLC","isPartOf":{"@id":"https:\/\/bakushipyard.com\/#website"},"primaryImageOfPage":{"@id":"https:\/\/bakushipyard.com\/qaqc-quality-assurance\/#primaryimage"},"image":{"@id":"https:\/\/bakushipyard.com\/qaqc-quality-assurance\/#primaryimage"},"thumbnailUrl":"https:\/\/bakushipyard.com\/wp-content\/uploads\/2022\/12\/42A8110-1536x836.jpg","datePublished":"2022-12-09T10:00:15+00:00","dateModified":"2025-07-15T06:21:44+00:00","description":"Discover how Baku Shipyard ensures top-level quality assurance in shipbuilding and repair, certified by ISO 9001 and ABS.","breadcrumb":{"@id":"https:\/\/bakushipyard.com\/qaqc-quality-assurance\/#breadcrumb"},"inLanguage":"az","potentialAction":[{"@type":"ReadAction","target":["https:\/\/bakushipyard.com\/qaqc-quality-assurance\/"]}]},{"@type":"ImageObject","inLanguage":"az","@id":"https:\/\/bakushipyard.com\/qaqc-quality-assurance\/#primaryimage","url":"https:\/\/bakushipyard.com\/wp-content\/uploads\/2022\/12\/42A8110-1536x836.jpg","contentUrl":"https:\/\/bakushipyard.com\/wp-content\/uploads\/2022\/12\/42A8110-1536x836.jpg"},{"@type":"BreadcrumbList","@id":"https:\/\/bakushipyard.com\/qaqc-quality-assurance\/#breadcrumb","itemListElement":[{"@type":"ListItem","position":1,"name":"Home","item":"https:\/\/bakushipyard.com\/"},{"@type":"ListItem","position":2,"name":"Quality Assurance"}]},{"@type":"WebSite","@id":"https:\/\/bakushipyard.com\/#website","url":"https:\/\/bakushipyard.com\/","name":"Baku Shipyard LLC","description":"Shipbuilding | Ship Repair | Engineering","publisher":{"@id":"https:\/\/bakushipyard.com\/#organization"},"alternateName":"G\u0259miqay\u0131rma Zavodu","potentialAction":[{"@type":"SearchAction","target":{"@type":"EntryPoint","urlTemplate":"https:\/\/bakushipyard.com\/?s={search_term_string}"},"query-input":{"@type":"PropertyValueSpecification","valueRequired":true,"valueName":"search_term_string"}}],"inLanguage":"az"},{"@type":"Organization","@id":"https:\/\/bakushipyard.com\/#organization","name":"Baku Shipyard LLC","alternateName":"\u0411\u0430\u043a\u0438\u043d\u0441\u043a\u0438\u0439 \u0421\u0443\u0434\u043e\u0441\u0442\u0440\u043e\u0438\u0442\u0435\u043b\u044c\u043d\u044b\u0439 \u0417\u0430\u0432\u043e\u0434","url":"https:\/\/bakushipyard.com\/","logo":{"@type":"ImageObject","inLanguage":"az","@id":"https:\/\/bakushipyard.com\/#\/schema\/logo\/image\/","url":"https:\/\/bakushipyard.com\/wp-content\/uploads\/2023\/02\/mid_Logotype.png","contentUrl":"https:\/\/bakushipyard.com\/wp-content\/uploads\/2023\/02\/mid_Logotype.png","width":621,"height":351,"caption":"Baku Shipyard LLC"},"image":{"@id":"https:\/\/bakushipyard.com\/#\/schema\/logo\/image\/"},"sameAs":["https:\/\/www.facebook.com\/bakushipyard","https:\/\/www.linkedin.com\/company\/2671307"]}]}},"_links":{"self":[{"href":"https:\/\/bakushipyard.com\/az\/wp-json\/wp\/v2\/pages\/17804","targetHints":{"allow":["GET"]}}],"collection":[{"href":"https:\/\/bakushipyard.com\/az\/wp-json\/wp\/v2\/pages"}],"about":[{"href":"https:\/\/bakushipyard.com\/az\/wp-json\/wp\/v2\/types\/page"}],"author":[{"embeddable":true,"href":"https:\/\/bakushipyard.com\/az\/wp-json\/wp\/v2\/users\/1"}],"replies":[{"embeddable":true,"href":"https:\/\/bakushipyard.com\/az\/wp-json\/wp\/v2\/comments?post=17804"}],"version-history":[{"count":7,"href":"https:\/\/bakushipyard.com\/az\/wp-json\/wp\/v2\/pages\/17804\/revisions"}],"predecessor-version":[{"id":22500,"href":"https:\/\/bakushipyard.com\/az\/wp-json\/wp\/v2\/pages\/17804\/revisions\/22500"}],"wp:attachment":[{"href":"https:\/\/bakushipyard.com\/az\/wp-json\/wp\/v2\/media?parent=17804"}],"curies":[{"name":"wp","href":"https:\/\/api.w.org\/{rel}","templated":true}]}}