{"id":1501,"date":"2017-02-09T14:23:01","date_gmt":"2017-02-09T14:23:01","guid":{"rendered":"http:\/\/consult.loc\/?page_id=1501"},"modified":"2022-10-19T11:41:07","modified_gmt":"2022-10-19T11:41:07","slug":"history","status":"publish","type":"page","link":"https:\/\/bakushipyard.com\/az\/history\/","title":{"rendered":"\u015eirk\u0259tin tarixi"},"content":{"rendered":"<div data-elementor-type=\"wp-page\" data-elementor-id=\"1501\" class=\"elementor elementor-1501\" data-elementor-post-type=\"page\">\n\t\t\t\t\t\t<section data-particle_enable=\"false\" data-particle-mobile-disabled=\"false\" class=\"elementor-section elementor-top-section elementor-element elementor-element-1c5cb2a elementor-section-boxed elementor-section-height-default elementor-section-height-default\" data-id=\"1c5cb2a\" data-element_type=\"section\" data-settings=\"{&quot;background_background&quot;:&quot;classic&quot;,&quot;ekit_has_onepagescroll_dot&quot;:&quot;yes&quot;}\">\n\t\t\t\t\t\t<div class=\"elementor-container elementor-column-gap-default\">\n\t\t\t\t\t<div class=\"elementor-column elementor-col-100 elementor-top-column elementor-element elementor-element-1c5e4ab\" data-id=\"1c5e4ab\" data-element_type=\"column\">\n\t\t\t<div class=\"elementor-widget-wrap elementor-element-populated\">\n\t\t\t\t\t\t<div class=\"elementor-element elementor-element-1c63c16 elementor-widget elementor-widget-text-editor\" data-id=\"1c63c16\" data-element_type=\"widget\" data-settings=\"{&quot;ekit_we_effect_on&quot;:&quot;none&quot;}\" data-widget_type=\"text-editor.default\">\n\t\t\t\t<div class=\"elementor-widget-container\">\n\t\t\t\t\t\t\t\t\t<p><img decoding=\"async\" class=\"alignnone wp-image-16721\" src=\"https:\/\/bakushipyard.com\/wp-content\/uploads\/2022\/10\/1200px-Emblem_of_Azerbaijan_simmetric.svg.png\" alt=\"\" width=\"47\" height=\"51\" \/>Az\u0259rbaycan Respublikas\u0131n\u0131n Prezidenti c\u0259nab \u0130lham \u018fliyev 2010-cu il mart\u0131n 19-da Bak\u0131 G\u0259miqay\u0131rma Zavodunun t\u0259m\u0259lqoyma m\u0259rasimini h\u0259yata ke\u00e7irmi\u015fdir v\u0259 birg\u0259 m\u00fc\u0259ssis\u0259 10 may 2011-ci ild\u0259 Az\u0259rbaycan Respublikas\u0131n\u0131n qanunvericiliyin\u0259 uy\u011fun olaraq State Oil Company of Azerbaijan Republic (SOCAR), Azerbaijan Investment Company (AIC) v\u0259 Keppel Offshore &amp; Marine (KOM) t\u0259r\u0259find\u0259n t\u0259sis edilmi\u015fdir. M\u00fc\u0259ssis\u0259 X\u0259z\u0259r d\u0259nizind\u0259 \u0259n m\u00fcasir g\u0259miqay\u0131rma v\u0259 g\u0259mi t\u0259miri zavodunu in\u015fa ed\u0259r\u0259k istismara vermi\u015fdir.\n20 sentyabr 2013-c\u00fc ild\u0259 Bak\u0131 G\u0259miqay\u0131rma Zavodunun  r\u0259smi a\u00e7\u0131l\u0131\u015f m\u0259rasimi ke\u00e7irilmi\u015fdir.<\/p>\n<p>Bak\u0131 G\u0259miqay\u0131rma Zavodunun \u0259sas f\u0259aliyy\u0259ti d\u0259niz k\u00f6m\u0259k\u00e7i g\u0259mil\u0259rind\u0259n, \u00fcmumi t\u0259yinatl\u0131 g\u0259mil\u0259rd\u0259n, yed\u0259k g\u0259mil\u0259rind\u0259n, kran g\u0259mil\u0259rind\u0259n, ixtisasla\u015fd\u0131r\u0131lm\u0131\u015f g\u0259mil\u0259rd\u0259n v\u0259 s\u0259rni\u015fin g\u0259mil\u0259rind\u0259n tutmu\u015f tankerl\u0259r\u0259 q\u0259d\u0259r m\u00fcxt\u0259lif g\u0259mil\u0259rin in\u015fas\u0131ndan ibar\u0259tdir. Zavod eyni zamanda  bu tip g\u0259mil\u0259rin t\u0259miri v\u0259 konversiyas\u0131 (yenid\u0259n qurulmas\u0131) i\u015fl\u0259rini d\u0259 h\u0259yata ke\u00e7irir.<\/p>\n<p><span style=\"line-height: 22px;\">\u00a0<\/span><\/p>\n\t\t\t\t\t\t\t\t<\/div>\n\t\t\t\t<\/div>\n\t\t\t\t<div class=\"elementor-element elementor-element-93626e8 elementor-widget elementor-widget-image\" data-id=\"93626e8\" data-element_type=\"widget\" data-settings=\"{&quot;ekit_we_effect_on&quot;:&quot;none&quot;}\" data-widget_type=\"image.default\">\n\t\t\t\t<div class=\"elementor-widget-container\">\n\t\t\t\t\t\t\t\t\t\t\t\t\t\t\t<img fetchpriority=\"high\" decoding=\"async\" width=\"1024\" height=\"815\" src=\"https:\/\/bakushipyard.com\/wp-content\/uploads\/2022\/10\/014-1024x815-1.jpg\" class=\"attachment-large size-large wp-image-16688\" alt=\"\" srcset=\"https:\/\/bakushipyard.com\/wp-content\/uploads\/2022\/10\/014-1024x815-1.jpg 1024w, https:\/\/bakushipyard.com\/wp-content\/uploads\/2022\/10\/014-1024x815-1-300x239.jpg 300w, https:\/\/bakushipyard.com\/wp-content\/uploads\/2022\/10\/014-1024x815-1-768x611.jpg 768w, https:\/\/bakushipyard.com\/wp-content\/uploads\/2022\/10\/014-1024x815-1-900x716.jpg 900w, https:\/\/bakushipyard.com\/wp-content\/uploads\/2022\/10\/014-1024x815-1-600x478.jpg 600w\" sizes=\"(max-width: 1024px) 100vw, 1024px\" \/>\t\t\t\t\t\t\t\t\t\t\t\t\t\t\t<\/div>\n\t\t\t\t<\/div>\n\t\t\t\t<div class=\"elementor-element elementor-element-993772b elementor-widget elementor-widget-text-editor\" data-id=\"993772b\" data-element_type=\"widget\" data-settings=\"{&quot;ekit_we_effect_on&quot;:&quot;none&quot;}\" data-widget_type=\"text-editor.default\">\n\t\t\t\t<div class=\"elementor-widget-container\">\n\t\t\t\t\t\t\t\t\t<p><strong>Prezident \u0130lham \u018fliyev t\u0259m\u0259lqoyma m\u0259rasimind\u0259 i\u015ftirak edib<\/strong><\/p>\n\t\t\t\t\t\t\t\t<\/div>\n\t\t\t\t<\/div>\n\t\t\t\t<div class=\"elementor-element elementor-element-c6d901d elementor-widget elementor-widget-spacer\" data-id=\"c6d901d\" data-element_type=\"widget\" data-settings=\"{&quot;ekit_we_effect_on&quot;:&quot;none&quot;}\" data-widget_type=\"spacer.default\">\n\t\t\t\t<div class=\"elementor-widget-container\">\n\t\t\t\t\t\t\t<div class=\"elementor-spacer\">\n\t\t\t<div class=\"elementor-spacer-inner\"><\/div>\n\t\t<\/div>\n\t\t\t\t\t\t<\/div>\n\t\t\t\t<\/div>\n\t\t\t\t<div class=\"elementor-element elementor-element-df82446 elementor-widget elementor-widget-text-editor\" data-id=\"df82446\" data-element_type=\"widget\" data-settings=\"{&quot;ekit_we_effect_on&quot;:&quot;none&quot;}\" data-widget_type=\"text-editor.default\">\n\t\t\t\t<div class=\"elementor-widget-container\">\n\t\t\t\t\t\t\t\t\t<p>Heyd\u0259r \u018fliyev ad\u0131na Bak\u0131 D\u0259rin \u00d6z\u00fcll\u0259r Zavodunun yan\u0131nda tikintisi n\u0259z\u0259rd\u0259 tutulan m\u00fcasir standartlara cavab ver\u0259n g\u0259miqay\u0131rma zavodunun t\u0259m\u0259lqoyma m\u0259rasimi ba\u015f tutub. Prezident \u0130lham \u018fliyev m\u0259rasimd\u0259 i\u015ftirak edib Zavodun modeli 25.000 ton metal konstruksiya, 15.000 ton tutumlu AHTS v\u0259 ya PSV g\u0259misi olan 4 tanker (v\u0259 ya 60.000-70.000 ton tutumlu \u201cCaspian Max\u201d tip 2 tanker), 80-100 m\u00fcxt\u0259liftipli g\u0259minin t\u0259miri \u00fc\u00e7\u00fcn n\u0259z\u0259rd\u0259 tutulmu\u015fdur.<\/p>\n\t\t\t\t\t\t\t\t<\/div>\n\t\t\t\t<\/div>\n\t\t\t\t<div class=\"elementor-element elementor-element-e13fb49 elementor-arrows-position-inside elementor-pagination-position-outside elementor-widget elementor-widget-image-carousel\" data-id=\"e13fb49\" data-element_type=\"widget\" data-settings=\"{&quot;slides_to_show&quot;:&quot;1&quot;,&quot;navigation&quot;:&quot;both&quot;,&quot;autoplay&quot;:&quot;yes&quot;,&quot;pause_on_hover&quot;:&quot;yes&quot;,&quot;pause_on_interaction&quot;:&quot;yes&quot;,&quot;autoplay_speed&quot;:5000,&quot;infinite&quot;:&quot;yes&quot;,&quot;effect&quot;:&quot;slide&quot;,&quot;speed&quot;:500,&quot;ekit_we_effect_on&quot;:&quot;none&quot;}\" data-widget_type=\"image-carousel.default\">\n\t\t\t\t<div class=\"elementor-widget-container\">\n\t\t\t\t\t\t\t<div class=\"elementor-image-carousel-wrapper swiper\" role=\"region\" aria-roledescription=\"carousel\" aria-label=\"Image Carousel\" dir=\"ltr\">\n\t\t\t<div class=\"elementor-image-carousel swiper-wrapper\" aria-live=\"off\">\n\t\t\t\t\t\t\t\t<div class=\"swiper-slide\" role=\"group\" aria-roledescription=\"slide\" aria-label=\"1 of 2\"><figure class=\"swiper-slide-inner\"><img decoding=\"async\" class=\"swiper-slide-image\" src=\"https:\/\/bakushipyard.com\/wp-content\/uploads\/2022\/10\/SOCAR-Keppel-Shipyard_-01_med-res-1024x681.jpg\" alt=\"SOCAR-Keppel-Shipyard_-01_med-res\" \/><\/figure><\/div><div class=\"swiper-slide\" role=\"group\" aria-roledescription=\"slide\" aria-label=\"2 of 2\"><figure class=\"swiper-slide-inner\"><img decoding=\"async\" class=\"swiper-slide-image\" src=\"https:\/\/bakushipyard.com\/wp-content\/uploads\/2022\/10\/SOCAR-Keppel-Shipyard_-02_med-res-1024x683.jpg\" alt=\"SOCAR-Keppel-Shipyard_-02_med-res\" \/><\/figure><\/div>\t\t\t<\/div>\n\t\t\t\t\t\t\t\t\t\t\t\t<div class=\"elementor-swiper-button elementor-swiper-button-prev\" role=\"button\" tabindex=\"0\">\n\t\t\t\t\t\t<i aria-hidden=\"true\" class=\"eicon-chevron-left\"><\/i>\t\t\t\t\t<\/div>\n\t\t\t\t\t<div class=\"elementor-swiper-button elementor-swiper-button-next\" role=\"button\" tabindex=\"0\">\n\t\t\t\t\t\t<i aria-hidden=\"true\" class=\"eicon-chevron-right\"><\/i>\t\t\t\t\t<\/div>\n\t\t\t\t\n\t\t\t\t\t\t\t\t\t<div class=\"swiper-pagination\"><\/div>\n\t\t\t\t\t\t\t\t\t<\/div>\n\t\t\t\t\t\t<\/div>\n\t\t\t\t<\/div>\n\t\t\t\t<div class=\"elementor-element elementor-element-2a910b3 elementor-widget elementor-widget-text-editor\" data-id=\"2a910b3\" data-element_type=\"widget\" data-settings=\"{&quot;ekit_we_effect_on&quot;:&quot;none&quot;}\" data-widget_type=\"text-editor.default\">\n\t\t\t\t<div class=\"elementor-widget-container\">\n\t\t\t\t\t\t\t\t\t<p>Zavodun tikintisi v\u0259 istismar\u0131 \u00fczr\u0259 Az\u0259rbaycan Respublikas\u0131 D\u00f6vl\u0259t Neft \u015eirk\u0259ti, Az\u0259rbaycan \u0130nvestisiya \u015eirk\u0259ti v\u0259 Sinqapurun \u201cKeppel Offshore &amp; Marine\u201d \u015firk\u0259ti aras\u0131nda Anla\u015fma Memorandumu imzalan\u0131b. Zavodun tikintisi 3,5 il \u0259rzind\u0259 ba\u015fa \u00e7atd\u0131r\u0131lm\u0131\u015fd\u0131r.<\/p>\n\t\t\t\t\t\t\t\t<\/div>\n\t\t\t\t<\/div>\n\t\t\t\t<div class=\"elementor-element elementor-element-7afe0db elementor-widget elementor-widget-spacer\" data-id=\"7afe0db\" data-element_type=\"widget\" data-settings=\"{&quot;ekit_we_effect_on&quot;:&quot;none&quot;}\" data-widget_type=\"spacer.default\">\n\t\t\t\t<div class=\"elementor-widget-container\">\n\t\t\t\t\t\t\t<div class=\"elementor-spacer\">\n\t\t\t<div class=\"elementor-spacer-inner\"><\/div>\n\t\t<\/div>\n\t\t\t\t\t\t<\/div>\n\t\t\t\t<\/div>\n\t\t\t\t<div class=\"elementor-element elementor-element-e5fec2a elementor-widget elementor-widget-heading\" data-id=\"e5fec2a\" data-element_type=\"widget\" data-settings=\"{&quot;ekit_we_effect_on&quot;:&quot;none&quot;}\" data-widget_type=\"heading.default\">\n\t\t\t\t<div class=\"elementor-widget-container\">\n\t\t\t\t\t<h4 class=\"elementor-heading-title elementor-size-default\">Prezident \u0130lham \u018fliyev Bak\u0131 G\u0259miqay\u0131rma Zavodunun a\u00e7\u0131l\u0131\u015f m\u0259rasimind\u0259 i\u015ftirak edib<\/h4>\t\t\t\t<\/div>\n\t\t\t\t<\/div>\n\t\t\t\t<div class=\"elementor-element elementor-element-44b58d4 elementor-widget elementor-widget-text-editor\" data-id=\"44b58d4\" data-element_type=\"widget\" data-settings=\"{&quot;ekit_we_effect_on&quot;:&quot;none&quot;}\" data-widget_type=\"text-editor.default\">\n\t\t\t\t<div class=\"elementor-widget-container\">\n\t\t\t\t\t\t\t\t\t<p>20 sentyabr 2013-c\u00fc ild\u0259 Prezident \u0130lham \u018fliyev Bak\u0131 G\u0259miqay\u0131rma Zavodunun a\u00e7\u0131l\u0131\u015f m\u0259rasimind\u0259 i\u015ftirak etmi\u015fdir. Az\u0259rbaycan\u0131n iqtisadi v\u0259 s\u0259naye potensial\u0131n\u0131n m\u00f6hk\u0259ml\u0259ndirilm\u0259sind\u0259 m\u00fch\u00fcm rol oynayan Bak\u0131 G\u0259miqay\u0131rma Zavodunun tikintisi \u00f6lk\u0259d\u0259 h\u0259yata ke\u00e7iril\u0259n b\u00f6y\u00fck infrastruktur layih\u0259l\u0259rind\u0259n birin\u0259 \u00e7evrilmi\u015fdir. Zavod b\u00fct\u00fcn n\u00f6v g\u0259mil\u0259rin tikintisini, t\u0259mirini v\u0259 \u00fcmumi d\u0259niz m\u00fch\u0259ndisliyi xidm\u0259tl\u0259rini h\u0259yata ke\u00e7irir.<\/p>\n\t\t\t\t\t\t\t\t<\/div>\n\t\t\t\t<\/div>\n\t\t\t\t<div class=\"elementor-element elementor-element-08247b6 elementor-arrows-position-inside elementor-pagination-position-outside elementor-widget elementor-widget-image-carousel\" data-id=\"08247b6\" data-element_type=\"widget\" data-settings=\"{&quot;slides_to_show&quot;:&quot;1&quot;,&quot;navigation&quot;:&quot;both&quot;,&quot;autoplay&quot;:&quot;yes&quot;,&quot;pause_on_hover&quot;:&quot;yes&quot;,&quot;pause_on_interaction&quot;:&quot;yes&quot;,&quot;autoplay_speed&quot;:5000,&quot;infinite&quot;:&quot;yes&quot;,&quot;effect&quot;:&quot;slide&quot;,&quot;speed&quot;:500,&quot;ekit_we_effect_on&quot;:&quot;none&quot;}\" data-widget_type=\"image-carousel.default\">\n\t\t\t\t<div class=\"elementor-widget-container\">\n\t\t\t\t\t\t\t<div class=\"elementor-image-carousel-wrapper swiper\" role=\"region\" aria-roledescription=\"carousel\" aria-label=\"Image Carousel\" dir=\"ltr\">\n\t\t\t<div class=\"elementor-image-carousel swiper-wrapper\" aria-live=\"off\">\n\t\t\t\t\t\t\t\t<div class=\"swiper-slide\" role=\"group\" aria-roledescription=\"slide\" aria-label=\"1 of 4\"><figure class=\"swiper-slide-inner\"><img decoding=\"async\" class=\"swiper-slide-image\" src=\"https:\/\/bakushipyard.com\/wp-content\/uploads\/2022\/10\/24616-1024x717.jpg\" alt=\"24616\" \/><\/figure><\/div><div class=\"swiper-slide\" role=\"group\" aria-roledescription=\"slide\" aria-label=\"2 of 4\"><figure class=\"swiper-slide-inner\"><img decoding=\"async\" class=\"swiper-slide-image\" src=\"https:\/\/bakushipyard.com\/wp-content\/uploads\/2022\/10\/24623-1024x670.jpg\" alt=\"24623\" \/><\/figure><\/div><div class=\"swiper-slide\" role=\"group\" aria-roledescription=\"slide\" aria-label=\"3 of 4\"><figure class=\"swiper-slide-inner\"><img decoding=\"async\" class=\"swiper-slide-image\" src=\"https:\/\/bakushipyard.com\/wp-content\/uploads\/2022\/10\/24635-1024x697.jpg\" alt=\"24635\" \/><\/figure><\/div><div class=\"swiper-slide\" role=\"group\" aria-roledescription=\"slide\" aria-label=\"4 of 4\"><figure class=\"swiper-slide-inner\"><img decoding=\"async\" class=\"swiper-slide-image\" src=\"https:\/\/bakushipyard.com\/wp-content\/uploads\/2022\/10\/24639-1024x672.jpg\" alt=\"24639\" \/><\/figure><\/div>\t\t\t<\/div>\n\t\t\t\t\t\t\t\t\t\t\t\t<div class=\"elementor-swiper-button elementor-swiper-button-prev\" role=\"button\" tabindex=\"0\">\n\t\t\t\t\t\t<i aria-hidden=\"true\" class=\"eicon-chevron-left\"><\/i>\t\t\t\t\t<\/div>\n\t\t\t\t\t<div class=\"elementor-swiper-button elementor-swiper-button-next\" role=\"button\" tabindex=\"0\">\n\t\t\t\t\t\t<i aria-hidden=\"true\" class=\"eicon-chevron-right\"><\/i>\t\t\t\t\t<\/div>\n\t\t\t\t\n\t\t\t\t\t\t\t\t\t<div class=\"swiper-pagination\"><\/div>\n\t\t\t\t\t\t\t\t\t<\/div>\n\t\t\t\t\t\t<\/div>\n\t\t\t\t<\/div>\n\t\t\t\t<div class=\"elementor-element elementor-element-063b23b elementor-align-right elementor-widget elementor-widget-button\" data-id=\"063b23b\" data-element_type=\"widget\" data-settings=\"{&quot;ekit_we_effect_on&quot;:&quot;none&quot;}\" data-widget_type=\"button.default\">\n\t\t\t\t<div class=\"elementor-widget-container\">\n\t\t\t\t\t\t\t\t\t<div class=\"elementor-button-wrapper icon_align_\">\n\t\t\t\t\t<a class=\"elementor-button elementor-button-link elementor-size-sm\" href=\"https:\/\/bakushipyard.com\/az\/baku-shipyard-opening-ceremony\/\">\n\t\t\t\t\t\t<span class=\"elementor-button-content-wrapper\">\n\t\t\t\t\t\t\t\t\t<span class=\"elementor-button-text\">\u018ftrafl\u0131 m\u0259lumat<\/span>\n\t\t\t\t\t<\/span>\n\t\t\t\t\t<\/a>\n\t\t\t\t<\/div>\n\t\t\t\t\t\t\t\t<\/div>\n\t\t\t\t<\/div>\n\t\t\t\t\t<\/div>\n\t\t<\/div>\n\t\t\t\t\t<\/div>\n\t\t<\/section>\n\t\t\t\t<\/div>","protected":false},"excerpt":{"rendered":"<p>President of Azerbaijan Ilham Aliyev laid the foundation stone for Baku Shipyard on 19 March 2010 and joint venture was founded on May 10, 2011 under the laws of Republic of Azerbaijan, by the State Oil Company of Azerbaijan (SOCAR), Azerbaijan Investment Company (AIC), and Keppel Offshore Marine (KOM), has developed and put into operation<\/p>","protected":false},"author":1,"featured_media":0,"parent":0,"menu_order":0,"comment_status":"closed","ping_status":"closed","template":"","meta":{"footnotes":""},"class_list":["post-1501","page","type-page","status-publish","hentry"],"yoast_head":"<!-- This site is optimized with the Yoast SEO Premium plugin v26.7 (Yoast SEO v26.8) - https:\/\/yoast.com\/product\/yoast-seo-premium-wordpress\/ -->\n<title>Company History - Baku Shipyard LLC<\/title>\n<meta name=\"robots\" content=\"index, follow, max-snippet:-1, max-image-preview:large, max-video-preview:-1\" \/>\n<link rel=\"canonical\" href=\"https:\/\/bakushipyard.com\/az\/history\/\" \/>\n<meta property=\"og:locale\" content=\"az_AZ\" \/>\n<meta property=\"og:type\" content=\"article\" \/>\n<meta property=\"og:title\" content=\"Company History\" \/>\n<meta property=\"og:description\" content=\"President of Azerbaijan Ilham Aliyev laid the foundation stone for Baku Shipyard on 19 March 2010 and joint venture was founded on May 10, 2011 under the laws of Republic of Azerbaijan, by the State Oil Company of Azerbaijan (SOCAR), Azerbaijan Investment Company (AIC), and Keppel Offshore Marine (KOM), has developed and put into operation\" \/>\n<meta property=\"og:url\" content=\"https:\/\/bakushipyard.com\/az\/history\/\" \/>\n<meta property=\"og:site_name\" content=\"Baku Shipyard LLC\" \/>\n<meta property=\"article:publisher\" content=\"https:\/\/www.facebook.com\/bakushipyard\" \/>\n<meta property=\"article:modified_time\" content=\"2022-10-19T11:41:07+00:00\" \/>\n<meta property=\"og:image\" content=\"https:\/\/bakushipyard.com\/wp-content\/uploads\/2022\/10\/1200px-Emblem_of_Azerbaijan_simmetric.svg.png\" \/>\n<meta name=\"twitter:card\" content=\"summary_large_image\" \/>\n<meta name=\"twitter:label1\" content=\"Est. reading time\" \/>\n\t<meta name=\"twitter:data1\" content=\"2 minutes\" \/>\n<script type=\"application\/ld+json\" class=\"yoast-schema-graph\">{\"@context\":\"https:\/\/schema.org\",\"@graph\":[{\"@type\":\"WebPage\",\"@id\":\"https:\/\/bakushipyard.com\/history\/\",\"url\":\"https:\/\/bakushipyard.com\/history\/\",\"name\":\"Company History - Baku Shipyard LLC\",\"isPartOf\":{\"@id\":\"https:\/\/bakushipyard.com\/#website\"},\"primaryImageOfPage\":{\"@id\":\"https:\/\/bakushipyard.com\/history\/#primaryimage\"},\"image\":{\"@id\":\"https:\/\/bakushipyard.com\/history\/#primaryimage\"},\"thumbnailUrl\":\"https:\/\/bakushipyard.com\/wp-content\/uploads\/2022\/10\/1200px-Emblem_of_Azerbaijan_simmetric.svg.png\",\"datePublished\":\"2017-02-09T14:23:01+00:00\",\"dateModified\":\"2022-10-19T11:41:07+00:00\",\"breadcrumb\":{\"@id\":\"https:\/\/bakushipyard.com\/history\/#breadcrumb\"},\"inLanguage\":\"az\",\"potentialAction\":[{\"@type\":\"ReadAction\",\"target\":[\"https:\/\/bakushipyard.com\/history\/\"]}]},{\"@type\":\"ImageObject\",\"inLanguage\":\"az\",\"@id\":\"https:\/\/bakushipyard.com\/history\/#primaryimage\",\"url\":\"https:\/\/bakushipyard.com\/wp-content\/uploads\/2022\/10\/1200px-Emblem_of_Azerbaijan_simmetric.svg.png\",\"contentUrl\":\"https:\/\/bakushipyard.com\/wp-content\/uploads\/2022\/10\/1200px-Emblem_of_Azerbaijan_simmetric.svg.png\"},{\"@type\":\"BreadcrumbList\",\"@id\":\"https:\/\/bakushipyard.com\/history\/#breadcrumb\",\"itemListElement\":[{\"@type\":\"ListItem\",\"position\":1,\"name\":\"Home\",\"item\":\"https:\/\/bakushipyard.com\/\"},{\"@type\":\"ListItem\",\"position\":2,\"name\":\"Company History\"}]},{\"@type\":\"WebSite\",\"@id\":\"https:\/\/bakushipyard.com\/#website\",\"url\":\"https:\/\/bakushipyard.com\/\",\"name\":\"Baku Shipyard LLC\",\"description\":\"Shipbuilding | Ship Repair | Engineering\",\"publisher\":{\"@id\":\"https:\/\/bakushipyard.com\/#organization\"},\"alternateName\":\"G\u0259miqay\u0131rma Zavodu\",\"potentialAction\":[{\"@type\":\"SearchAction\",\"target\":{\"@type\":\"EntryPoint\",\"urlTemplate\":\"https:\/\/bakushipyard.com\/?s={search_term_string}\"},\"query-input\":{\"@type\":\"PropertyValueSpecification\",\"valueRequired\":true,\"valueName\":\"search_term_string\"}}],\"inLanguage\":\"az\"},{\"@type\":\"Organization\",\"@id\":\"https:\/\/bakushipyard.com\/#organization\",\"name\":\"Baku Shipyard LLC\",\"alternateName\":\"\u0411\u0430\u043a\u0438\u043d\u0441\u043a\u0438\u0439 \u0421\u0443\u0434\u043e\u0441\u0442\u0440\u043e\u0438\u0442\u0435\u043b\u044c\u043d\u044b\u0439 \u0417\u0430\u0432\u043e\u0434\",\"url\":\"https:\/\/bakushipyard.com\/\",\"logo\":{\"@type\":\"ImageObject\",\"inLanguage\":\"az\",\"@id\":\"https:\/\/bakushipyard.com\/#\/schema\/logo\/image\/\",\"url\":\"https:\/\/bakushipyard.com\/wp-content\/uploads\/2023\/02\/mid_Logotype.png\",\"contentUrl\":\"https:\/\/bakushipyard.com\/wp-content\/uploads\/2023\/02\/mid_Logotype.png\",\"width\":621,\"height\":351,\"caption\":\"Baku Shipyard LLC\"},\"image\":{\"@id\":\"https:\/\/bakushipyard.com\/#\/schema\/logo\/image\/\"},\"sameAs\":[\"https:\/\/www.facebook.com\/bakushipyard\",\"https:\/\/www.linkedin.com\/company\/2671307\"]}]}<\/script>\n<!-- \/ Yoast SEO Premium plugin. -->","yoast_head_json":{"title":"Company History - Baku Shipyard LLC","robots":{"index":"index","follow":"follow","max-snippet":"max-snippet:-1","max-image-preview":"max-image-preview:large","max-video-preview":"max-video-preview:-1"},"canonical":"https:\/\/bakushipyard.com\/az\/history\/","og_locale":"az_AZ","og_type":"article","og_title":"Company History","og_description":"President of Azerbaijan Ilham Aliyev laid the foundation stone for Baku Shipyard on 19 March 2010 and joint venture was founded on May 10, 2011 under the laws of Republic of Azerbaijan, by the State Oil Company of Azerbaijan (SOCAR), Azerbaijan Investment Company (AIC), and Keppel Offshore Marine (KOM), has developed and put into operation","og_url":"https:\/\/bakushipyard.com\/az\/history\/","og_site_name":"Baku Shipyard LLC","article_publisher":"https:\/\/www.facebook.com\/bakushipyard","article_modified_time":"2022-10-19T11:41:07+00:00","og_image":[{"url":"https:\/\/bakushipyard.com\/wp-content\/uploads\/2022\/10\/1200px-Emblem_of_Azerbaijan_simmetric.svg.png","type":"","width":"","height":""}],"twitter_card":"summary_large_image","twitter_misc":{"Est. reading time":"2 minutes"},"schema":{"@context":"https:\/\/schema.org","@graph":[{"@type":"WebPage","@id":"https:\/\/bakushipyard.com\/history\/","url":"https:\/\/bakushipyard.com\/history\/","name":"Company History - Baku Shipyard LLC","isPartOf":{"@id":"https:\/\/bakushipyard.com\/#website"},"primaryImageOfPage":{"@id":"https:\/\/bakushipyard.com\/history\/#primaryimage"},"image":{"@id":"https:\/\/bakushipyard.com\/history\/#primaryimage"},"thumbnailUrl":"https:\/\/bakushipyard.com\/wp-content\/uploads\/2022\/10\/1200px-Emblem_of_Azerbaijan_simmetric.svg.png","datePublished":"2017-02-09T14:23:01+00:00","dateModified":"2022-10-19T11:41:07+00:00","breadcrumb":{"@id":"https:\/\/bakushipyard.com\/history\/#breadcrumb"},"inLanguage":"az","potentialAction":[{"@type":"ReadAction","target":["https:\/\/bakushipyard.com\/history\/"]}]},{"@type":"ImageObject","inLanguage":"az","@id":"https:\/\/bakushipyard.com\/history\/#primaryimage","url":"https:\/\/bakushipyard.com\/wp-content\/uploads\/2022\/10\/1200px-Emblem_of_Azerbaijan_simmetric.svg.png","contentUrl":"https:\/\/bakushipyard.com\/wp-content\/uploads\/2022\/10\/1200px-Emblem_of_Azerbaijan_simmetric.svg.png"},{"@type":"BreadcrumbList","@id":"https:\/\/bakushipyard.com\/history\/#breadcrumb","itemListElement":[{"@type":"ListItem","position":1,"name":"Home","item":"https:\/\/bakushipyard.com\/"},{"@type":"ListItem","position":2,"name":"Company History"}]},{"@type":"WebSite","@id":"https:\/\/bakushipyard.com\/#website","url":"https:\/\/bakushipyard.com\/","name":"Baku Shipyard LLC","description":"Shipbuilding | Ship Repair | Engineering","publisher":{"@id":"https:\/\/bakushipyard.com\/#organization"},"alternateName":"G\u0259miqay\u0131rma Zavodu","potentialAction":[{"@type":"SearchAction","target":{"@type":"EntryPoint","urlTemplate":"https:\/\/bakushipyard.com\/?s={search_term_string}"},"query-input":{"@type":"PropertyValueSpecification","valueRequired":true,"valueName":"search_term_string"}}],"inLanguage":"az"},{"@type":"Organization","@id":"https:\/\/bakushipyard.com\/#organization","name":"Baku Shipyard LLC","alternateName":"\u0411\u0430\u043a\u0438\u043d\u0441\u043a\u0438\u0439 \u0421\u0443\u0434\u043e\u0441\u0442\u0440\u043e\u0438\u0442\u0435\u043b\u044c\u043d\u044b\u0439 \u0417\u0430\u0432\u043e\u0434","url":"https:\/\/bakushipyard.com\/","logo":{"@type":"ImageObject","inLanguage":"az","@id":"https:\/\/bakushipyard.com\/#\/schema\/logo\/image\/","url":"https:\/\/bakushipyard.com\/wp-content\/uploads\/2023\/02\/mid_Logotype.png","contentUrl":"https:\/\/bakushipyard.com\/wp-content\/uploads\/2023\/02\/mid_Logotype.png","width":621,"height":351,"caption":"Baku Shipyard LLC"},"image":{"@id":"https:\/\/bakushipyard.com\/#\/schema\/logo\/image\/"},"sameAs":["https:\/\/www.facebook.com\/bakushipyard","https:\/\/www.linkedin.com\/company\/2671307"]}]}},"_links":{"self":[{"href":"https:\/\/bakushipyard.com\/az\/wp-json\/wp\/v2\/pages\/1501","targetHints":{"allow":["GET"]}}],"collection":[{"href":"https:\/\/bakushipyard.com\/az\/wp-json\/wp\/v2\/pages"}],"about":[{"href":"https:\/\/bakushipyard.com\/az\/wp-json\/wp\/v2\/types\/page"}],"author":[{"embeddable":true,"href":"https:\/\/bakushipyard.com\/az\/wp-json\/wp\/v2\/users\/1"}],"replies":[{"embeddable":true,"href":"https:\/\/bakushipyard.com\/az\/wp-json\/wp\/v2\/comments?post=1501"}],"version-history":[{"count":0,"href":"https:\/\/bakushipyard.com\/az\/wp-json\/wp\/v2\/pages\/1501\/revisions"}],"wp:attachment":[{"href":"https:\/\/bakushipyard.com\/az\/wp-json\/wp\/v2\/media?parent=1501"}],"curies":[{"name":"wp","href":"https:\/\/api.w.org\/{rel}","templated":true}]}}